{"id":513,"date":"2025-04-22T16:48:08","date_gmt":"2025-04-22T16:48:08","guid":{"rendered":"https:\/\/www.bioslab.rs\/apoteka\/?post_type=product&#038;p=513"},"modified":"2025-11-14T12:58:24","modified_gmt":"2025-11-14T12:58:24","slug":"die-potent","status":"publish","type":"product","link":"https:\/\/www.bioslab.rs\/apoteka\/product\/die-potent\/","title":{"rendered":"Die Potent"},"content":{"rendered":"<div id=\"ez-toc-container\" class=\"ez-toc-v2_0_82_2 counter-hierarchy ez-toc-counter ez-toc-grey ez-toc-container-direction\">\n<div class=\"ez-toc-title-container\">\n<p class=\"ez-toc-title\" style=\"cursor:inherit\">Pregled sadr\u017eaja<\/p>\n<span class=\"ez-toc-title-toggle\"><a href=\"#\" class=\"ez-toc-pull-right ez-toc-btn ez-toc-btn-xs ez-toc-btn-default ez-toc-toggle\" aria-label=\"Toggle Table of Content\"><span class=\"ez-toc-js-icon-con\"><span class=\"\"><span class=\"eztoc-hide\" style=\"display:none;\">Toggle<\/span><span class=\"ez-toc-icon-toggle-span\"><svg style=\"fill: #999;color:#999\" xmlns=\"http:\/\/www.w3.org\/2000\/svg\" class=\"list-377408\" width=\"20px\" height=\"20px\" viewBox=\"0 0 24 24\" fill=\"none\"><path d=\"M6 6H4v2h2V6zm14 0H8v2h12V6zM4 11h2v2H4v-2zm16 0H8v2h12v-2zM4 16h2v2H4v-2zm16 0H8v2h12v-2z\" fill=\"currentColor\"><\/path><\/svg><svg style=\"fill: #999;color:#999\" class=\"arrow-unsorted-368013\" xmlns=\"http:\/\/www.w3.org\/2000\/svg\" width=\"10px\" height=\"10px\" viewBox=\"0 0 24 24\" version=\"1.2\" baseProfile=\"tiny\"><path d=\"M18.2 9.3l-6.2-6.3-6.2 6.3c-.2.2-.3.4-.3.7s.1.5.3.7c.2.2.4.3.7.3h11c.3 0 .5-.1.7-.3.2-.2.3-.5.3-.7s-.1-.5-.3-.7zM5.8 14.7l6.2 6.3 6.2-6.3c.2-.2.3-.5.3-.7s-.1-.5-.3-.7c-.2-.2-.4-.3-.7-.3h-11c-.3 0-.5.1-.7.3-.2.2-.3.5-.3.7s.1.5.3.7z\"\/><\/svg><\/span><\/span><\/span><\/a><\/span><\/div>\n<nav><ul class='ez-toc-list ez-toc-list-level-1 eztoc-toggle-hide-by-default' ><li class='ez-toc-page-1 ez-toc-heading-level-2'><a class=\"ez-toc-link ez-toc-heading-1\" href=\"https:\/\/www.bioslab.rs\/apoteka\/product\/die-potent\/#Kako_funkcionise_Die_Potent\" >Kako funkcioni\u0161e Die Potent?<\/a><\/li><li class='ez-toc-page-1 ez-toc-heading-level-2'><a class=\"ez-toc-link ez-toc-heading-2\" href=\"https:\/\/www.bioslab.rs\/apoteka\/product\/die-potent\/#Die_Potent_%E2%80%93_Iskustva_i_misljenja\" >Die Potent &#8211; Iskustva i mi\u0161ljenja<\/a><\/li><li class='ez-toc-page-1 ez-toc-heading-level-2'><a class=\"ez-toc-link ez-toc-heading-3\" href=\"https:\/\/www.bioslab.rs\/apoteka\/product\/die-potent\/#Die_Potent_%E2%80%93_Sastav_i_sastojci\" >Die Potent &#8211; Sastav i sastojci<\/a><\/li><li class='ez-toc-page-1 ez-toc-heading-level-2'><a class=\"ez-toc-link ez-toc-heading-4\" href=\"https:\/\/www.bioslab.rs\/apoteka\/product\/die-potent\/#Die_Potent_%E2%80%93_Prednosti_i_rezultati\" >Die Potent &#8211; Prednosti i rezultati<\/a><\/li><li class='ez-toc-page-1 ez-toc-heading-level-2'><a class=\"ez-toc-link ez-toc-heading-5\" href=\"https:\/\/www.bioslab.rs\/apoteka\/product\/die-potent\/#Gde_kupiti_Die_Potent_u_Srbiji_Apoteka_DM_Lilly\" >Gde kupiti Die Potent u Srbiji? Apoteka, DM, Lilly<\/a><\/li><li class='ez-toc-page-1 ez-toc-heading-level-2'><a class=\"ez-toc-link ez-toc-heading-6\" href=\"https:\/\/www.bioslab.rs\/apoteka\/product\/die-potent\/#Koliko_kosta_Die_Potent_Cena\" >Koliko ko\u0161ta Die Potent? Cena<\/a><\/li><li class='ez-toc-page-1 ez-toc-heading-level-2'><a class=\"ez-toc-link ez-toc-heading-7\" href=\"https:\/\/www.bioslab.rs\/apoteka\/product\/die-potent\/#Kako_se_koristi_Die_Potent_Uputstvo_za_upotrebu\" >Kako se koristi Die Potent? Uputstvo za upotrebu<\/a><\/li><li class='ez-toc-page-1 ez-toc-heading-level-2'><a class=\"ez-toc-link ez-toc-heading-8\" href=\"https:\/\/www.bioslab.rs\/apoteka\/product\/die-potent\/#Die_Potent_%E2%80%93_Kontraindikacije_i_nezeljeni_efekti\" >Die Potent &#8211; Kontraindikacije i ne\u017eeljeni efekti<\/a><\/li><\/ul><\/nav><\/div>\n<p class=\"text-body font-regular leading-[24px] pt-[9px] pb-[2px]\" dir=\"ltr\">Die Potent su kapi osmi\u0161ljene za mu\u0161karce koji \u017eele da unaprede svoju potenciju i generalnu seksualnu funkciju. Ono \u0161to ih razlikuje od drugih proizvoda na tr\u017ei\u0161tu jeste potpuno prirodna formula i jednostavna upotreba. Namenjene su onima koji se suo\u010davaju sa izazovima smanjenog libida, energije ili izdr\u017eljivosti.<\/p>\n<p class=\"text-body font-regular leading-[24px] pt-[9px] pb-[2px]\" dir=\"ltr\">Pozitivna iskustva korisnika nagla\u0161avaju da je Die Potent dugo o\u010dekivani i efikasan izbor za sve koji \u017eele dodatnu podr\u0161ku u emocionalnim i fizi\u010dkim aspektima \u017eivota.<\/p>\n<h2 class=\"font-bold text-h3 leading-[40px] pt-[21px] pb-[2px] [&amp;_a]:underline-offset-[6px] [&amp;_.underline]:underline-offset-[6px]\" dir=\"ltr\"><span class=\"ez-toc-section\" id=\"Kako_funkcionise_Die_Potent\"><\/span>Kako funkcioni\u0161e Die Potent?<span class=\"ez-toc-section-end\"><\/span><\/h2>\n<p class=\"text-body font-regular leading-[24px] pt-[9px] pb-[2px]\" dir=\"ltr\">Jedno od klju\u010dnih pitanja koje se postavlja jeste kako Die Potent zapravo funkcioni\u0161e. Ovaj preparat se bazira na sinergiji prirodnih sastojaka koji uti\u010du na pobolj\u0161anje cirkulacije, hormonalnog balansa i energetskog nivoa. Kada se pravilno koristi, Die Potent mo\u017ee doprineti pove\u0107anju seksualne \u017eelje, produ\u017eenju izdr\u017eljivosti i pobolj\u0161anju samopouzdanja.<\/p>\n<p class=\"text-body font-regular leading-[24px] pt-[9px] pb-[2px]\" dir=\"ltr\">Pored toga, proizvod podsti\u010de normalizaciju energije, \u0161to donosi benefite kako u privatnom, tako i u profesionalnom \u017eivotu.<\/p>\n<h2 class=\"font-bold text-h3 leading-[40px] pt-[21px] pb-[2px] [&amp;_a]:underline-offset-[6px] [&amp;_.underline]:underline-offset-[6px]\" dir=\"ltr\"><span class=\"ez-toc-section\" id=\"Die_Potent_%E2%80%93_Iskustva_i_misljenja\"><\/span>Die Potent &#8211; Iskustva i mi\u0161ljenja<span class=\"ez-toc-section-end\"><\/span><\/h2>\n<p class=\"text-body font-regular leading-[24px] pt-[9px] pb-[2px]\" dir=\"ltr\">Prema korisnicima, Die Potent je proizvod koji ispunjava njihova o\u010dekivanja. Ovde izdvajamo nekoliko komentara zadovoljnih kupaca:<\/p>\n<ul class=\"pt-[9px] pb-[2px] pl-[24px] list-inside list-disc pt-[5px]\">\n<li class=\"text-body font-regular leading-[24px] my-[5px] [&amp;&gt;ol]:!pt-0 [&amp;&gt;ol]:!pb-0 [&amp;&gt;ul]:!pt-0 [&amp;&gt;ul]:!pb-0\" value=\"1\"><b><strong class=\"font-bold\">Milan, 42<\/strong><\/b>: \u201eNisam verovao da prirodne kapi mogu da pru\u017ee tako dobre rezultate. Ose\u0107am se pun energije svaki dan!\u201c<\/li>\n<li class=\"text-body font-regular leading-[24px] my-[5px] [&amp;&gt;ol]:!pt-0 [&amp;&gt;ol]:!pb-0 [&amp;&gt;ul]:!pt-0 [&amp;&gt;ul]:!pb-0\" value=\"2\"><b><strong class=\"font-bold\">Igor, 38<\/strong><\/b>: \u201eDie Potent mi je pomogao da vratim samopouzdanje. Preporu\u010dujem ga svakome ko ima problema s potencijom.\u201c<\/li>\n<li class=\"text-body font-regular leading-[24px] my-[5px] [&amp;&gt;ol]:!pt-0 [&amp;&gt;ol]:!pb-0 [&amp;&gt;ul]:!pt-0 [&amp;&gt;ul]:!pb-0\" value=\"3\"><b><strong class=\"font-bold\">Nemanja, 45<\/strong><\/b>: \u201eKona\u010dno proizvod koji radi ono \u0161to obe\u0107ava! Ve\u0107 posle nekoliko dana sam primetio razliku.\u201c<\/li>\n<\/ul>\n<h2 class=\"font-bold text-h3 leading-[40px] pt-[21px] pb-[2px] [&amp;_a]:underline-offset-[6px] [&amp;_.underline]:underline-offset-[6px]\" dir=\"ltr\"><span class=\"ez-toc-section\" id=\"Die_Potent_%E2%80%93_Sastav_i_sastojci\"><\/span>Die Potent &#8211; Sastav i sastojci<span class=\"ez-toc-section-end\"><\/span><\/h2>\n<p class=\"text-body font-regular leading-[24px] pt-[9px] pb-[2px]\" dir=\"ltr\">Jedna od najva\u017enijih karakteristika Die Potenta jeste njegov pa\u017eljivo odabran prirodni sastav. Evo glavnih sastojaka i njihovih pojedina\u010dnih efekata:<\/p>\n<ul class=\"pt-[9px] pb-[2px] pl-[24px] list-inside list-disc pt-[5px]\">\n<li class=\"text-body font-regular leading-[24px] my-[5px] [&amp;&gt;ol]:!pt-0 [&amp;&gt;ol]:!pb-0 [&amp;&gt;ul]:!pt-0 [&amp;&gt;ul]:!pb-0\" value=\"1\"><b><strong class=\"font-bold\">Ekstrakt korena maka<\/strong><\/b> &#8211; Poznat po svojim afrodizija\u010dkim svojstvima, pove\u0107ava nivo energije i seksualnu izdr\u017eljivost.<\/li>\n<li class=\"text-body font-regular leading-[24px] my-[5px] [&amp;&gt;ol]:!pt-0 [&amp;&gt;ol]:!pb-0 [&amp;&gt;ul]:!pt-0 [&amp;&gt;ul]:!pb-0\" value=\"2\"><b><strong class=\"font-bold\">Ginseng<\/strong><\/b> &#8211; Pobolj\u0161ava cirkulaciju, \u0161to je klju\u010dno za odr\u017eavanje zdrave funkcije. Tako\u0111e pove\u0107ava otpornost na stres.<\/li>\n<li class=\"text-body font-regular leading-[24px] my-[5px] [&amp;&gt;ol]:!pt-0 [&amp;&gt;ol]:!pb-0 [&amp;&gt;ul]:!pt-0 [&amp;&gt;ul]:!pb-0\" value=\"3\"><b><strong class=\"font-bold\">Tribulus terestris<\/strong><\/b> &#8211; Poma\u017ee podizanju nivoa testosterona, \u0161to pobolj\u0161ava libido i fizi\u010dke performanse.<\/li>\n<li class=\"text-body font-regular leading-[24px] my-[5px] [&amp;&gt;ol]:!pt-0 [&amp;&gt;ol]:!pb-0 [&amp;&gt;ul]:!pt-0 [&amp;&gt;ul]:!pb-0\" value=\"4\"><b><strong class=\"font-bold\">L-arginin<\/strong><\/b> &#8211; Ovaj aminokiselinski dodatak uti\u010de na vazodilataciju, omogu\u0107avaju\u0107i bolji protok krvi kroz telo.<\/li>\n<\/ul>\n<p class=\"text-body font-regular leading-[24px] pt-[9px] pb-[2px]\" dir=\"ltr\">Ova kombinacija omogu\u0107ava sinergijsko dejstvo, obezbe\u0111uju\u0107i efikasnost proizvoda.<\/p>\n<h2 class=\"font-bold text-h3 leading-[40px] pt-[21px] pb-[2px] [&amp;_a]:underline-offset-[6px] [&amp;_.underline]:underline-offset-[6px]\" dir=\"ltr\"><span class=\"ez-toc-section\" id=\"Die_Potent_%E2%80%93_Prednosti_i_rezultati\"><\/span>Die Potent &#8211; Prednosti i rezultati<span class=\"ez-toc-section-end\"><\/span><\/h2>\n<p class=\"text-body font-regular leading-[24px] pt-[9px] pb-[2px]\" dir=\"ltr\">Die Potent nudi brojne prednosti za korisnike:<\/p>\n<ul class=\"pt-[9px] pb-[2px] pl-[24px] list-inside list-disc pt-[5px]\">\n<li class=\"text-body font-regular leading-[24px] my-[5px] [&amp;&gt;ol]:!pt-0 [&amp;&gt;ol]:!pb-0 [&amp;&gt;ul]:!pt-0 [&amp;&gt;ul]:!pb-0\" value=\"1\">Pove\u0107ava energiju i izdr\u017eljivost<\/li>\n<li class=\"text-body font-regular leading-[24px] my-[5px] [&amp;&gt;ol]:!pt-0 [&amp;&gt;ol]:!pb-0 [&amp;&gt;ul]:!pt-0 [&amp;&gt;ul]:!pb-0\" value=\"2\">Pobolj\u0161ava seksualnu funkciju i libido<\/li>\n<li class=\"text-body font-regular leading-[24px] my-[5px] [&amp;&gt;ol]:!pt-0 [&amp;&gt;ol]:!pb-0 [&amp;&gt;ul]:!pt-0 [&amp;&gt;ul]:!pb-0\" value=\"3\">Doprinosi boljoj cirkulaciji i hormonalnom balansu<\/li>\n<li class=\"text-body font-regular leading-[24px] my-[5px] [&amp;&gt;ol]:!pt-0 [&amp;&gt;ol]:!pb-0 [&amp;&gt;ul]:!pt-0 [&amp;&gt;ul]:!pb-0\" value=\"4\">Poja\u010dava samopouzdanje i smanjuje ose\u0107aj stresa<\/li>\n<\/ul>\n<p class=\"text-body font-regular leading-[24px] pt-[9px] pb-[2px]\" dir=\"ltr\">Rezultati zavise od individualnih faktora, ali ve\u0107ina korisnika izve\u0161tava o pozitivnim promenama ve\u0107 nakon nekoliko dana kori\u0161\u0107enja.<\/p>\n<h2 class=\"font-bold text-h3 leading-[40px] pt-[21px] pb-[2px] [&amp;_a]:underline-offset-[6px] [&amp;_.underline]:underline-offset-[6px]\" dir=\"ltr\"><span class=\"ez-toc-section\" id=\"Gde_kupiti_Die_Potent_u_Srbiji_Apoteka_DM_Lilly\"><\/span>Gde kupiti Die Potent u Srbiji? Apoteka, DM, Lilly<span class=\"ez-toc-section-end\"><\/span><\/h2>\n<p class=\"text-body font-regular leading-[24px] pt-[9px] pb-[2px]\" dir=\"ltr\">Die Potent nije dostupan u apotekama, DM-u ili Lilly prodavnicama. Mo\u017ee se kupiti isklju\u010divo na zvani\u010dnoj veb stranici proizvo\u0111a\u010da. Razlog za to je \u017eelja da se obezbedi originalnost proizvoda i izbegnu falsifikati koji su \u010desto prisutni na tr\u017ei\u0161tu. Naru\u010divanjem preko zvani\u010dne stranice, dobijate garanciju kvaliteta i originalnog proizvoda.<\/p>\n<h2 class=\"font-bold text-h3 leading-[40px] pt-[21px] pb-[2px] [&amp;_a]:underline-offset-[6px] [&amp;_.underline]:underline-offset-[6px]\" dir=\"ltr\"><span class=\"ez-toc-section\" id=\"Koliko_kosta_Die_Potent_Cena\"><\/span>Koliko ko\u0161ta Die Potent? Cena<span class=\"ez-toc-section-end\"><\/span><\/h2>\n<p class=\"text-body font-regular leading-[24px] pt-[9px] pb-[2px]\" dir=\"ltr\">Trenutna cena Die Potenta iznosi 1890 dinara. Ova cena obuhvata visokokvalitetne prirodne sastojke i garanciju zadovoljstva korisnika.<\/p>\n<h2 class=\"font-bold text-h3 leading-[40px] pt-[21px] pb-[2px] [&amp;_a]:underline-offset-[6px] [&amp;_.underline]:underline-offset-[6px]\" dir=\"ltr\"><span class=\"ez-toc-section\" id=\"Kako_se_koristi_Die_Potent_Uputstvo_za_upotrebu\"><\/span>Kako se koristi Die Potent? Uputstvo za upotrebu<span class=\"ez-toc-section-end\"><\/span><\/h2>\n<p class=\"text-body font-regular leading-[24px] pt-[9px] pb-[2px]\" dir=\"ltr\">Kapi Die Potent je lako uklju\u010diti u svakodnevnu rutinu. Evo uputstva za upotrebu:<\/p>\n<ol class=\"pt-[9px] pb-[2px] pl-[24px] list-inside list-decimal\">\n<li class=\"text-body font-regular leading-[24px] my-[5px] [&amp;&gt;ol]:!pt-0 [&amp;&gt;ol]:!pb-0 [&amp;&gt;ul]:!pt-0 [&amp;&gt;ul]:!pb-0\" value=\"1\">Promu\u0107kajte bo\u010dicu pre upotrebe.<\/li>\n<li class=\"text-body font-regular leading-[24px] my-[5px] [&amp;&gt;ol]:!pt-0 [&amp;&gt;ol]:!pb-0 [&amp;&gt;ul]:!pt-0 [&amp;&gt;ul]:!pb-0\" value=\"2\">Dodajte preporu\u010denu dozu (obi\u010dno do 10 kapi) u vodu ili drugi napitak.<\/li>\n<li class=\"text-body font-regular leading-[24px] my-[5px] [&amp;&gt;ol]:!pt-0 [&amp;&gt;ol]:!pb-0 [&amp;&gt;ul]:!pt-0 [&amp;&gt;ul]:!pb-0\" value=\"3\">Konzumirajte prema uputstvu, obi\u010dno na prazan stomak ili 30 minuta pre obroka.<\/li>\n<\/ol>\n<p class=\"text-body font-regular leading-[24px] pt-[9px] pb-[2px]\" dir=\"ltr\">Za najbolje rezultate, preporu\u010duje se redovno kori\u0161\u0107enje tokom perioda od najmanje 4 nedelje.<\/p>\n<h2 class=\"font-bold text-h3 leading-[40px] pt-[21px] pb-[2px] [&amp;_a]:underline-offset-[6px] [&amp;_.underline]:underline-offset-[6px]\" dir=\"ltr\"><span class=\"ez-toc-section\" id=\"Die_Potent_%E2%80%93_Kontraindikacije_i_nezeljeni_efekti\"><\/span>Die Potent &#8211; Kontraindikacije i ne\u017eeljeni efekti<span class=\"ez-toc-section-end\"><\/span><\/h2>\n<p class=\"text-body font-regular leading-[24px] pt-[9px] pb-[2px]\" dir=\"ltr\">Die Potent je generalno siguran za ve\u0107inu korisnika. Me\u0111utim, proizvod <b><strong class=\"font-bold\">nije pogodan<\/strong><\/b> za slede\u0107e grupe:<\/p>\n<ul class=\"pt-[9px] pb-[2px] pl-[24px] list-inside list-disc pt-[5px]\">\n<li class=\"text-body font-regular leading-[24px] my-[5px] [&amp;&gt;ol]:!pt-0 [&amp;&gt;ol]:!pb-0 [&amp;&gt;ul]:!pt-0 [&amp;&gt;ul]:!pb-0\" value=\"1\">Trudnice i dojilje<\/li>\n<li class=\"text-body font-regular leading-[24px] my-[5px] [&amp;&gt;ol]:!pt-0 [&amp;&gt;ol]:!pb-0 [&amp;&gt;ul]:!pt-0 [&amp;&gt;ul]:!pb-0\" value=\"2\">Decu mla\u0111u od 18 godina<\/li>\n<li class=\"text-body font-regular leading-[24px] my-[5px] [&amp;&gt;ol]:!pt-0 [&amp;&gt;ol]:!pb-0 [&amp;&gt;ul]:!pt-0 [&amp;&gt;ul]:!pb-0\" value=\"3\">Osobe sa alergijama na bilo koji od sastojaka<\/li>\n<\/ul>\n<p class=\"text-body font-regular leading-[24px] pt-[9px] pb-[2px]\" dir=\"ltr\">Ako se slu\u010dajno pojave ne\u017eeljeni efekti, odmah prestanite sa kori\u0161\u0107enjem i konsultujte se sa lekarom.<\/p>\n","protected":false},"excerpt":{"rendered":"<p>Die Potent su kapi osmi\u0161ljene za mu\u0161karce koji \u017eele da unaprede svoju potenciju i generalnu seksualnu funkciju. Ono \u0161to ih [&hellip;]<\/p>\n","protected":false},"featured_media":514,"template":"","meta":{"site-sidebar-layout":"default","site-content-layout":"","ast-site-content-layout":"default","site-content-style":"default","site-sidebar-style":"default","ast-global-header-display":"","ast-banner-title-visibility":"","ast-main-header-display":"","ast-hfb-above-header-display":"","ast-hfb-below-header-display":"","ast-hfb-mobile-header-display":"","site-post-title":"","ast-breadcrumbs-content":"","ast-featured-img":"","footer-sml-layout":"","ast-disable-related-posts":"","theme-transparent-header-meta":"default","adv-header-id-meta":"","stick-header-meta":"","header-above-stick-meta":"","header-main-stick-meta":"","header-below-stick-meta":"","astra-migrate-meta-layouts":"set","ast-page-background-enabled":"default","ast-page-background-meta":{"desktop":{"background-color":"var(--ast-global-color-4)","background-image":"","background-repeat":"repeat","background-position":"center center","background-size":"auto","background-attachment":"scroll","background-type":"","background-media":"","overlay-type":"","overlay-color":"","overlay-opacity":"","overlay-gradient":""},"tablet":{"background-color":"","background-image":"","background-repeat":"repeat","background-position":"center center","background-size":"auto","background-attachment":"scroll","background-type":"","background-media":"","overlay-type":"","overlay-color":"","overlay-opacity":"","overlay-gradient":""},"mobile":{"background-color":"","background-image":"","background-repeat":"repeat","background-position":"center center","background-size":"auto","background-attachment":"scroll","background-type":"","background-media":"","overlay-type":"","overlay-color":"","overlay-opacity":"","overlay-gradient":""}},"ast-content-background-meta":{"desktop":{"background-color":"var(--ast-global-color-5)","background-image":"","background-repeat":"repeat","background-position":"center center","background-size":"auto","background-attachment":"scroll","background-type":"","background-media":"","overlay-type":"","overlay-color":"","overlay-opacity":"","overlay-gradient":""},"tablet":{"background-color":"var(--ast-global-color-5)","background-image":"","background-repeat":"repeat","background-position":"center center","background-size":"auto","background-attachment":"scroll","background-type":"","background-media":"","overlay-type":"","overlay-color":"","overlay-opacity":"","overlay-gradient":""},"mobile":{"background-color":"var(--ast-global-color-5)","background-image":"","background-repeat":"repeat","background-position":"center center","background-size":"auto","background-attachment":"scroll","background-type":"","background-media":"","overlay-type":"","overlay-color":"","overlay-opacity":"","overlay-gradient":""}},"iawp_total_views":975},"product_brand":[],"product_cat":[20],"product_tag":[],"class_list":{"0":"post-513","1":"product","2":"type-product","3":"status-publish","4":"has-post-thumbnail","6":"product_cat-potencija","7":"desktop-align-left","8":"tablet-align-left","9":"mobile-align-left","11":"first","12":"instock","13":"sale","14":"shipping-taxable","15":"product-type-external"},"yoast_head":"<!-- This site is optimized with the Yoast SEO plugin v27.5 - https:\/\/yoast.com\/product\/yoast-seo-wordpress\/ -->\n<title>Die Potent - Svet Dodataka Prehrani<\/title>\n<meta name=\"robots\" content=\"index, follow, max-snippet:-1, max-image-preview:large, max-video-preview:-1\" \/>\n<link rel=\"canonical\" href=\"https:\/\/www.bioslab.rs\/apoteka\/product\/die-potent\/\" \/>\n<meta property=\"og:locale\" content=\"sr_RS\" \/>\n<meta property=\"og:type\" content=\"article\" \/>\n<meta property=\"og:title\" content=\"Die Potent - Svet Dodataka Prehrani\" \/>\n<meta property=\"og:description\" content=\"Die Potent su kapi osmi\u0161ljene za mu\u0161karce koji \u017eele da unaprede svoju potenciju i generalnu seksualnu funkciju. Ono \u0161to ih [&hellip;]\" \/>\n<meta property=\"og:url\" content=\"https:\/\/www.bioslab.rs\/apoteka\/product\/die-potent\/\" \/>\n<meta property=\"og:site_name\" content=\"Svet Dodataka Prehrani\" \/>\n<meta property=\"article:publisher\" content=\"https:\/\/www.facebook.com\/www.bioslab.rs\/\" \/>\n<meta property=\"article:modified_time\" content=\"2025-11-14T12:58:24+00:00\" \/>\n<meta property=\"og:image\" content=\"https:\/\/www.bioslab.rs\/apoteka\/wp-content\/uploads\/2025\/04\/die-potent.jpg\" \/>\n\t<meta property=\"og:image:width\" content=\"250\" \/>\n\t<meta property=\"og:image:height\" content=\"300\" \/>\n\t<meta property=\"og:image:type\" content=\"image\/jpeg\" \/>\n<meta name=\"twitter:card\" content=\"summary_large_image\" \/>\n<meta name=\"twitter:label1\" content=\"\u041f\u0440\u043e\u0446\u0435\u045a\u0435\u043d\u043e \u0432\u0440\u0435\u043c\u0435 \u0447\u0438\u0442\u0430\u045a\u0430\" \/>\n\t<meta name=\"twitter:data1\" content=\"4 \u043c\u0438\u043d\u0443\u0442\u0430\" \/>\n<script type=\"application\/ld+json\" class=\"yoast-schema-graph\">{\"@context\":\"https:\\\/\\\/schema.org\",\"@graph\":[{\"@type\":\"WebPage\",\"@id\":\"https:\\\/\\\/www.bioslab.rs\\\/apoteka\\\/product\\\/die-potent\\\/\",\"url\":\"https:\\\/\\\/www.bioslab.rs\\\/apoteka\\\/product\\\/die-potent\\\/\",\"name\":\"Die Potent - Svet Dodataka Prehrani\",\"isPartOf\":{\"@id\":\"https:\\\/\\\/www.bioslab.rs\\\/apoteka\\\/#website\"},\"primaryImageOfPage\":{\"@id\":\"https:\\\/\\\/www.bioslab.rs\\\/apoteka\\\/product\\\/die-potent\\\/#primaryimage\"},\"image\":{\"@id\":\"https:\\\/\\\/www.bioslab.rs\\\/apoteka\\\/product\\\/die-potent\\\/#primaryimage\"},\"thumbnailUrl\":\"https:\\\/\\\/www.bioslab.rs\\\/apoteka\\\/wp-content\\\/uploads\\\/2025\\\/04\\\/die-potent.jpg\",\"datePublished\":\"2025-04-22T16:48:08+00:00\",\"dateModified\":\"2025-11-14T12:58:24+00:00\",\"breadcrumb\":{\"@id\":\"https:\\\/\\\/www.bioslab.rs\\\/apoteka\\\/product\\\/die-potent\\\/#breadcrumb\"},\"inLanguage\":\"sr-RS\",\"potentialAction\":[{\"@type\":\"ReadAction\",\"target\":[\"https:\\\/\\\/www.bioslab.rs\\\/apoteka\\\/product\\\/die-potent\\\/\"]}]},{\"@type\":\"ImageObject\",\"inLanguage\":\"sr-RS\",\"@id\":\"https:\\\/\\\/www.bioslab.rs\\\/apoteka\\\/product\\\/die-potent\\\/#primaryimage\",\"url\":\"https:\\\/\\\/www.bioslab.rs\\\/apoteka\\\/wp-content\\\/uploads\\\/2025\\\/04\\\/die-potent.jpg\",\"contentUrl\":\"https:\\\/\\\/www.bioslab.rs\\\/apoteka\\\/wp-content\\\/uploads\\\/2025\\\/04\\\/die-potent.jpg\",\"width\":250,\"height\":300,\"caption\":\"die potent\"},{\"@type\":\"BreadcrumbList\",\"@id\":\"https:\\\/\\\/www.bioslab.rs\\\/apoteka\\\/product\\\/die-potent\\\/#breadcrumb\",\"itemListElement\":[{\"@type\":\"ListItem\",\"position\":1,\"name\":\"Home\",\"item\":\"https:\\\/\\\/www.bioslab.rs\\\/apoteka\\\/\"},{\"@type\":\"ListItem\",\"position\":2,\"name\":\"Dodaci Prehrani\",\"item\":\"https:\\\/\\\/www.bioslab.rs\\\/apoteka\\\/\"},{\"@type\":\"ListItem\",\"position\":3,\"name\":\"Die Potent\"}]},{\"@type\":\"WebSite\",\"@id\":\"https:\\\/\\\/www.bioslab.rs\\\/apoteka\\\/#website\",\"url\":\"https:\\\/\\\/www.bioslab.rs\\\/apoteka\\\/\",\"name\":\"Srbija Apoteka\",\"description\":\"\",\"potentialAction\":[{\"@type\":\"SearchAction\",\"target\":{\"@type\":\"EntryPoint\",\"urlTemplate\":\"https:\\\/\\\/www.bioslab.rs\\\/apoteka\\\/?s={search_term_string}\"},\"query-input\":{\"@type\":\"PropertyValueSpecification\",\"valueRequired\":true,\"valueName\":\"search_term_string\"}}],\"inLanguage\":\"sr-RS\"}]}<\/script>\n<!-- \/ Yoast SEO plugin. -->","yoast_head_json":{"title":"Die Potent - Svet Dodataka Prehrani","robots":{"index":"index","follow":"follow","max-snippet":"max-snippet:-1","max-image-preview":"max-image-preview:large","max-video-preview":"max-video-preview:-1"},"canonical":"https:\/\/www.bioslab.rs\/apoteka\/product\/die-potent\/","og_locale":"sr_RS","og_type":"article","og_title":"Die Potent - Svet Dodataka Prehrani","og_description":"Die Potent su kapi osmi\u0161ljene za mu\u0161karce koji \u017eele da unaprede svoju potenciju i generalnu seksualnu funkciju. Ono \u0161to ih [&hellip;]","og_url":"https:\/\/www.bioslab.rs\/apoteka\/product\/die-potent\/","og_site_name":"Svet Dodataka Prehrani","article_publisher":"https:\/\/www.facebook.com\/www.bioslab.rs\/","article_modified_time":"2025-11-14T12:58:24+00:00","og_image":[{"width":250,"height":300,"url":"https:\/\/www.bioslab.rs\/apoteka\/wp-content\/uploads\/2025\/04\/die-potent.jpg","type":"image\/jpeg"}],"twitter_card":"summary_large_image","twitter_misc":{"\u041f\u0440\u043e\u0446\u0435\u045a\u0435\u043d\u043e \u0432\u0440\u0435\u043c\u0435 \u0447\u0438\u0442\u0430\u045a\u0430":"4 \u043c\u0438\u043d\u0443\u0442\u0430"},"schema":{"@context":"https:\/\/schema.org","@graph":[{"@type":"WebPage","@id":"https:\/\/www.bioslab.rs\/apoteka\/product\/die-potent\/","url":"https:\/\/www.bioslab.rs\/apoteka\/product\/die-potent\/","name":"Die Potent - Svet Dodataka Prehrani","isPartOf":{"@id":"https:\/\/www.bioslab.rs\/apoteka\/#website"},"primaryImageOfPage":{"@id":"https:\/\/www.bioslab.rs\/apoteka\/product\/die-potent\/#primaryimage"},"image":{"@id":"https:\/\/www.bioslab.rs\/apoteka\/product\/die-potent\/#primaryimage"},"thumbnailUrl":"https:\/\/www.bioslab.rs\/apoteka\/wp-content\/uploads\/2025\/04\/die-potent.jpg","datePublished":"2025-04-22T16:48:08+00:00","dateModified":"2025-11-14T12:58:24+00:00","breadcrumb":{"@id":"https:\/\/www.bioslab.rs\/apoteka\/product\/die-potent\/#breadcrumb"},"inLanguage":"sr-RS","potentialAction":[{"@type":"ReadAction","target":["https:\/\/www.bioslab.rs\/apoteka\/product\/die-potent\/"]}]},{"@type":"ImageObject","inLanguage":"sr-RS","@id":"https:\/\/www.bioslab.rs\/apoteka\/product\/die-potent\/#primaryimage","url":"https:\/\/www.bioslab.rs\/apoteka\/wp-content\/uploads\/2025\/04\/die-potent.jpg","contentUrl":"https:\/\/www.bioslab.rs\/apoteka\/wp-content\/uploads\/2025\/04\/die-potent.jpg","width":250,"height":300,"caption":"die potent"},{"@type":"BreadcrumbList","@id":"https:\/\/www.bioslab.rs\/apoteka\/product\/die-potent\/#breadcrumb","itemListElement":[{"@type":"ListItem","position":1,"name":"Home","item":"https:\/\/www.bioslab.rs\/apoteka\/"},{"@type":"ListItem","position":2,"name":"Dodaci Prehrani","item":"https:\/\/www.bioslab.rs\/apoteka\/"},{"@type":"ListItem","position":3,"name":"Die Potent"}]},{"@type":"WebSite","@id":"https:\/\/www.bioslab.rs\/apoteka\/#website","url":"https:\/\/www.bioslab.rs\/apoteka\/","name":"Srbija Apoteka","description":"","potentialAction":[{"@type":"SearchAction","target":{"@type":"EntryPoint","urlTemplate":"https:\/\/www.bioslab.rs\/apoteka\/?s={search_term_string}"},"query-input":{"@type":"PropertyValueSpecification","valueRequired":true,"valueName":"search_term_string"}}],"inLanguage":"sr-RS"}]}},"_links":{"self":[{"href":"https:\/\/www.bioslab.rs\/apoteka\/wp-json\/wp\/v2\/product\/513","targetHints":{"allow":["GET"]}}],"collection":[{"href":"https:\/\/www.bioslab.rs\/apoteka\/wp-json\/wp\/v2\/product"}],"about":[{"href":"https:\/\/www.bioslab.rs\/apoteka\/wp-json\/wp\/v2\/types\/product"}],"wp:featuredmedia":[{"embeddable":true,"href":"https:\/\/www.bioslab.rs\/apoteka\/wp-json\/wp\/v2\/media\/514"}],"wp:attachment":[{"href":"https:\/\/www.bioslab.rs\/apoteka\/wp-json\/wp\/v2\/media?parent=513"}],"wp:term":[{"taxonomy":"product_brand","embeddable":true,"href":"https:\/\/www.bioslab.rs\/apoteka\/wp-json\/wp\/v2\/product_brand?post=513"},{"taxonomy":"product_cat","embeddable":true,"href":"https:\/\/www.bioslab.rs\/apoteka\/wp-json\/wp\/v2\/product_cat?post=513"},{"taxonomy":"product_tag","embeddable":true,"href":"https:\/\/www.bioslab.rs\/apoteka\/wp-json\/wp\/v2\/product_tag?post=513"}],"curies":[{"name":"wp","href":"https:\/\/api.w.org\/{rel}","templated":true}]}}