{"id":436,"date":"2025-03-12T11:18:28","date_gmt":"2025-03-12T11:18:28","guid":{"rendered":"https:\/\/www.bioslab.rs\/apoteka\/?post_type=product&#038;p=436"},"modified":"2025-03-12T11:18:29","modified_gmt":"2025-03-12T11:18:29","slug":"regeno-fit","status":"publish","type":"product","link":"https:\/\/www.bioslab.rs\/apoteka\/product\/regeno-fit\/","title":{"rendered":"Regeno Fit"},"content":{"rendered":"<div id=\"ez-toc-container\" class=\"ez-toc-v2_0_82_2 counter-hierarchy ez-toc-counter ez-toc-grey ez-toc-container-direction\">\n<div class=\"ez-toc-title-container\">\n<p class=\"ez-toc-title\" style=\"cursor:inherit\">Pregled sadr\u017eaja<\/p>\n<span class=\"ez-toc-title-toggle\"><a href=\"#\" class=\"ez-toc-pull-right ez-toc-btn ez-toc-btn-xs ez-toc-btn-default ez-toc-toggle\" aria-label=\"Toggle Table of Content\"><span class=\"ez-toc-js-icon-con\"><span class=\"\"><span class=\"eztoc-hide\" style=\"display:none;\">Toggle<\/span><span class=\"ez-toc-icon-toggle-span\"><svg style=\"fill: #999;color:#999\" xmlns=\"http:\/\/www.w3.org\/2000\/svg\" class=\"list-377408\" width=\"20px\" height=\"20px\" viewBox=\"0 0 24 24\" fill=\"none\"><path d=\"M6 6H4v2h2V6zm14 0H8v2h12V6zM4 11h2v2H4v-2zm16 0H8v2h12v-2zM4 16h2v2H4v-2zm16 0H8v2h12v-2z\" fill=\"currentColor\"><\/path><\/svg><svg style=\"fill: #999;color:#999\" class=\"arrow-unsorted-368013\" xmlns=\"http:\/\/www.w3.org\/2000\/svg\" width=\"10px\" height=\"10px\" viewBox=\"0 0 24 24\" version=\"1.2\" baseProfile=\"tiny\"><path d=\"M18.2 9.3l-6.2-6.3-6.2 6.3c-.2.2-.3.4-.3.7s.1.5.3.7c.2.2.4.3.7.3h11c.3 0 .5-.1.7-.3.2-.2.3-.5.3-.7s-.1-.5-.3-.7zM5.8 14.7l6.2 6.3 6.2-6.3c.2-.2.3-.5.3-.7s-.1-.5-.3-.7c-.2-.2-.4-.3-.7-.3h-11c-.3 0-.5.1-.7.3-.2.2-.3.5-.3.7s.1.5.3.7z\"\/><\/svg><\/span><\/span><\/span><\/a><\/span><\/div>\n<nav><ul class='ez-toc-list ez-toc-list-level-1 eztoc-toggle-hide-by-default' ><li class='ez-toc-page-1 ez-toc-heading-level-2'><a class=\"ez-toc-link ez-toc-heading-1\" href=\"https:\/\/www.bioslab.rs\/apoteka\/product\/regeno-fit\/#Regeno_Fit_%E2%80%93_Iskustva_i_misljenja\" >Regeno Fit &#8211; Iskustva i mi\u0161ljenja<\/a><\/li><li class='ez-toc-page-1 ez-toc-heading-level-2'><a class=\"ez-toc-link ez-toc-heading-2\" href=\"https:\/\/www.bioslab.rs\/apoteka\/product\/regeno-fit\/#Regeno_Fit_%E2%80%93_Sastav_i_sastojci\" >Regeno Fit &#8211; Sastav i sastojci<\/a><\/li><li class='ez-toc-page-1 ez-toc-heading-level-2'><a class=\"ez-toc-link ez-toc-heading-3\" href=\"https:\/\/www.bioslab.rs\/apoteka\/product\/regeno-fit\/#Regeno_Fit_%E2%80%93_Prednosti_i_rezultati\" >Regeno Fit &#8211; Prednosti i rezultati<\/a><\/li><li class='ez-toc-page-1 ez-toc-heading-level-2'><a class=\"ez-toc-link ez-toc-heading-4\" href=\"https:\/\/www.bioslab.rs\/apoteka\/product\/regeno-fit\/#Gde_kupiti_Regeno_Fit_u_Srbiji_Apoteka_DM_Lilly\" >Gde kupiti Regeno Fit u Srbiji? Apoteka, DM, Lilly<\/a><\/li><li class='ez-toc-page-1 ez-toc-heading-level-2'><a class=\"ez-toc-link ez-toc-heading-5\" href=\"https:\/\/www.bioslab.rs\/apoteka\/product\/regeno-fit\/#Koliko_kosta_Regeno_Fit_Cena\" >Koliko ko\u0161ta Regeno Fit? Cena<\/a><\/li><li class='ez-toc-page-1 ez-toc-heading-level-2'><a class=\"ez-toc-link ez-toc-heading-6\" href=\"https:\/\/www.bioslab.rs\/apoteka\/product\/regeno-fit\/#Kako_se_koristi_Regeno_Fit_Uputstvo_za_upotrebu\" >Kako se koristi Regeno Fit? Uputstvo za upotrebu<\/a><\/li><li class='ez-toc-page-1 ez-toc-heading-level-2'><a class=\"ez-toc-link ez-toc-heading-7\" href=\"https:\/\/www.bioslab.rs\/apoteka\/product\/regeno-fit\/#Regeno_Fit_%E2%80%93_Kontraindikacije_i_nezeljeni_efekti\" >Regeno Fit &#8211; Kontraindikacije i ne\u017eeljeni efekti<\/a><\/li><\/ul><\/nav><\/div>\n<p class=\"text-body font-regular leading-[24px] pt-[9px] pb-[2px]\" dir=\"ltr\">Regeno Fit \u0161ampon protiv opadanja kose je pa\u017eljivo razvijena formula kreirana da pomogne osobama koje se suo\u010davaju sa problemima kao \u0161to su gubitak kose, prore\u0111ena kosa i lomljenje. Ovaj specijalizovani proizvod ne samo da ja\u010da koren kose, ve\u0107 i poma\u017ee u negovanju temena glave, \u010dime doprinosi dugoro\u010dno zdravijem i gu\u0161\u0107em rastu kose.<\/p>\n<p class=\"text-body font-regular leading-[24px] pt-[9px] pb-[2px]\" dir=\"ltr\">Redovna upotreba Regeno Fit \u0161ampona omogu\u0107ava:<\/p>\n<ul class=\"pt-[9px] pb-[2px] pl-[24px] list-disc [&amp;_ul]:pt-[5px] pt-[5px]\">\n<li class=\"text-body font-regular leading-[24px] my-[5px] [&amp;&gt;ol]:!pt-0 [&amp;&gt;ol]:!pb-0 [&amp;&gt;ul]:!pt-0 [&amp;&gt;ul]:!pb-0\" value=\"1\">Ja\u010danje i elasti\u010dnost vlasi.<\/li>\n<li class=\"text-body font-regular leading-[24px] my-[5px] [&amp;&gt;ol]:!pt-0 [&amp;&gt;ol]:!pb-0 [&amp;&gt;ul]:!pt-0 [&amp;&gt;ul]:!pb-0\" value=\"2\">Smanjenje lomljenja kose.<\/li>\n<li class=\"text-body font-regular leading-[24px] my-[5px] [&amp;&gt;ol]:!pt-0 [&amp;&gt;ol]:!pb-0 [&amp;&gt;ul]:!pt-0 [&amp;&gt;ul]:!pb-0\" value=\"3\">Pove\u0107anje gustine i volumena kose.<\/li>\n<li class=\"text-body font-regular leading-[24px] my-[5px] [&amp;&gt;ol]:!pt-0 [&amp;&gt;ol]:!pb-0 [&amp;&gt;ul]:!pt-0 [&amp;&gt;ul]:!pb-0\" value=\"4\">Za\u0161titu i pobolj\u0161anje stanja ko\u017ee glave.<\/li>\n<\/ul>\n<h2 class=\"font-bold text-h3 leading-[40px] pt-[21px] pb-[2px] [&amp;_a]:underline-offset-[6px] [&amp;_.underline]:underline-offset-[6px]\" dir=\"ltr\"><span class=\"ez-toc-section\" id=\"Regeno_Fit_%E2%80%93_Iskustva_i_misljenja\"><\/span>Regeno Fit &#8211; Iskustva i mi\u0161ljenja<span class=\"ez-toc-section-end\"><\/span><\/h2>\n<p class=\"text-body font-regular leading-[24px] pt-[9px] pb-[2px]\" dir=\"ltr\">Korisnici koji su testirali Regeno Fit \u0161ampon uglavnom imaju pozitivna iskustva i zadovoljni su rezultatima. Neki od njih su podelili svoje mi\u0161ljenje:<\/p>\n<p class=\"text-body font-regular leading-[24px] pt-[9px] pb-[2px]\" dir=\"ltr\"><b><strong class=\"font-bold\">Mila (34 godine):<\/strong><\/b><\/p>\n<p class=\"text-body font-regular leading-[24px] pt-[9px] pb-[2px]\" dir=\"ltr\">&#8222;Nakon samo mesec dana kori\u0161\u0107enja Regeno Fit \u0161ampona, primetila sam zna\u010dajno smanjenje opadanja kose. Kosa mi je postala ja\u010da i sjajnija. Prezadovoljna sam!&#8220;<\/p>\n<p class=\"text-body font-regular leading-[24px] pt-[9px] pb-[2px]\" dir=\"ltr\"><b><strong class=\"font-bold\">Marko (40 godina):<\/strong><\/b><\/p>\n<p class=\"text-body font-regular leading-[24px] pt-[9px] pb-[2px]\" dir=\"ltr\">&#8222;Imao sam problem sa prore\u0111ivanjem kose godinama. Nakon \u0161to sam \u010duo za Regeno Fit, re\u0161io sam da ga probam. Iskreno, nisam o\u010dekivao \u010dudo, ali moj temen se sada ose\u0107a zdravije, a kosa mi izgleda punije.&#8220;<\/p>\n<p class=\"text-body font-regular leading-[24px] pt-[9px] pb-[2px]\" dir=\"ltr\"><b><strong class=\"font-bold\">Ana (29 godina):<\/strong><\/b><\/p>\n<p class=\"text-body font-regular leading-[24px] pt-[9px] pb-[2px]\" dir=\"ltr\">&#8222;Svaka \u010dast za proizvod! Moja kosa nije bila ovako sjajna i mekana godinama.&#8220;<\/p>\n<p class=\"text-body font-regular leading-[24px] pt-[9px] pb-[2px]\" dir=\"ltr\">Korisni\u010dka iskustva nagla\u0161avaju u\u010dinkovitost Regeno Fit \u0161ampona i potvr\u0111uju njegovu reputaciju na tr\u017ei\u0161tu.<\/p>\n<h2 class=\"font-bold text-h3 leading-[40px] pt-[21px] pb-[2px] [&amp;_a]:underline-offset-[6px] [&amp;_.underline]:underline-offset-[6px]\" dir=\"ltr\"><span class=\"ez-toc-section\" id=\"Regeno_Fit_%E2%80%93_Sastav_i_sastojci\"><\/span>Regeno Fit &#8211; Sastav i sastojci<span class=\"ez-toc-section-end\"><\/span><\/h2>\n<p class=\"text-body font-regular leading-[24px] pt-[9px] pb-[2px]\" dir=\"ltr\">Regeno Fit je napravljen od pa\u017eljivo odabranih sastojaka koji zajedno \u010dine efikasnu formulu za borbu protiv opadanja kose. Evo pregleda glavnih sastojaka i njihovih prednosti:<\/p>\n<ul class=\"pt-[9px] pb-[2px] pl-[24px] list-disc [&amp;_ul]:pt-[5px] pt-[5px]\">\n<li class=\"text-body font-regular leading-[24px] my-[5px] [&amp;&gt;ol]:!pt-0 [&amp;&gt;ol]:!pb-0 [&amp;&gt;ul]:!pt-0 [&amp;&gt;ul]:!pb-0\" value=\"1\"><b><strong class=\"font-bold\">Biotin:<\/strong><\/b> Poznat i kao vitamin B7, biotin podr\u017eava zdravlje kose tako \u0161to ja\u010da folikule dlake i poma\u017ee rastu.<\/li>\n<li class=\"text-body font-regular leading-[24px] my-[5px] [&amp;&gt;ol]:!pt-0 [&amp;&gt;ol]:!pb-0 [&amp;&gt;ul]:!pt-0 [&amp;&gt;ul]:!pb-0\" value=\"2\"><b><strong class=\"font-bold\">Arganovo ulje:<\/strong><\/b> Prirodni izvor nutrijenata koje hidratizuje i obnavlja kosu, \u010dine\u0107i je sjajnijom i mek\u0161om.<\/li>\n<li class=\"text-body font-regular leading-[24px] my-[5px] [&amp;&gt;ol]:!pt-0 [&amp;&gt;ol]:!pb-0 [&amp;&gt;ul]:!pt-0 [&amp;&gt;ul]:!pb-0\" value=\"3\"><b><strong class=\"font-bold\">Kofein:<\/strong><\/b> Pobolj\u0161ava mikrocirkulaciju ko\u017ee glave i stimuli\u0161e folikule kose, podsti\u010du\u0107i rast.<\/li>\n<li class=\"text-body font-regular leading-[24px] my-[5px] [&amp;&gt;ol]:!pt-0 [&amp;&gt;ol]:!pb-0 [&amp;&gt;ul]:!pt-0 [&amp;&gt;ul]:!pb-0\" value=\"4\"><b><strong class=\"font-bold\">Keratin:<\/strong><\/b> Obnavlja strukturu dlake, smanjuje lomljenje, i pru\u017ea kosi elasti\u010dnost.<\/li>\n<li class=\"text-body font-regular leading-[24px] my-[5px] [&amp;&gt;ol]:!pt-0 [&amp;&gt;ol]:!pb-0 [&amp;&gt;ul]:!pt-0 [&amp;&gt;ul]:!pb-0\" value=\"5\"><b><strong class=\"font-bold\">Aloe vera:<\/strong><\/b> Smiruje i neguje ko\u017eu glave, \u010dime doprinosi ukupnom zdravlju kose.<\/li>\n<\/ul>\n<p class=\"text-body font-regular leading-[24px] pt-[9px] pb-[2px]\" dir=\"ltr\">Ovi sastojci \u010dine Regeno Fit \u0161ampon idealnim re\u0161enjem za ja\u010danje, negovanje i revitalizaciju kose.<\/p>\n<h2 class=\"font-bold text-h3 leading-[40px] pt-[21px] pb-[2px] [&amp;_a]:underline-offset-[6px] [&amp;_.underline]:underline-offset-[6px]\" dir=\"ltr\"><span class=\"ez-toc-section\" id=\"Regeno_Fit_%E2%80%93_Prednosti_i_rezultati\"><\/span>Regeno Fit &#8211; Prednosti i rezultati<span class=\"ez-toc-section-end\"><\/span><\/h2>\n<p class=\"text-body font-regular leading-[24px] pt-[9px] pb-[2px]\" dir=\"ltr\">Jedna od osnovnih prednosti Regeno Fit \u0161ampona je njegov holisti\u010dki pristup nezi kose i temena glave. Prednosti uklju\u010duju:<\/p>\n<ul class=\"pt-[9px] pb-[2px] pl-[24px] list-disc [&amp;_ul]:pt-[5px] pt-[5px]\">\n<li class=\"text-body font-regular leading-[24px] my-[5px] [&amp;&gt;ol]:!pt-0 [&amp;&gt;ol]:!pb-0 [&amp;&gt;ul]:!pt-0 [&amp;&gt;ul]:!pb-0\" value=\"1\">Ja\u010danje slabih folikula dlake.<\/li>\n<li class=\"text-body font-regular leading-[24px] my-[5px] [&amp;&gt;ol]:!pt-0 [&amp;&gt;ol]:!pb-0 [&amp;&gt;ul]:!pt-0 [&amp;&gt;ul]:!pb-0\" value=\"2\">Intenzivnu hidrataciju suve i lomljive kose.<\/li>\n<li class=\"text-body font-regular leading-[24px] my-[5px] [&amp;&gt;ol]:!pt-0 [&amp;&gt;ol]:!pb-0 [&amp;&gt;ul]:!pt-0 [&amp;&gt;ul]:!pb-0\" value=\"3\">Smanjenje prore\u0111ivanja i opadanja vlasi.<\/li>\n<li class=\"text-body font-regular leading-[24px] my-[5px] [&amp;&gt;ol]:!pt-0 [&amp;&gt;ol]:!pb-0 [&amp;&gt;ul]:!pt-0 [&amp;&gt;ul]:!pb-0\" value=\"4\">Pobolj\u0161anje ukupnog kvaliteta dlake.<\/li>\n<\/ul>\n<p class=\"text-body font-regular leading-[24px] pt-[9px] pb-[2px]\" dir=\"ltr\">Prvi rezultati mogu se primetiti ve\u0107 nakon nekoliko nedelja upotrebe, dok redovna upotreba donosi dugoro\u010dne promene i pobolj\u0161anje stanja kose.<\/p>\n<h2 class=\"font-bold text-h3 leading-[40px] pt-[21px] pb-[2px] [&amp;_a]:underline-offset-[6px] [&amp;_.underline]:underline-offset-[6px]\" dir=\"ltr\"><span class=\"ez-toc-section\" id=\"Gde_kupiti_Regeno_Fit_u_Srbiji_Apoteka_DM_Lilly\"><\/span>Gde kupiti Regeno Fit u Srbiji? Apoteka, DM, Lilly<span class=\"ez-toc-section-end\"><\/span><\/h2>\n<p class=\"text-body font-regular leading-[24px] pt-[9px] pb-[2px]\" dir=\"ltr\">Regeno Fit \u0161ampon nije dostupan u apotekama poput DM-a i Lilly-ja. Umesto toga, proizvod se mo\u017ee kupiti isklju\u010divo putem zvani\u010dne veb stranice proizvo\u0111a\u010da. Ovaj pristup garantuje originalnost proizvoda i omogu\u0107ava korisnicima sigurnu kupovinu direktno od proizvo\u0111a\u010da.<\/p>\n<p class=\"text-body font-regular leading-[24px] pt-[9px] pb-[2px]\" dir=\"ltr\">Izbegavanjem posrednika i maloprodajnih lanaca, cena ostaje pristupa\u010dnija, a klijenti dobijaju najsve\u017eije proizvode.<\/p>\n<h2 class=\"font-bold text-h3 leading-[40px] pt-[21px] pb-[2px] [&amp;_a]:underline-offset-[6px] [&amp;_.underline]:underline-offset-[6px]\" dir=\"ltr\"><span class=\"ez-toc-section\" id=\"Koliko_kosta_Regeno_Fit_Cena\"><\/span>Koliko ko\u0161ta Regeno Fit? Cena<span class=\"ez-toc-section-end\"><\/span><\/h2>\n<p class=\"text-body font-regular leading-[24px] pt-[9px] pb-[2px]\" dir=\"ltr\">Cena jednog pakovanja \u0161ampona Regeno Fit iznosi <b><strong class=\"font-bold\">3,700 dinara<\/strong><\/b>. S obzirom na kvalitet i koli\u010dinu proizvoda, ova cena ga svrstava u pristupa\u010dne opcije s obzirom na profesionalni kvalitet koji nudi.<\/p>\n<h2 class=\"font-bold text-h3 leading-[40px] pt-[21px] pb-[2px] [&amp;_a]:underline-offset-[6px] [&amp;_.underline]:underline-offset-[6px]\" dir=\"ltr\"><span class=\"ez-toc-section\" id=\"Kako_se_koristi_Regeno_Fit_Uputstvo_za_upotrebu\"><\/span>Kako se koristi Regeno Fit? Uputstvo za upotrebu<span class=\"ez-toc-section-end\"><\/span><\/h2>\n<p class=\"text-body font-regular leading-[24px] pt-[9px] pb-[2px]\" dir=\"ltr\">Za maksimalne rezultate, preporu\u010duje se slede\u0107i na\u010din kori\u0161\u0107enja:<\/p>\n<ol class=\"pt-[9px] pb-[2px] pl-[24px] [&amp;_ol]:pt-[5px] list-decimal\">\n<li class=\"text-body font-regular leading-[24px] my-[5px] [&amp;&gt;ol]:!pt-0 [&amp;&gt;ol]:!pb-0 [&amp;&gt;ul]:!pt-0 [&amp;&gt;ul]:!pb-0\" value=\"1\">Navla\u017eite kosu toplom vodom.<\/li>\n<li class=\"text-body font-regular leading-[24px] my-[5px] [&amp;&gt;ol]:!pt-0 [&amp;&gt;ol]:!pb-0 [&amp;&gt;ul]:!pt-0 [&amp;&gt;ul]:!pb-0\" value=\"2\">Nanesite malu koli\u010dinu \u0161ampona na teme i umasirajte kru\u017enim pokretima 2-3 minuta.<\/li>\n<li class=\"text-body font-regular leading-[24px] my-[5px] [&amp;&gt;ol]:!pt-0 [&amp;&gt;ol]:!pb-0 [&amp;&gt;ul]:!pt-0 [&amp;&gt;ul]:!pb-0\" value=\"3\">Ostavite da \u0161ampon stoji jo\u0161 nekoliko minuta pre ispiranja.<\/li>\n<li class=\"text-body font-regular leading-[24px] my-[5px] [&amp;&gt;ol]:!pt-0 [&amp;&gt;ol]:!pb-0 [&amp;&gt;ul]:!pt-0 [&amp;&gt;ul]:!pb-0\" value=\"4\">Temeljno isperite toplom vodom.<\/li>\n<\/ol>\n<p class=\"text-body font-regular leading-[24px] pt-[9px] pb-[2px]\" dir=\"ltr\">\u0160ampon se mo\u017ee koristiti 2-4 puta nedeljno, u zavisnosti od va\u0161ih potreba.<\/p>\n<h2 class=\"font-bold text-h3 leading-[40px] pt-[21px] pb-[2px] [&amp;_a]:underline-offset-[6px] [&amp;_.underline]:underline-offset-[6px]\" dir=\"ltr\"><span class=\"ez-toc-section\" id=\"Regeno_Fit_%E2%80%93_Kontraindikacije_i_nezeljeni_efekti\"><\/span>Regeno Fit &#8211; Kontraindikacije i ne\u017eeljeni efekti<span class=\"ez-toc-section-end\"><\/span><\/h2>\n<p class=\"text-body font-regular leading-[24px] pt-[9px] pb-[2px]\" dir=\"ltr\">Regeno Fit je generalno bezbedan za upotrebu. Me\u0111utim, postoji nekoliko va\u017enih napomena:<\/p>\n<ul class=\"pt-[9px] pb-[2px] pl-[24px] list-disc [&amp;_ul]:pt-[5px] pt-[5px]\">\n<li class=\"text-body font-regular leading-[24px] my-[5px] [&amp;&gt;ol]:!pt-0 [&amp;&gt;ol]:!pb-0 [&amp;&gt;ul]:!pt-0 [&amp;&gt;ul]:!pb-0\" value=\"1\">Nije pogodan za decu.<\/li>\n<li class=\"text-body font-regular leading-[24px] my-[5px] [&amp;&gt;ol]:!pt-0 [&amp;&gt;ol]:!pb-0 [&amp;&gt;ul]:!pt-0 [&amp;&gt;ul]:!pb-0\" value=\"2\">Ne preporu\u010duje se osobama sa alergijama na bilo koji od sastojaka.<\/li>\n<\/ul>\n<p class=\"text-body font-regular leading-[24px] pt-[9px] pb-[2px]\" dir=\"ltr\">Ako se primete bilo kakvi ne\u017eeljeni efekti, prekinite upotrebu i konsultujte se sa dermatologom.<\/p>\n","protected":false},"excerpt":{"rendered":"<p>Regeno Fit \u0161ampon protiv opadanja kose je pa\u017eljivo razvijena formula kreirana da pomogne osobama koje se suo\u010davaju sa problemima kao [&hellip;]<\/p>\n","protected":false},"featured_media":437,"template":"","meta":{"site-sidebar-layout":"default","site-content-layout":"","ast-site-content-layout":"default","site-content-style":"default","site-sidebar-style":"default","ast-global-header-display":"","ast-banner-title-visibility":"","ast-main-header-display":"","ast-hfb-above-header-display":"","ast-hfb-below-header-display":"","ast-hfb-mobile-header-display":"","site-post-title":"","ast-breadcrumbs-content":"","ast-featured-img":"","footer-sml-layout":"","ast-disable-related-posts":"","theme-transparent-header-meta":"default","adv-header-id-meta":"","stick-header-meta":"","header-above-stick-meta":"","header-main-stick-meta":"","header-below-stick-meta":"","astra-migrate-meta-layouts":"set","ast-page-background-enabled":"default","ast-page-background-meta":{"desktop":{"background-color":"var(--ast-global-color-4)","background-image":"","background-repeat":"repeat","background-position":"center center","background-size":"auto","background-attachment":"scroll","background-type":"","background-media":"","overlay-type":"","overlay-color":"","overlay-opacity":"","overlay-gradient":""},"tablet":{"background-color":"","background-image":"","background-repeat":"repeat","background-position":"center center","background-size":"auto","background-attachment":"scroll","background-type":"","background-media":"","overlay-type":"","overlay-color":"","overlay-opacity":"","overlay-gradient":""},"mobile":{"background-color":"","background-image":"","background-repeat":"repeat","background-position":"center center","background-size":"auto","background-attachment":"scroll","background-type":"","background-media":"","overlay-type":"","overlay-color":"","overlay-opacity":"","overlay-gradient":""}},"ast-content-background-meta":{"desktop":{"background-color":"var(--ast-global-color-5)","background-image":"","background-repeat":"repeat","background-position":"center center","background-size":"auto","background-attachment":"scroll","background-type":"","background-media":"","overlay-type":"","overlay-color":"","overlay-opacity":"","overlay-gradient":""},"tablet":{"background-color":"var(--ast-global-color-5)","background-image":"","background-repeat":"repeat","background-position":"center center","background-size":"auto","background-attachment":"scroll","background-type":"","background-media":"","overlay-type":"","overlay-color":"","overlay-opacity":"","overlay-gradient":""},"mobile":{"background-color":"var(--ast-global-color-5)","background-image":"","background-repeat":"repeat","background-position":"center center","background-size":"auto","background-attachment":"scroll","background-type":"","background-media":"","overlay-type":"","overlay-color":"","overlay-opacity":"","overlay-gradient":""}},"iawp_total_views":25},"product_brand":[],"product_cat":[19],"product_tag":[],"class_list":{"0":"post-436","1":"product","2":"type-product","3":"status-publish","4":"has-post-thumbnail","6":"product_cat-ljepota","7":"desktop-align-left","8":"tablet-align-left","9":"mobile-align-left","11":"first","12":"instock","13":"sale","14":"shipping-taxable","15":"purchasable","16":"product-type-simple"},"yoast_head":"<!-- This site is optimized with the Yoast SEO plugin v27.4 - https:\/\/yoast.com\/product\/yoast-seo-wordpress\/ -->\n<title>Regeno Fit - Svet Dodataka Prehrani<\/title>\n<meta name=\"robots\" content=\"index, follow, max-snippet:-1, max-image-preview:large, max-video-preview:-1\" \/>\n<link rel=\"canonical\" href=\"http:\/\/www.bioslab.rs\/apoteka\/product\/regeno-fit\/\" \/>\n<meta property=\"og:locale\" content=\"sr_RS\" \/>\n<meta property=\"og:type\" content=\"article\" \/>\n<meta property=\"og:title\" content=\"Regeno Fit - Svet Dodataka Prehrani\" \/>\n<meta property=\"og:description\" content=\"Regeno Fit \u0161ampon protiv opadanja kose je pa\u017eljivo razvijena formula kreirana da pomogne osobama koje se suo\u010davaju sa problemima kao [&hellip;]\" \/>\n<meta property=\"og:url\" content=\"http:\/\/www.bioslab.rs\/apoteka\/product\/regeno-fit\/\" \/>\n<meta property=\"og:site_name\" content=\"Svet Dodataka Prehrani\" \/>\n<meta property=\"article:publisher\" content=\"https:\/\/www.facebook.com\/www.bioslab.rs\/\" \/>\n<meta property=\"article:modified_time\" content=\"2025-03-12T11:18:29+00:00\" \/>\n<meta property=\"og:image\" content=\"http:\/\/www.bioslab.rs\/apoteka\/wp-content\/uploads\/2025\/03\/regeno-fit.jpg\" \/>\n\t<meta property=\"og:image:width\" content=\"250\" \/>\n\t<meta property=\"og:image:height\" content=\"300\" \/>\n\t<meta property=\"og:image:type\" content=\"image\/jpeg\" \/>\n<meta name=\"twitter:card\" content=\"summary_large_image\" \/>\n<meta name=\"twitter:label1\" content=\"\u041f\u0440\u043e\u0446\u0435\u045a\u0435\u043d\u043e \u0432\u0440\u0435\u043c\u0435 \u0447\u0438\u0442\u0430\u045a\u0430\" \/>\n\t<meta name=\"twitter:data1\" content=\"4 \u043c\u0438\u043d\u0443\u0442\u0430\" \/>\n<script type=\"application\/ld+json\" class=\"yoast-schema-graph\">{\"@context\":\"https:\\\/\\\/schema.org\",\"@graph\":[{\"@type\":\"WebPage\",\"@id\":\"http:\\\/\\\/www.bioslab.rs\\\/apoteka\\\/product\\\/regeno-fit\\\/\",\"url\":\"http:\\\/\\\/www.bioslab.rs\\\/apoteka\\\/product\\\/regeno-fit\\\/\",\"name\":\"Regeno Fit - Svet Dodataka Prehrani\",\"isPartOf\":{\"@id\":\"https:\\\/\\\/www.bioslab.rs\\\/apoteka\\\/#website\"},\"primaryImageOfPage\":{\"@id\":\"http:\\\/\\\/www.bioslab.rs\\\/apoteka\\\/product\\\/regeno-fit\\\/#primaryimage\"},\"image\":{\"@id\":\"http:\\\/\\\/www.bioslab.rs\\\/apoteka\\\/product\\\/regeno-fit\\\/#primaryimage\"},\"thumbnailUrl\":\"https:\\\/\\\/www.bioslab.rs\\\/apoteka\\\/wp-content\\\/uploads\\\/2025\\\/03\\\/regeno-fit.jpg\",\"datePublished\":\"2025-03-12T11:18:28+00:00\",\"dateModified\":\"2025-03-12T11:18:29+00:00\",\"breadcrumb\":{\"@id\":\"http:\\\/\\\/www.bioslab.rs\\\/apoteka\\\/product\\\/regeno-fit\\\/#breadcrumb\"},\"inLanguage\":\"sr-RS\",\"potentialAction\":[{\"@type\":\"ReadAction\",\"target\":[\"http:\\\/\\\/www.bioslab.rs\\\/apoteka\\\/product\\\/regeno-fit\\\/\"]}]},{\"@type\":\"ImageObject\",\"inLanguage\":\"sr-RS\",\"@id\":\"http:\\\/\\\/www.bioslab.rs\\\/apoteka\\\/product\\\/regeno-fit\\\/#primaryimage\",\"url\":\"https:\\\/\\\/www.bioslab.rs\\\/apoteka\\\/wp-content\\\/uploads\\\/2025\\\/03\\\/regeno-fit.jpg\",\"contentUrl\":\"https:\\\/\\\/www.bioslab.rs\\\/apoteka\\\/wp-content\\\/uploads\\\/2025\\\/03\\\/regeno-fit.jpg\",\"width\":250,\"height\":300,\"caption\":\"regeno fit\"},{\"@type\":\"BreadcrumbList\",\"@id\":\"http:\\\/\\\/www.bioslab.rs\\\/apoteka\\\/product\\\/regeno-fit\\\/#breadcrumb\",\"itemListElement\":[{\"@type\":\"ListItem\",\"position\":1,\"name\":\"Home\",\"item\":\"https:\\\/\\\/www.bioslab.rs\\\/apoteka\\\/\"},{\"@type\":\"ListItem\",\"position\":2,\"name\":\"Dodaci Prehrani\",\"item\":\"https:\\\/\\\/www.bioslab.rs\\\/apoteka\\\/\"},{\"@type\":\"ListItem\",\"position\":3,\"name\":\"Regeno Fit\"}]},{\"@type\":\"WebSite\",\"@id\":\"https:\\\/\\\/www.bioslab.rs\\\/apoteka\\\/#website\",\"url\":\"https:\\\/\\\/www.bioslab.rs\\\/apoteka\\\/\",\"name\":\"Srbija Apoteka\",\"description\":\"\",\"potentialAction\":[{\"@type\":\"SearchAction\",\"target\":{\"@type\":\"EntryPoint\",\"urlTemplate\":\"https:\\\/\\\/www.bioslab.rs\\\/apoteka\\\/?s={search_term_string}\"},\"query-input\":{\"@type\":\"PropertyValueSpecification\",\"valueRequired\":true,\"valueName\":\"search_term_string\"}}],\"inLanguage\":\"sr-RS\"}]}<\/script>\n<!-- \/ Yoast SEO plugin. -->","yoast_head_json":{"title":"Regeno Fit - Svet Dodataka Prehrani","robots":{"index":"index","follow":"follow","max-snippet":"max-snippet:-1","max-image-preview":"max-image-preview:large","max-video-preview":"max-video-preview:-1"},"canonical":"http:\/\/www.bioslab.rs\/apoteka\/product\/regeno-fit\/","og_locale":"sr_RS","og_type":"article","og_title":"Regeno Fit - Svet Dodataka Prehrani","og_description":"Regeno Fit \u0161ampon protiv opadanja kose je pa\u017eljivo razvijena formula kreirana da pomogne osobama koje se suo\u010davaju sa problemima kao [&hellip;]","og_url":"http:\/\/www.bioslab.rs\/apoteka\/product\/regeno-fit\/","og_site_name":"Svet Dodataka Prehrani","article_publisher":"https:\/\/www.facebook.com\/www.bioslab.rs\/","article_modified_time":"2025-03-12T11:18:29+00:00","og_image":[{"width":250,"height":300,"url":"http:\/\/www.bioslab.rs\/apoteka\/wp-content\/uploads\/2025\/03\/regeno-fit.jpg","type":"image\/jpeg"}],"twitter_card":"summary_large_image","twitter_misc":{"\u041f\u0440\u043e\u0446\u0435\u045a\u0435\u043d\u043e \u0432\u0440\u0435\u043c\u0435 \u0447\u0438\u0442\u0430\u045a\u0430":"4 \u043c\u0438\u043d\u0443\u0442\u0430"},"schema":{"@context":"https:\/\/schema.org","@graph":[{"@type":"WebPage","@id":"http:\/\/www.bioslab.rs\/apoteka\/product\/regeno-fit\/","url":"http:\/\/www.bioslab.rs\/apoteka\/product\/regeno-fit\/","name":"Regeno Fit - Svet Dodataka Prehrani","isPartOf":{"@id":"https:\/\/www.bioslab.rs\/apoteka\/#website"},"primaryImageOfPage":{"@id":"http:\/\/www.bioslab.rs\/apoteka\/product\/regeno-fit\/#primaryimage"},"image":{"@id":"http:\/\/www.bioslab.rs\/apoteka\/product\/regeno-fit\/#primaryimage"},"thumbnailUrl":"https:\/\/www.bioslab.rs\/apoteka\/wp-content\/uploads\/2025\/03\/regeno-fit.jpg","datePublished":"2025-03-12T11:18:28+00:00","dateModified":"2025-03-12T11:18:29+00:00","breadcrumb":{"@id":"http:\/\/www.bioslab.rs\/apoteka\/product\/regeno-fit\/#breadcrumb"},"inLanguage":"sr-RS","potentialAction":[{"@type":"ReadAction","target":["http:\/\/www.bioslab.rs\/apoteka\/product\/regeno-fit\/"]}]},{"@type":"ImageObject","inLanguage":"sr-RS","@id":"http:\/\/www.bioslab.rs\/apoteka\/product\/regeno-fit\/#primaryimage","url":"https:\/\/www.bioslab.rs\/apoteka\/wp-content\/uploads\/2025\/03\/regeno-fit.jpg","contentUrl":"https:\/\/www.bioslab.rs\/apoteka\/wp-content\/uploads\/2025\/03\/regeno-fit.jpg","width":250,"height":300,"caption":"regeno fit"},{"@type":"BreadcrumbList","@id":"http:\/\/www.bioslab.rs\/apoteka\/product\/regeno-fit\/#breadcrumb","itemListElement":[{"@type":"ListItem","position":1,"name":"Home","item":"https:\/\/www.bioslab.rs\/apoteka\/"},{"@type":"ListItem","position":2,"name":"Dodaci Prehrani","item":"https:\/\/www.bioslab.rs\/apoteka\/"},{"@type":"ListItem","position":3,"name":"Regeno Fit"}]},{"@type":"WebSite","@id":"https:\/\/www.bioslab.rs\/apoteka\/#website","url":"https:\/\/www.bioslab.rs\/apoteka\/","name":"Srbija Apoteka","description":"","potentialAction":[{"@type":"SearchAction","target":{"@type":"EntryPoint","urlTemplate":"https:\/\/www.bioslab.rs\/apoteka\/?s={search_term_string}"},"query-input":{"@type":"PropertyValueSpecification","valueRequired":true,"valueName":"search_term_string"}}],"inLanguage":"sr-RS"}]}},"_links":{"self":[{"href":"https:\/\/www.bioslab.rs\/apoteka\/wp-json\/wp\/v2\/product\/436","targetHints":{"allow":["GET"]}}],"collection":[{"href":"https:\/\/www.bioslab.rs\/apoteka\/wp-json\/wp\/v2\/product"}],"about":[{"href":"https:\/\/www.bioslab.rs\/apoteka\/wp-json\/wp\/v2\/types\/product"}],"wp:featuredmedia":[{"embeddable":true,"href":"https:\/\/www.bioslab.rs\/apoteka\/wp-json\/wp\/v2\/media\/437"}],"wp:attachment":[{"href":"https:\/\/www.bioslab.rs\/apoteka\/wp-json\/wp\/v2\/media?parent=436"}],"wp:term":[{"taxonomy":"product_brand","embeddable":true,"href":"https:\/\/www.bioslab.rs\/apoteka\/wp-json\/wp\/v2\/product_brand?post=436"},{"taxonomy":"product_cat","embeddable":true,"href":"https:\/\/www.bioslab.rs\/apoteka\/wp-json\/wp\/v2\/product_cat?post=436"},{"taxonomy":"product_tag","embeddable":true,"href":"https:\/\/www.bioslab.rs\/apoteka\/wp-json\/wp\/v2\/product_tag?post=436"}],"curies":[{"name":"wp","href":"https:\/\/api.w.org\/{rel}","templated":true}]}}