{"id":313,"date":"2024-12-15T18:53:41","date_gmt":"2024-12-15T18:53:41","guid":{"rendered":"https:\/\/www.bioslab.rs\/apoteka\/?post_type=product&#038;p=313"},"modified":"2024-12-15T18:53:41","modified_gmt":"2024-12-15T18:53:41","slug":"brea-up","status":"publish","type":"product","link":"https:\/\/www.bioslab.rs\/apoteka\/product\/brea-up\/","title":{"rendered":"Brea UP"},"content":{"rendered":"<div id=\"ez-toc-container\" class=\"ez-toc-v2_0_82_2 counter-hierarchy ez-toc-counter ez-toc-grey ez-toc-container-direction\">\n<div class=\"ez-toc-title-container\">\n<p class=\"ez-toc-title\" style=\"cursor:inherit\">Pregled sadr\u017eaja<\/p>\n<span class=\"ez-toc-title-toggle\"><a href=\"#\" class=\"ez-toc-pull-right ez-toc-btn ez-toc-btn-xs ez-toc-btn-default ez-toc-toggle\" aria-label=\"Toggle Table of Content\"><span class=\"ez-toc-js-icon-con\"><span class=\"\"><span class=\"eztoc-hide\" style=\"display:none;\">Toggle<\/span><span class=\"ez-toc-icon-toggle-span\"><svg style=\"fill: #999;color:#999\" xmlns=\"http:\/\/www.w3.org\/2000\/svg\" class=\"list-377408\" width=\"20px\" height=\"20px\" viewBox=\"0 0 24 24\" fill=\"none\"><path d=\"M6 6H4v2h2V6zm14 0H8v2h12V6zM4 11h2v2H4v-2zm16 0H8v2h12v-2zM4 16h2v2H4v-2zm16 0H8v2h12v-2z\" fill=\"currentColor\"><\/path><\/svg><svg style=\"fill: #999;color:#999\" class=\"arrow-unsorted-368013\" xmlns=\"http:\/\/www.w3.org\/2000\/svg\" width=\"10px\" height=\"10px\" viewBox=\"0 0 24 24\" version=\"1.2\" baseProfile=\"tiny\"><path d=\"M18.2 9.3l-6.2-6.3-6.2 6.3c-.2.2-.3.4-.3.7s.1.5.3.7c.2.2.4.3.7.3h11c.3 0 .5-.1.7-.3.2-.2.3-.5.3-.7s-.1-.5-.3-.7zM5.8 14.7l6.2 6.3 6.2-6.3c.2-.2.3-.5.3-.7s-.1-.5-.3-.7c-.2-.2-.4-.3-.7-.3h-11c-.3 0-.5.1-.7.3-.2.2-.3.5-.3.7s.1.5.3.7z\"\/><\/svg><\/span><\/span><\/span><\/a><\/span><\/div>\n<nav><ul class='ez-toc-list ez-toc-list-level-1 eztoc-toggle-hide-by-default' ><li class='ez-toc-page-1 ez-toc-heading-level-2'><a class=\"ez-toc-link ez-toc-heading-1\" href=\"https:\/\/www.bioslab.rs\/apoteka\/product\/brea-up\/#Kako_funkcionise_Brea_UP\" >Kako funkcioni\u0161e Brea UP?<\/a><\/li><li class='ez-toc-page-1 ez-toc-heading-level-2'><a class=\"ez-toc-link ez-toc-heading-2\" href=\"https:\/\/www.bioslab.rs\/apoteka\/product\/brea-up\/#Brea_UP_%E2%80%93_Iskustva_i_misljenja\" >Brea UP \u2013 Iskustva i mi\u0161ljenja<\/a><\/li><li class='ez-toc-page-1 ez-toc-heading-level-2'><a class=\"ez-toc-link ez-toc-heading-3\" href=\"https:\/\/www.bioslab.rs\/apoteka\/product\/brea-up\/#Brea_UP_%E2%80%93_Sastav_i_sastojci\" >Brea UP \u2013 Sastav i sastojci<\/a><\/li><li class='ez-toc-page-1 ez-toc-heading-level-2'><a class=\"ez-toc-link ez-toc-heading-4\" href=\"https:\/\/www.bioslab.rs\/apoteka\/product\/brea-up\/#Brea_UP_%E2%80%93_Prednosti_i_rezultati\" >Brea UP \u2013 Prednosti i rezultati<\/a><\/li><li class='ez-toc-page-1 ez-toc-heading-level-2'><a class=\"ez-toc-link ez-toc-heading-5\" href=\"https:\/\/www.bioslab.rs\/apoteka\/product\/brea-up\/#Gde_kupiti_Brea_UP_u_Srbiji_Apoteka_DM_Lilly\" >Gde kupiti Brea UP u Srbiji? Apoteka, DM, Lilly<\/a><\/li><li class='ez-toc-page-1 ez-toc-heading-level-2'><a class=\"ez-toc-link ez-toc-heading-6\" href=\"https:\/\/www.bioslab.rs\/apoteka\/product\/brea-up\/#Koliko_kosta_Brea_UP_Cena\" >Koliko ko\u0161ta Brea UP? Cena<\/a><\/li><li class='ez-toc-page-1 ez-toc-heading-level-2'><a class=\"ez-toc-link ez-toc-heading-7\" href=\"https:\/\/www.bioslab.rs\/apoteka\/product\/brea-up\/#Kako_se_koristi_Brea_UP_Uputstvo_za_upotrebu\" >Kako se koristi Brea UP? Uputstvo za upotrebu<\/a><\/li><li class='ez-toc-page-1 ez-toc-heading-level-2'><a class=\"ez-toc-link ez-toc-heading-8\" href=\"https:\/\/www.bioslab.rs\/apoteka\/product\/brea-up\/#Brea_UP_%E2%80%93_Kontraindikacije_i_nezeljeni_efekti\" >Brea UP \u2013 Kontraindikacije i ne\u017eeljeni efekti<\/a><\/li><\/ul><\/nav><\/div>\n<p class=\"text-body font-regular leading-[24px] pt-[9px] pb-[2px]\" dir=\"ltr\">Brea UP je krema specijalno dizajnirana za \u017eene koje \u017eele da uve\u0107aju i pobolj\u0161aju oblik svojih grudi na prirodan na\u010din. Ova krema koristi pa\u017eljivo odabrane sastojke koji poma\u017eu da va\u0161e grudi izgledaju punije, \u010dvr\u0161\u0107e i estetski privla\u010dnije. Njena efikasnost dolazi iz sinergije prirodnih komponenti i napredne formule koja podsti\u010de regeneraciju ko\u017ee i potko\u017enih tkiva.<\/p>\n<h2 class=\"font-bold text-h3 leading-[40px] pt-[21px] pb-[2px] [&amp;_a]:underline-offset-[6px] [&amp;_.underline]:underline-offset-[6px]\" dir=\"ltr\"><span class=\"ez-toc-section\" id=\"Kako_funkcionise_Brea_UP\"><\/span>Kako funkcioni\u0161e Brea UP?<span class=\"ez-toc-section-end\"><\/span><\/h2>\n<p class=\"text-body font-regular leading-[24px] pt-[9px] pb-[2px]\" dir=\"ltr\">Brea UP koristi mo\u0107ne prirodne sastojke koji stimuli\u0161u cirkulaciju, hidriraju ko\u017eu i podsti\u010du proizvodnju kolagena. Krema se nanosi direktno na ko\u017eu dojki, gde prodire duboko u slojeve ko\u017ee, pobolj\u0161ava elasti\u010dnost i podsti\u010de rast potko\u017enih tkiva. Rezultat? Obimnije i lep\u0161e definisane grudi, bez ikakvog rizika po va\u0161e zdravlje.<\/p>\n<h2 class=\"font-bold text-h3 leading-[40px] pt-[21px] pb-[2px] [&amp;_a]:underline-offset-[6px] [&amp;_.underline]:underline-offset-[6px]\" dir=\"ltr\"><span class=\"ez-toc-section\" id=\"Brea_UP_%E2%80%93_Iskustva_i_misljenja\"><\/span>Brea UP \u2013 Iskustva i mi\u0161ljenja<span class=\"ez-toc-section-end\"><\/span><\/h2>\n<p class=\"text-body font-regular leading-[24px] pt-[9px] pb-[2px]\" dir=\"ltr\">Prema iskustvima korisnica, Brea UP donosi vidljive rezultate ve\u0107 nakon nekoliko nedelja redovnog kori\u0161\u0107enja. Evo \u0161ta su neke od njih podelile sa nama:<\/p>\n<ul class=\"pt-[9px] pb-[2px] pl-[24px] list-disc [&amp;_ul]:pt-[5px] pt-[5px]\">\n<li class=\"text-body font-regular leading-[24px] my-[5px] [&amp;&gt;ol]:!pt-0 [&amp;&gt;ol]:!pb-0 [&amp;&gt;ul]:!pt-0 [&amp;&gt;ul]:!pb-0\" value=\"1\"><b><strong class=\"font-bold\">Ana, 34 godine<\/strong><\/b> \u2013 \u201eRezultati su fenomenalni! Moje grudi izgledaju punije i ko\u017ea je toliko hidrirana. Ovaj proizvod \u0107u sigurno nastaviti da koristim!\u201c<\/li>\n<li class=\"text-body font-regular leading-[24px] my-[5px] [&amp;&gt;ol]:!pt-0 [&amp;&gt;ol]:!pb-0 [&amp;&gt;ul]:!pt-0 [&amp;&gt;ul]:!pb-0\" value=\"2\"><b><strong class=\"font-bold\">Mila, 28 godina<\/strong><\/b> \u2013 \u201eBrea UP je sve \u0161to sam \u017eelela. Nisam o\u010dekivala ovako brze promene. Plus, miris kreme mi je prelep!\u201c<\/li>\n<li class=\"text-body font-regular leading-[24px] my-[5px] [&amp;&gt;ol]:!pt-0 [&amp;&gt;ol]:!pb-0 [&amp;&gt;ul]:!pt-0 [&amp;&gt;ul]:!pb-0\" value=\"3\"><b><strong class=\"font-bold\">Jovana, 40 godina<\/strong><\/b> \u2013 \u201eIskrena preporuka za sve \u017eene koje tra\u017ee prirodno re\u0161enje. Vidljiv efekat, a tako jednostavna za upotrebu.\u201c<\/li>\n<\/ul>\n<h2 class=\"font-bold text-h3 leading-[40px] pt-[21px] pb-[2px] [&amp;_a]:underline-offset-[6px] [&amp;_.underline]:underline-offset-[6px]\" dir=\"ltr\"><span class=\"ez-toc-section\" id=\"Brea_UP_%E2%80%93_Sastav_i_sastojci\"><\/span>Brea UP \u2013 Sastav i sastojci<span class=\"ez-toc-section-end\"><\/span><\/h2>\n<p class=\"text-body font-regular leading-[24px] pt-[9px] pb-[2px]\" dir=\"ltr\">Brea UP krema se isti\u010de svojom pa\u017eljivo odabranom formulom. Evo klju\u010dnih sastojaka i njihovih blagodeti:<\/p>\n<ul class=\"pt-[9px] pb-[2px] pl-[24px] list-disc [&amp;_ul]:pt-[5px] pt-[5px]\">\n<li class=\"text-body font-regular leading-[24px] my-[5px] [&amp;&gt;ol]:!pt-0 [&amp;&gt;ol]:!pb-0 [&amp;&gt;ul]:!pt-0 [&amp;&gt;ul]:!pb-0\" value=\"1\"><b><strong class=\"font-bold\">Hidrolizirani kolagen<\/strong><\/b> \u2013 Pobolj\u0161ava elasti\u010dnost ko\u017ee i podsti\u010de regeneraciju.<\/li>\n<li class=\"text-body font-regular leading-[24px] my-[5px] [&amp;&gt;ol]:!pt-0 [&amp;&gt;ol]:!pb-0 [&amp;&gt;ul]:!pt-0 [&amp;&gt;ul]:!pb-0\" value=\"2\"><b><strong class=\"font-bold\">Centella Asiatica<\/strong><\/b> \u2013 Poznata po sposobnosti da zate\u017ee ko\u017eu i pobolj\u0161ava cirkulaciju.<\/li>\n<li class=\"text-body font-regular leading-[24px] my-[5px] [&amp;&gt;ol]:!pt-0 [&amp;&gt;ol]:!pb-0 [&amp;&gt;ul]:!pt-0 [&amp;&gt;ul]:!pb-0\" value=\"3\"><b><strong class=\"font-bold\">Ekstrakt br\u0161ljana<\/strong><\/b> \u2013 Poma\u017ee u detoksikaciji ko\u017ee i ja\u010danju potko\u017enog tkiva.<\/li>\n<li class=\"text-body font-regular leading-[24px] my-[5px] [&amp;&gt;ol]:!pt-0 [&amp;&gt;ol]:!pb-0 [&amp;&gt;ul]:!pt-0 [&amp;&gt;ul]:!pb-0\" value=\"4\"><b><strong class=\"font-bold\">Ekstrakt listova masline<\/strong><\/b> \u2013 Dubinski hidrira i \u010dini ko\u017eu glatkom.<\/li>\n<li class=\"text-body font-regular leading-[24px] my-[5px] [&amp;&gt;ol]:!pt-0 [&amp;&gt;ol]:!pb-0 [&amp;&gt;ul]:!pt-0 [&amp;&gt;ul]:!pb-0\" value=\"5\"><b><strong class=\"font-bold\">Fitoestrogeni<\/strong><\/b> \u2013 Podsti\u010du rast grudi na potpuno prirodan na\u010din.<\/li>\n<li class=\"text-body font-regular leading-[24px] my-[5px] [&amp;&gt;ol]:!pt-0 [&amp;&gt;ol]:!pb-0 [&amp;&gt;ul]:!pt-0 [&amp;&gt;ul]:!pb-0\" value=\"6\"><b><strong class=\"font-bold\">Arginin<\/strong><\/b> \u2013 Aminokiselina koja pospe\u0161uje mikrocirkulaciju, omogu\u0107avaju\u0107i bolju apsorpciju aktivnih sastojaka.<\/li>\n<li class=\"text-body font-regular leading-[24px] my-[5px] [&amp;&gt;ol]:!pt-0 [&amp;&gt;ol]:!pb-0 [&amp;&gt;ul]:!pt-0 [&amp;&gt;ul]:!pb-0\" value=\"7\"><b><strong class=\"font-bold\">Jojoba ulje<\/strong><\/b> \u2013 Hrani ko\u017eu, \u010dini je mekanom i spre\u010dava isu\u0161ivanje.<\/li>\n<\/ul>\n<h2 class=\"font-bold text-h3 leading-[40px] pt-[21px] pb-[2px] [&amp;_a]:underline-offset-[6px] [&amp;_.underline]:underline-offset-[6px]\" dir=\"ltr\"><span class=\"ez-toc-section\" id=\"Brea_UP_%E2%80%93_Prednosti_i_rezultati\"><\/span>Brea UP \u2013 Prednosti i rezultati<span class=\"ez-toc-section-end\"><\/span><\/h2>\n<p class=\"text-body font-regular leading-[24px] pt-[9px] pb-[2px]\" dir=\"ltr\">Kori\u0161\u0107enje Brea UP kreme donosi brojne prednosti:<\/p>\n<ul class=\"pt-[9px] pb-[2px] pl-[24px] list-disc [&amp;_ul]:pt-[5px] pt-[5px]\">\n<li class=\"text-body font-regular leading-[24px] my-[5px] [&amp;&gt;ol]:!pt-0 [&amp;&gt;ol]:!pb-0 [&amp;&gt;ul]:!pt-0 [&amp;&gt;ul]:!pb-0\" value=\"1\"><b><strong class=\"font-bold\">Prirodan efekat pove\u0107anja grudi<\/strong><\/b> \u2013 Bez operacija i hemikalija.<\/li>\n<li class=\"text-body font-regular leading-[24px] my-[5px] [&amp;&gt;ol]:!pt-0 [&amp;&gt;ol]:!pb-0 [&amp;&gt;ul]:!pt-0 [&amp;&gt;ul]:!pb-0\" value=\"2\"><b><strong class=\"font-bold\">Hidratacija i regeneracija ko\u017ee<\/strong><\/b> \u2013 Grudi izgledaju mladoliko i zategnuto.<\/li>\n<li class=\"text-body font-regular leading-[24px] my-[5px] [&amp;&gt;ol]:!pt-0 [&amp;&gt;ol]:!pb-0 [&amp;&gt;ul]:!pt-0 [&amp;&gt;ul]:!pb-0\" value=\"3\"><b><strong class=\"font-bold\">Brzi rezultati<\/strong><\/b> \u2013 Promene su vidljive ve\u0107 nakon nekoliko nedelja redovne primene.<\/li>\n<li class=\"text-body font-regular leading-[24px] my-[5px] [&amp;&gt;ol]:!pt-0 [&amp;&gt;ol]:!pb-0 [&amp;&gt;ul]:!pt-0 [&amp;&gt;ul]:!pb-0\" value=\"4\"><b><strong class=\"font-bold\">Jednostavna primena<\/strong><\/b> \u2013 Bezbolan i prakti\u010dan proces bez potencijalnih rizika.<\/li>\n<\/ul>\n<p class=\"text-body font-regular leading-[24px] pt-[9px] pb-[2px]\" dir=\"ltr\">Rezultati uklju\u010duju pove\u0107anje \u010dvrstine, pobolj\u0161anje oblika i uve\u0107anje grudi za \u010dak jedan broj.<\/p>\n<h2 class=\"font-bold text-h3 leading-[40px] pt-[21px] pb-[2px] [&amp;_a]:underline-offset-[6px] [&amp;_.underline]:underline-offset-[6px]\" dir=\"ltr\"><span class=\"ez-toc-section\" id=\"Gde_kupiti_Brea_UP_u_Srbiji_Apoteka_DM_Lilly\"><\/span>Gde kupiti Brea UP u Srbiji? Apoteka, DM, Lilly<span class=\"ez-toc-section-end\"><\/span><\/h2>\n<p class=\"text-body font-regular leading-[24px] pt-[9px] pb-[2px]\" dir=\"ltr\">Brea UP NE mo\u017eete prona\u0107i u prodavnicama poput DM-a ili Lilly-ja, niti u apotekama. Ova krema se isklju\u010divo prodaje na <b><strong class=\"font-bold\">zvani\u010dnoj veb stranici proizvo\u0111a\u010da<\/strong><\/b>. Kupovina direktno od proizvo\u0111a\u010da garantuje originalan proizvod i \u0161titi vas od falsifikata koji se mogu na\u0107i na tr\u017ei\u0161tu.<\/p>\n<h2 class=\"font-bold text-h3 leading-[40px] pt-[21px] pb-[2px] [&amp;_a]:underline-offset-[6px] [&amp;_.underline]:underline-offset-[6px]\" dir=\"ltr\"><span class=\"ez-toc-section\" id=\"Koliko_kosta_Brea_UP_Cena\"><\/span>Koliko ko\u0161ta Brea UP? Cena<span class=\"ez-toc-section-end\"><\/span><\/h2>\n<p class=\"text-body font-regular leading-[24px] pt-[9px] pb-[2px]\" dir=\"ltr\">Cena Brea UP kreme je <b><strong class=\"font-bold\">3700 dinara<\/strong><\/b>. Periodi\u010dne promocije omogu\u0107avaju u\u0161tede, stoga <b><strong class=\"font-bold\">proverite dostupne ponude na zvani\u010dnoj veb stranici proizvo\u0111a\u010da<\/strong><\/b>.<\/p>\n<h2 class=\"font-bold text-h3 leading-[40px] pt-[21px] pb-[2px] [&amp;_a]:underline-offset-[6px] [&amp;_.underline]:underline-offset-[6px]\" dir=\"ltr\"><span class=\"ez-toc-section\" id=\"Kako_se_koristi_Brea_UP_Uputstvo_za_upotrebu\"><\/span>Kako se koristi Brea UP? Uputstvo za upotrebu<span class=\"ez-toc-section-end\"><\/span><\/h2>\n<p class=\"text-body font-regular leading-[24px] pt-[9px] pb-[2px]\" dir=\"ltr\">Upotreba Brea UP kreme je jednostavna i traje samo nekoliko minuta dnevno:<\/p>\n<ol class=\"pt-[9px] pb-[2px] pl-[24px] [&amp;_ol]:pt-[5px] list-decimal\">\n<li class=\"text-body font-regular leading-[24px] my-[5px] [&amp;&gt;ol]:!pt-0 [&amp;&gt;ol]:!pb-0 [&amp;&gt;ul]:!pt-0 [&amp;&gt;ul]:!pb-0\" value=\"1\">Nanesite kremu na \u010distu ko\u017eu grudi.<\/li>\n<li class=\"text-body font-regular leading-[24px] my-[5px] [&amp;&gt;ol]:!pt-0 [&amp;&gt;ol]:!pb-0 [&amp;&gt;ul]:!pt-0 [&amp;&gt;ul]:!pb-0\" value=\"2\">Masirajte svaku dojku <b><strong class=\"font-bold\">5\u201310 minuta<\/strong><\/b> dok se krema u potpunosti ne upije.<\/li>\n<li class=\"text-body font-regular leading-[24px] my-[5px] [&amp;&gt;ol]:!pt-0 [&amp;&gt;ol]:!pb-0 [&amp;&gt;ul]:!pt-0 [&amp;&gt;ul]:!pb-0\" value=\"3\">Ponavljajte postupak na drugoj dojci, koriste\u0107i kru\u017ene pokrete.<\/li>\n<\/ol>\n<p class=\"text-body font-regular leading-[24px] pt-[9px] pb-[2px]\" dir=\"ltr\">Za optimalne rezultate, preporu\u010duje se primena <b><strong class=\"font-bold\">dva puta dnevno<\/strong><\/b>, ujutru i uve\u010de.<\/p>\n<h2 class=\"font-bold text-h3 leading-[40px] pt-[21px] pb-[2px] [&amp;_a]:underline-offset-[6px] [&amp;_.underline]:underline-offset-[6px]\" dir=\"ltr\"><span class=\"ez-toc-section\" id=\"Brea_UP_%E2%80%93_Kontraindikacije_i_nezeljeni_efekti\"><\/span>Brea UP \u2013 Kontraindikacije i ne\u017eeljeni efekti<span class=\"ez-toc-section-end\"><\/span><\/h2>\n<p class=\"text-body font-regular leading-[24px] pt-[9px] pb-[2px]\" dir=\"ltr\">Brea UP je formulisan da bude siguran za ve\u0107inu korisnica. Me\u0111utim, proizvod <b><strong class=\"font-bold\">nije pogodan za decu<\/strong><\/b> niti za osobe koje su alergi\u010dne na bilo koji od njegovih sastojaka. Pre upotrebe, preporu\u010duje se pa\u017eljivo \u010ditanje uputstva i konsultacija sa stru\u010dnjakom u slu\u010daju bilo kakve nepoznate alergijske reakcije.<\/p>\n","protected":false},"excerpt":{"rendered":"<p>Brea UP je krema specijalno dizajnirana za \u017eene koje \u017eele da uve\u0107aju i pobolj\u0161aju oblik svojih grudi na prirodan na\u010din. [&hellip;]<\/p>\n","protected":false},"featured_media":314,"template":"","meta":{"site-sidebar-layout":"default","site-content-layout":"","ast-site-content-layout":"default","site-content-style":"default","site-sidebar-style":"default","ast-global-header-display":"","ast-banner-title-visibility":"","ast-main-header-display":"","ast-hfb-above-header-display":"","ast-hfb-below-header-display":"","ast-hfb-mobile-header-display":"","site-post-title":"","ast-breadcrumbs-content":"","ast-featured-img":"","footer-sml-layout":"","ast-disable-related-posts":"","theme-transparent-header-meta":"default","adv-header-id-meta":"","stick-header-meta":"","header-above-stick-meta":"","header-main-stick-meta":"","header-below-stick-meta":"","astra-migrate-meta-layouts":"set","ast-page-background-enabled":"default","ast-page-background-meta":{"desktop":{"background-color":"var(--ast-global-color-4)","background-image":"","background-repeat":"repeat","background-position":"center center","background-size":"auto","background-attachment":"scroll","background-type":"","background-media":"","overlay-type":"","overlay-color":"","overlay-opacity":"","overlay-gradient":""},"tablet":{"background-color":"","background-image":"","background-repeat":"repeat","background-position":"center center","background-size":"auto","background-attachment":"scroll","background-type":"","background-media":"","overlay-type":"","overlay-color":"","overlay-opacity":"","overlay-gradient":""},"mobile":{"background-color":"","background-image":"","background-repeat":"repeat","background-position":"center center","background-size":"auto","background-attachment":"scroll","background-type":"","background-media":"","overlay-type":"","overlay-color":"","overlay-opacity":"","overlay-gradient":""}},"ast-content-background-meta":{"desktop":{"background-color":"var(--ast-global-color-5)","background-image":"","background-repeat":"repeat","background-position":"center center","background-size":"auto","background-attachment":"scroll","background-type":"","background-media":"","overlay-type":"","overlay-color":"","overlay-opacity":"","overlay-gradient":""},"tablet":{"background-color":"var(--ast-global-color-5)","background-image":"","background-repeat":"repeat","background-position":"center center","background-size":"auto","background-attachment":"scroll","background-type":"","background-media":"","overlay-type":"","overlay-color":"","overlay-opacity":"","overlay-gradient":""},"mobile":{"background-color":"var(--ast-global-color-5)","background-image":"","background-repeat":"repeat","background-position":"center center","background-size":"auto","background-attachment":"scroll","background-type":"","background-media":"","overlay-type":"","overlay-color":"","overlay-opacity":"","overlay-gradient":""}},"iawp_total_views":78},"product_brand":[],"product_cat":[19],"product_tag":[],"class_list":{"0":"post-313","1":"product","2":"type-product","3":"status-publish","4":"has-post-thumbnail","6":"product_cat-ljepota","7":"desktop-align-left","8":"tablet-align-left","9":"mobile-align-left","11":"first","12":"instock","13":"sale","14":"shipping-taxable","15":"purchasable","16":"product-type-simple"},"yoast_head":"<!-- This site is optimized with the Yoast SEO plugin v27.4 - https:\/\/yoast.com\/product\/yoast-seo-wordpress\/ -->\n<title>Brea UP - Svet Dodataka Prehrani<\/title>\n<meta name=\"robots\" content=\"index, follow, max-snippet:-1, max-image-preview:large, max-video-preview:-1\" \/>\n<link rel=\"canonical\" href=\"http:\/\/www.bioslab.rs\/apoteka\/product\/brea-up\/\" \/>\n<meta property=\"og:locale\" content=\"sr_RS\" \/>\n<meta property=\"og:type\" content=\"article\" \/>\n<meta property=\"og:title\" content=\"Brea UP - Svet Dodataka Prehrani\" \/>\n<meta property=\"og:description\" content=\"Brea UP je krema specijalno dizajnirana za \u017eene koje \u017eele da uve\u0107aju i pobolj\u0161aju oblik svojih grudi na prirodan na\u010din. [&hellip;]\" \/>\n<meta property=\"og:url\" content=\"http:\/\/www.bioslab.rs\/apoteka\/product\/brea-up\/\" \/>\n<meta property=\"og:site_name\" content=\"Svet Dodataka Prehrani\" \/>\n<meta property=\"article:publisher\" content=\"https:\/\/www.facebook.com\/www.bioslab.rs\/\" \/>\n<meta property=\"og:image\" content=\"http:\/\/www.bioslab.rs\/apoteka\/wp-content\/uploads\/2024\/12\/brea-up.jpg\" \/>\n\t<meta property=\"og:image:width\" content=\"250\" \/>\n\t<meta property=\"og:image:height\" content=\"300\" \/>\n\t<meta property=\"og:image:type\" content=\"image\/jpeg\" \/>\n<meta name=\"twitter:card\" content=\"summary_large_image\" \/>\n<meta name=\"twitter:label1\" content=\"\u041f\u0440\u043e\u0446\u0435\u045a\u0435\u043d\u043e \u0432\u0440\u0435\u043c\u0435 \u0447\u0438\u0442\u0430\u045a\u0430\" \/>\n\t<meta name=\"twitter:data1\" content=\"4 \u043c\u0438\u043d\u0443\u0442\u0430\" \/>\n<script type=\"application\/ld+json\" class=\"yoast-schema-graph\">{\"@context\":\"https:\\\/\\\/schema.org\",\"@graph\":[{\"@type\":\"WebPage\",\"@id\":\"http:\\\/\\\/www.bioslab.rs\\\/apoteka\\\/product\\\/brea-up\\\/\",\"url\":\"http:\\\/\\\/www.bioslab.rs\\\/apoteka\\\/product\\\/brea-up\\\/\",\"name\":\"Brea UP - Svet Dodataka Prehrani\",\"isPartOf\":{\"@id\":\"https:\\\/\\\/www.bioslab.rs\\\/apoteka\\\/#website\"},\"primaryImageOfPage\":{\"@id\":\"http:\\\/\\\/www.bioslab.rs\\\/apoteka\\\/product\\\/brea-up\\\/#primaryimage\"},\"image\":{\"@id\":\"http:\\\/\\\/www.bioslab.rs\\\/apoteka\\\/product\\\/brea-up\\\/#primaryimage\"},\"thumbnailUrl\":\"https:\\\/\\\/www.bioslab.rs\\\/apoteka\\\/wp-content\\\/uploads\\\/2024\\\/12\\\/brea-up.jpg\",\"datePublished\":\"2024-12-15T18:53:41+00:00\",\"breadcrumb\":{\"@id\":\"http:\\\/\\\/www.bioslab.rs\\\/apoteka\\\/product\\\/brea-up\\\/#breadcrumb\"},\"inLanguage\":\"sr-RS\",\"potentialAction\":[{\"@type\":\"ReadAction\",\"target\":[\"http:\\\/\\\/www.bioslab.rs\\\/apoteka\\\/product\\\/brea-up\\\/\"]}]},{\"@type\":\"ImageObject\",\"inLanguage\":\"sr-RS\",\"@id\":\"http:\\\/\\\/www.bioslab.rs\\\/apoteka\\\/product\\\/brea-up\\\/#primaryimage\",\"url\":\"https:\\\/\\\/www.bioslab.rs\\\/apoteka\\\/wp-content\\\/uploads\\\/2024\\\/12\\\/brea-up.jpg\",\"contentUrl\":\"https:\\\/\\\/www.bioslab.rs\\\/apoteka\\\/wp-content\\\/uploads\\\/2024\\\/12\\\/brea-up.jpg\",\"width\":250,\"height\":300,\"caption\":\"brea up\"},{\"@type\":\"BreadcrumbList\",\"@id\":\"http:\\\/\\\/www.bioslab.rs\\\/apoteka\\\/product\\\/brea-up\\\/#breadcrumb\",\"itemListElement\":[{\"@type\":\"ListItem\",\"position\":1,\"name\":\"Home\",\"item\":\"https:\\\/\\\/www.bioslab.rs\\\/apoteka\\\/\"},{\"@type\":\"ListItem\",\"position\":2,\"name\":\"Dodaci Prehrani\",\"item\":\"https:\\\/\\\/www.bioslab.rs\\\/apoteka\\\/\"},{\"@type\":\"ListItem\",\"position\":3,\"name\":\"Brea UP\"}]},{\"@type\":\"WebSite\",\"@id\":\"https:\\\/\\\/www.bioslab.rs\\\/apoteka\\\/#website\",\"url\":\"https:\\\/\\\/www.bioslab.rs\\\/apoteka\\\/\",\"name\":\"Srbija Apoteka\",\"description\":\"\",\"potentialAction\":[{\"@type\":\"SearchAction\",\"target\":{\"@type\":\"EntryPoint\",\"urlTemplate\":\"https:\\\/\\\/www.bioslab.rs\\\/apoteka\\\/?s={search_term_string}\"},\"query-input\":{\"@type\":\"PropertyValueSpecification\",\"valueRequired\":true,\"valueName\":\"search_term_string\"}}],\"inLanguage\":\"sr-RS\"}]}<\/script>\n<!-- \/ Yoast SEO plugin. -->","yoast_head_json":{"title":"Brea UP - Svet Dodataka Prehrani","robots":{"index":"index","follow":"follow","max-snippet":"max-snippet:-1","max-image-preview":"max-image-preview:large","max-video-preview":"max-video-preview:-1"},"canonical":"http:\/\/www.bioslab.rs\/apoteka\/product\/brea-up\/","og_locale":"sr_RS","og_type":"article","og_title":"Brea UP - Svet Dodataka Prehrani","og_description":"Brea UP je krema specijalno dizajnirana za \u017eene koje \u017eele da uve\u0107aju i pobolj\u0161aju oblik svojih grudi na prirodan na\u010din. [&hellip;]","og_url":"http:\/\/www.bioslab.rs\/apoteka\/product\/brea-up\/","og_site_name":"Svet Dodataka Prehrani","article_publisher":"https:\/\/www.facebook.com\/www.bioslab.rs\/","og_image":[{"width":250,"height":300,"url":"http:\/\/www.bioslab.rs\/apoteka\/wp-content\/uploads\/2024\/12\/brea-up.jpg","type":"image\/jpeg"}],"twitter_card":"summary_large_image","twitter_misc":{"\u041f\u0440\u043e\u0446\u0435\u045a\u0435\u043d\u043e \u0432\u0440\u0435\u043c\u0435 \u0447\u0438\u0442\u0430\u045a\u0430":"4 \u043c\u0438\u043d\u0443\u0442\u0430"},"schema":{"@context":"https:\/\/schema.org","@graph":[{"@type":"WebPage","@id":"http:\/\/www.bioslab.rs\/apoteka\/product\/brea-up\/","url":"http:\/\/www.bioslab.rs\/apoteka\/product\/brea-up\/","name":"Brea UP - Svet Dodataka Prehrani","isPartOf":{"@id":"https:\/\/www.bioslab.rs\/apoteka\/#website"},"primaryImageOfPage":{"@id":"http:\/\/www.bioslab.rs\/apoteka\/product\/brea-up\/#primaryimage"},"image":{"@id":"http:\/\/www.bioslab.rs\/apoteka\/product\/brea-up\/#primaryimage"},"thumbnailUrl":"https:\/\/www.bioslab.rs\/apoteka\/wp-content\/uploads\/2024\/12\/brea-up.jpg","datePublished":"2024-12-15T18:53:41+00:00","breadcrumb":{"@id":"http:\/\/www.bioslab.rs\/apoteka\/product\/brea-up\/#breadcrumb"},"inLanguage":"sr-RS","potentialAction":[{"@type":"ReadAction","target":["http:\/\/www.bioslab.rs\/apoteka\/product\/brea-up\/"]}]},{"@type":"ImageObject","inLanguage":"sr-RS","@id":"http:\/\/www.bioslab.rs\/apoteka\/product\/brea-up\/#primaryimage","url":"https:\/\/www.bioslab.rs\/apoteka\/wp-content\/uploads\/2024\/12\/brea-up.jpg","contentUrl":"https:\/\/www.bioslab.rs\/apoteka\/wp-content\/uploads\/2024\/12\/brea-up.jpg","width":250,"height":300,"caption":"brea up"},{"@type":"BreadcrumbList","@id":"http:\/\/www.bioslab.rs\/apoteka\/product\/brea-up\/#breadcrumb","itemListElement":[{"@type":"ListItem","position":1,"name":"Home","item":"https:\/\/www.bioslab.rs\/apoteka\/"},{"@type":"ListItem","position":2,"name":"Dodaci Prehrani","item":"https:\/\/www.bioslab.rs\/apoteka\/"},{"@type":"ListItem","position":3,"name":"Brea UP"}]},{"@type":"WebSite","@id":"https:\/\/www.bioslab.rs\/apoteka\/#website","url":"https:\/\/www.bioslab.rs\/apoteka\/","name":"Srbija Apoteka","description":"","potentialAction":[{"@type":"SearchAction","target":{"@type":"EntryPoint","urlTemplate":"https:\/\/www.bioslab.rs\/apoteka\/?s={search_term_string}"},"query-input":{"@type":"PropertyValueSpecification","valueRequired":true,"valueName":"search_term_string"}}],"inLanguage":"sr-RS"}]}},"_links":{"self":[{"href":"https:\/\/www.bioslab.rs\/apoteka\/wp-json\/wp\/v2\/product\/313","targetHints":{"allow":["GET"]}}],"collection":[{"href":"https:\/\/www.bioslab.rs\/apoteka\/wp-json\/wp\/v2\/product"}],"about":[{"href":"https:\/\/www.bioslab.rs\/apoteka\/wp-json\/wp\/v2\/types\/product"}],"wp:featuredmedia":[{"embeddable":true,"href":"https:\/\/www.bioslab.rs\/apoteka\/wp-json\/wp\/v2\/media\/314"}],"wp:attachment":[{"href":"https:\/\/www.bioslab.rs\/apoteka\/wp-json\/wp\/v2\/media?parent=313"}],"wp:term":[{"taxonomy":"product_brand","embeddable":true,"href":"https:\/\/www.bioslab.rs\/apoteka\/wp-json\/wp\/v2\/product_brand?post=313"},{"taxonomy":"product_cat","embeddable":true,"href":"https:\/\/www.bioslab.rs\/apoteka\/wp-json\/wp\/v2\/product_cat?post=313"},{"taxonomy":"product_tag","embeddable":true,"href":"https:\/\/www.bioslab.rs\/apoteka\/wp-json\/wp\/v2\/product_tag?post=313"}],"curies":[{"name":"wp","href":"https:\/\/api.w.org\/{rel}","templated":true}]}}