{"id":247,"date":"2024-09-23T18:32:13","date_gmt":"2024-09-23T18:32:13","guid":{"rendered":"https:\/\/www.bioslab.rs\/apoteka\/?post_type=product&#038;p=247"},"modified":"2024-09-23T18:32:13","modified_gmt":"2024-09-23T18:32:13","slug":"gluco-caps","status":"publish","type":"product","link":"https:\/\/www.bioslab.rs\/apoteka\/product\/gluco-caps\/","title":{"rendered":"Gluco Caps"},"content":{"rendered":"<div id=\"ez-toc-container\" class=\"ez-toc-v2_0_83 counter-hierarchy ez-toc-counter ez-toc-grey ez-toc-container-direction\">\n<div class=\"ez-toc-title-container\">\n<p class=\"ez-toc-title\" style=\"cursor:inherit\">Pregled sadr\u017eaja<\/p>\n<span class=\"ez-toc-title-toggle\"><a href=\"#\" class=\"ez-toc-pull-right ez-toc-btn ez-toc-btn-xs ez-toc-btn-default ez-toc-toggle\" aria-label=\"Toggle Table of Content\"><span class=\"ez-toc-js-icon-con\"><span class=\"\"><span class=\"eztoc-hide\" style=\"display:none;\">Toggle<\/span><span class=\"ez-toc-icon-toggle-span\"><svg style=\"fill: #999;color:#999\" xmlns=\"http:\/\/www.w3.org\/2000\/svg\" class=\"list-377408\" width=\"20px\" height=\"20px\" viewBox=\"0 0 24 24\" fill=\"none\"><path d=\"M6 6H4v2h2V6zm14 0H8v2h12V6zM4 11h2v2H4v-2zm16 0H8v2h12v-2zM4 16h2v2H4v-2zm16 0H8v2h12v-2z\" fill=\"currentColor\"><\/path><\/svg><svg style=\"fill: #999;color:#999\" class=\"arrow-unsorted-368013\" xmlns=\"http:\/\/www.w3.org\/2000\/svg\" width=\"10px\" height=\"10px\" viewBox=\"0 0 24 24\" version=\"1.2\" baseProfile=\"tiny\"><path d=\"M18.2 9.3l-6.2-6.3-6.2 6.3c-.2.2-.3.4-.3.7s.1.5.3.7c.2.2.4.3.7.3h11c.3 0 .5-.1.7-.3.2-.2.3-.5.3-.7s-.1-.5-.3-.7zM5.8 14.7l6.2 6.3 6.2-6.3c.2-.2.3-.5.3-.7s-.1-.5-.3-.7c-.2-.2-.4-.3-.7-.3h-11c-.3 0-.5.1-.7.3-.2.2-.3.5-.3.7s.1.5.3.7z\"\/><\/svg><\/span><\/span><\/span><\/a><\/span><\/div>\n<nav><ul class='ez-toc-list ez-toc-list-level-1 eztoc-toggle-hide-by-default' ><li class='ez-toc-page-1 ez-toc-heading-level-2'><a class=\"ez-toc-link ez-toc-heading-1\" href=\"https:\/\/www.bioslab.rs\/apoteka\/product\/gluco-caps\/#Kako_funkcionise_Gluco_Caps\" >Kako funkcioni\u0161e Gluco Caps?<\/a><\/li><li class='ez-toc-page-1 ez-toc-heading-level-2'><a class=\"ez-toc-link ez-toc-heading-2\" href=\"https:\/\/www.bioslab.rs\/apoteka\/product\/gluco-caps\/#Gluco_Caps_%E2%80%93_Iskustva_i_misljenja\" >Gluco Caps &#8211; Iskustva i mi\u0161ljenja<\/a><\/li><li class='ez-toc-page-1 ez-toc-heading-level-2'><a class=\"ez-toc-link ez-toc-heading-3\" href=\"https:\/\/www.bioslab.rs\/apoteka\/product\/gluco-caps\/#Gluco_Caps_%E2%80%93_Sastav_i_sastojci\" >Gluco Caps &#8211; Sastav i sastojci<\/a><ul class='ez-toc-list-level-3' ><li class='ez-toc-heading-level-3'><a class=\"ez-toc-link ez-toc-heading-4\" href=\"https:\/\/www.bioslab.rs\/apoteka\/product\/gluco-caps\/#Glukozamin-sulfat_2KCI\" >Glukozamin-sulfat 2KCI<\/a><\/li><li class='ez-toc-page-1 ez-toc-heading-level-3'><a class=\"ez-toc-link ez-toc-heading-5\" href=\"https:\/\/www.bioslab.rs\/apoteka\/product\/gluco-caps\/#Kapsula_zelatin_boja_kalcijum-karbonat\" >Kapsula (\u017eelatin, boja, kalcijum-karbonat)<\/a><\/li><li class='ez-toc-page-1 ez-toc-heading-level-3'><a class=\"ez-toc-link ez-toc-heading-6\" href=\"https:\/\/www.bioslab.rs\/apoteka\/product\/gluco-caps\/#Metilsulfonilmetan_MSM\" >Metilsulfonilmetan (MSM)<\/a><\/li><li class='ez-toc-page-1 ez-toc-heading-level-3'><a class=\"ez-toc-link ez-toc-heading-7\" href=\"https:\/\/www.bioslab.rs\/apoteka\/product\/gluco-caps\/#Sredstva_protiv_zgrudnjavanja_magnezijum-stearat_i_silicijum-dioksid\" >Sredstva protiv zgrudnjavanja (magnezijum-stearat i silicijum-dioksid)<\/a><\/li><li class='ez-toc-page-1 ez-toc-heading-level-3'><a class=\"ez-toc-link ez-toc-heading-8\" href=\"https:\/\/www.bioslab.rs\/apoteka\/product\/gluco-caps\/#Holekalciferol_Vitamin_D3\" >Holekalciferol (Vitamin D3)<\/a><\/li><\/ul><\/li><li class='ez-toc-page-1 ez-toc-heading-level-2'><a class=\"ez-toc-link ez-toc-heading-9\" href=\"https:\/\/www.bioslab.rs\/apoteka\/product\/gluco-caps\/#Gluco_Caps_%E2%80%93_Prednosti_i_rezultati\" >Gluco Caps &#8211; Prednosti i rezultati<\/a><\/li><li class='ez-toc-page-1 ez-toc-heading-level-2'><a class=\"ez-toc-link ez-toc-heading-10\" href=\"https:\/\/www.bioslab.rs\/apoteka\/product\/gluco-caps\/#Gde_kupiti_Gluco_Caps_u_Srbiji_Apoteka_DM_Lilly\" >Gde kupiti Gluco Caps u Srbiji? Apoteka, DM, Lilly<\/a><\/li><li class='ez-toc-page-1 ez-toc-heading-level-2'><a class=\"ez-toc-link ez-toc-heading-11\" href=\"https:\/\/www.bioslab.rs\/apoteka\/product\/gluco-caps\/#Koliko_kosta_Gluco_Caps_Cena\" >Koliko ko\u0161ta Gluco Caps? Cena<\/a><\/li><li class='ez-toc-page-1 ez-toc-heading-level-2'><a class=\"ez-toc-link ez-toc-heading-12\" href=\"https:\/\/www.bioslab.rs\/apoteka\/product\/gluco-caps\/#Kako_se_koristi_Gluco_Caps_Uputstvo_za_upotrebu\" >Kako se koristi Gluco Caps? Uputstvo za upotrebu<\/a><\/li><li class='ez-toc-page-1 ez-toc-heading-level-2'><a class=\"ez-toc-link ez-toc-heading-13\" href=\"https:\/\/www.bioslab.rs\/apoteka\/product\/gluco-caps\/#Gluco_Caps_%E2%80%93_Kontraindikacije_i_nezeljeni_efekti\" >Gluco Caps &#8211; Kontraindikacije i ne\u017eeljeni efekti<\/a><\/li><\/ul><\/nav><\/div>\n<p class=\"text-body font-regular leading-[24px] pt-[9px] pb-[2px]\" dir=\"ltr\">Gluco Caps je inovativni dodatak ishrani u obliku tableta koji je posebno kreiran za podr\u017eavanje funkcije kostiju i ubla\u017eavanje bolova u zglobovima. Ovaj proizvod obe\u0107ava da \u0107e pomo\u0107i onima koji pate od problema sa zglobovima da se ose\u0107aju bolje i da u\u017eivaju u svakodnevnim aktivnostima bez bola.<\/p>\n<h2 class=\"font-bold text-h3 leading-[36px] pt-[21px] pb-[2px] [&amp;_a]:underline-offset-[6px] [&amp;_.underline]:underline-offset-[6px]\" dir=\"ltr\"><span class=\"ez-toc-section\" id=\"Kako_funkcionise_Gluco_Caps\"><\/span>Kako funkcioni\u0161e Gluco Caps?<span class=\"ez-toc-section-end\"><\/span><\/h2>\n<p class=\"text-body font-regular leading-[24px] pt-[9px] pb-[2px]\" dir=\"ltr\">Gluco Caps funkcioni\u0161e tako \u0161to poma\u017ee u odr\u017eavanju zdravlja zglobova i kostiju. Aktivni sastojci u ovom dodatku rade zajedno da smanje upalu, pobolj\u0161aju fleksibilnost i oja\u010daju strukturu kostiju. Redovna upotreba Gluco Caps-a mo\u017ee doprineti smanjenju bola i pobolj\u0161anju pokretljivosti, \u0161to omogu\u0107ava korisnicima da se vrate svojim omiljenim aktivnostima bez nelagodnosti.<\/p>\n<h2 class=\"font-bold text-h3 leading-[36px] pt-[21px] pb-[2px] [&amp;_a]:underline-offset-[6px] [&amp;_.underline]:underline-offset-[6px]\" dir=\"ltr\"><span class=\"ez-toc-section\" id=\"Gluco_Caps_%E2%80%93_Iskustva_i_misljenja\"><\/span>Gluco Caps &#8211; Iskustva i mi\u0161ljenja<span class=\"ez-toc-section-end\"><\/span><\/h2>\n<p class=\"text-body font-regular leading-[24px] pt-[9px] pb-[2px]\" dir=\"ltr\">Korisnici koji su probali Gluco Caps uglavnom imaju pozitivna iskustva. Mnogi su primetili zna\u010dajno pobolj\u0161anje u svom stanju nakon samo nekoliko nedelja upotrebe. Evo tri komentara korisnika:<\/p>\n<p class=\"text-body font-regular leading-[24px] pt-[9px] pb-[2px]\" dir=\"ltr\">&#8222;Posle samo mesec dana kori\u0161\u0107enja Gluco Caps-a, bol u kolenima je nestao. Sada mogu ponovo da tr\u010dim i u\u017eivam u sportu.&#8220; &#8211; Marko, 45 godina<\/p>\n<p class=\"text-body font-regular leading-[24px] pt-[9px] pb-[2px]\" dir=\"ltr\">&#8222;Nisam verovala da \u0107e mi i\u0161ta pomo\u0107i, ali Gluco Caps je stvarno napravio razliku. Bolovi u zglobovima su se smanjili i sada se ose\u0107am mnogo bolje.&#8220; &#8211; Ana, 52 godine<\/p>\n<p class=\"text-body font-regular leading-[24px] pt-[9px] pb-[2px]\" dir=\"ltr\">&#8222;Ovaj proizvod je bio pravo otkri\u0107e za mene. Gluco Caps mi je pomogao da se re\u0161im bola i vratim se normalnom \u017eivotu.&#8220; &#8211; Jovana, 39 godina<\/p>\n<h2 class=\"font-bold text-h3 leading-[36px] pt-[21px] pb-[2px] [&amp;_a]:underline-offset-[6px] [&amp;_.underline]:underline-offset-[6px]\" dir=\"ltr\"><span class=\"ez-toc-section\" id=\"Gluco_Caps_%E2%80%93_Sastav_i_sastojci\"><\/span>Gluco Caps &#8211; Sastav i sastojci<span class=\"ez-toc-section-end\"><\/span><\/h2>\n<h3 class=\"font-bold text-h4 leading-[30px] pt-[15px] pb-[2px] [&amp;_a]:underline-offset-[6px] [&amp;_.underline]:underline-offset-[6px]\" dir=\"ltr\"><span class=\"ez-toc-section\" id=\"Glukozamin-sulfat_2KCI\"><\/span>Glukozamin-sulfat 2KCI<span class=\"ez-toc-section-end\"><\/span><\/h3>\n<p class=\"text-body font-regular leading-[24px] pt-[9px] pb-[2px]\" dir=\"ltr\">Glukozamin-sulfat je prirodni sastojak koji se nalazi u hrskavici. Poma\u017ee u odr\u017eavanju strukture i funkcije zglobova, a tako\u0111e mo\u017ee smanjiti bol i upalu.<\/p>\n<h3 class=\"font-bold text-h4 leading-[30px] pt-[15px] pb-[2px] [&amp;_a]:underline-offset-[6px] [&amp;_.underline]:underline-offset-[6px]\" dir=\"ltr\"><span class=\"ez-toc-section\" id=\"Kapsula_zelatin_boja_kalcijum-karbonat\"><\/span>Kapsula (\u017eelatin, boja, kalcijum-karbonat)<span class=\"ez-toc-section-end\"><\/span><\/h3>\n<p class=\"text-body font-regular leading-[24px] pt-[9px] pb-[2px]\" dir=\"ltr\">Kapsula je napravljena od \u017eelatina, boje i kalcijum-karbonata. \u017delatin poma\u017ee u formiranju kapsule, dok kalcijum-karbonat dodaje dodatnu podr\u0161ku za kosti.<\/p>\n<h3 class=\"font-bold text-h4 leading-[30px] pt-[15px] pb-[2px] [&amp;_a]:underline-offset-[6px] [&amp;_.underline]:underline-offset-[6px]\" dir=\"ltr\"><span class=\"ez-toc-section\" id=\"Metilsulfonilmetan_MSM\"><\/span>Metilsulfonilmetan (MSM)<span class=\"ez-toc-section-end\"><\/span><\/h3>\n<p class=\"text-body font-regular leading-[24px] pt-[9px] pb-[2px]\" dir=\"ltr\">MSM je organski sumporni spoj koji poma\u017ee u smanjenju upale i bolova u zglobovima. Tako\u0111e podr\u017eava zdravlje ko\u017ee, kose i noktiju.<\/p>\n<h3 class=\"font-bold text-h4 leading-[30px] pt-[15px] pb-[2px] [&amp;_a]:underline-offset-[6px] [&amp;_.underline]:underline-offset-[6px]\" dir=\"ltr\"><span class=\"ez-toc-section\" id=\"Sredstva_protiv_zgrudnjavanja_magnezijum-stearat_i_silicijum-dioksid\"><\/span>Sredstva protiv zgrudnjavanja (magnezijum-stearat i silicijum-dioksid)<span class=\"ez-toc-section-end\"><\/span><\/h3>\n<p class=\"text-body font-regular leading-[24px] pt-[9px] pb-[2px]\" dir=\"ltr\">Ova sredstva se dodaju kako bi se spre\u010dilo zgrudnjavanje tableta i osiguralo njihovo lako gutanje.<\/p>\n<h3 class=\"font-bold text-h4 leading-[30px] pt-[15px] pb-[2px] [&amp;_a]:underline-offset-[6px] [&amp;_.underline]:underline-offset-[6px]\" dir=\"ltr\"><span class=\"ez-toc-section\" id=\"Holekalciferol_Vitamin_D3\"><\/span>Holekalciferol (Vitamin D3)<span class=\"ez-toc-section-end\"><\/span><\/h3>\n<p class=\"text-body font-regular leading-[24px] pt-[9px] pb-[2px]\" dir=\"ltr\">Vitamin D3 je klju\u010dan za apsorpciju kalcijuma u telu. Poma\u017ee u odr\u017eavanju zdravih kostiju i zuba, kao i u funkciji imunolo\u0161kog sistema.<\/p>\n<h2 class=\"font-bold text-h3 leading-[36px] pt-[21px] pb-[2px] [&amp;_a]:underline-offset-[6px] [&amp;_.underline]:underline-offset-[6px]\" dir=\"ltr\"><span class=\"ez-toc-section\" id=\"Gluco_Caps_%E2%80%93_Prednosti_i_rezultati\"><\/span>Gluco Caps &#8211; Prednosti i rezultati<span class=\"ez-toc-section-end\"><\/span><\/h2>\n<p class=\"text-body font-regular leading-[24px] pt-[9px] pb-[2px]\" dir=\"ltr\">Gluco Caps ima mnoge prednosti koje mogu zna\u010dajno pobolj\u0161ati kvalitet \u017eivota korisnika. Neke od glavnih prednosti su:<\/p>\n<ul class=\"pt-[9px] pb-[2px] pl-[24px] list-disc [&amp;_ul]:pt-[5px] pt-[5px]\">\n<li class=\"text-body font-regular leading-[24px] my-[5px] [&amp;&gt;ol]:!pt-0 [&amp;&gt;ol]:!pb-0 [&amp;&gt;ul]:!pt-0 [&amp;&gt;ul]:!pb-0\" value=\"1\"><b><strong class=\"font-bold\">Smanjenje bola u zglobovima:<\/strong><\/b> Aktivni sastojci u Gluco Caps-u poma\u017eu u smanjenju upale i bola, \u0161to omogu\u0107ava korisnicima da se ose\u0107aju bolje.<\/li>\n<li class=\"text-body font-regular leading-[24px] my-[5px] [&amp;&gt;ol]:!pt-0 [&amp;&gt;ol]:!pb-0 [&amp;&gt;ul]:!pt-0 [&amp;&gt;ul]:!pb-0\" value=\"2\"><b><strong class=\"font-bold\">Pobolj\u0161anje pokretljivosti:<\/strong><\/b> Redovna upotreba ovog dodatka mo\u017ee pobolj\u0161ati fleksibilnost i pokretljivost zglobova.<\/li>\n<li class=\"text-body font-regular leading-[24px] my-[5px] [&amp;&gt;ol]:!pt-0 [&amp;&gt;ol]:!pb-0 [&amp;&gt;ul]:!pt-0 [&amp;&gt;ul]:!pb-0\" value=\"3\"><b><strong class=\"font-bold\">Oja\u010davanje kostiju:<\/strong><\/b> Vitamin D3 i kalcijum-karbonat poma\u017eu u odr\u017eavanju jakih i zdravih kostiju.<\/li>\n<li class=\"text-body font-regular leading-[24px] my-[5px] [&amp;&gt;ol]:!pt-0 [&amp;&gt;ol]:!pb-0 [&amp;&gt;ul]:!pt-0 [&amp;&gt;ul]:!pb-0\" value=\"4\"><b><strong class=\"font-bold\">Podr\u0161ka op\u0161tem zdravlju:<\/strong><\/b> MSM podr\u017eava zdravlje ko\u017ee, kose i noktiju, dok glukozamin-sulfat odr\u017eava zdravlje hrskavice.<\/li>\n<\/ul>\n<h2 class=\"font-bold text-h3 leading-[36px] pt-[21px] pb-[2px] [&amp;_a]:underline-offset-[6px] [&amp;_.underline]:underline-offset-[6px]\" dir=\"ltr\"><span class=\"ez-toc-section\" id=\"Gde_kupiti_Gluco_Caps_u_Srbiji_Apoteka_DM_Lilly\"><\/span>Gde kupiti Gluco Caps u Srbiji? Apoteka, DM, Lilly<span class=\"ez-toc-section-end\"><\/span><\/h2>\n<p class=\"text-body font-regular leading-[24px] pt-[9px] pb-[2px]\" dir=\"ltr\">Gluco Caps se mo\u017ee kupiti isklju\u010divo na veb stranici proizvo\u0111a\u010da. Ovo je zato \u0161to proizvo\u0111a\u010d \u017eeli da osigura autenti\u010dnost proizvoda i izbegne prodaju falsifikata. Kupovinom direktno sa veb stranice, korisnici mogu biti sigurni da dobijaju originalni proizvod.<\/p>\n<h2 class=\"font-bold text-h3 leading-[36px] pt-[21px] pb-[2px] [&amp;_a]:underline-offset-[6px] [&amp;_.underline]:underline-offset-[6px]\" dir=\"ltr\"><span class=\"ez-toc-section\" id=\"Koliko_kosta_Gluco_Caps_Cena\"><\/span>Koliko ko\u0161ta Gluco Caps? Cena<span class=\"ez-toc-section-end\"><\/span><\/h2>\n<p class=\"text-body font-regular leading-[24px] pt-[9px] pb-[2px]\" dir=\"ltr\">Cena jednog pakovanja Gluco Caps-a iznosi 3700 dinara. Ovo je pristupa\u010dna cena s obzirom na kvalitet i efikasnost proizvoda.<\/p>\n<h2 class=\"font-bold text-h3 leading-[36px] pt-[21px] pb-[2px] [&amp;_a]:underline-offset-[6px] [&amp;_.underline]:underline-offset-[6px]\" dir=\"ltr\"><span class=\"ez-toc-section\" id=\"Kako_se_koristi_Gluco_Caps_Uputstvo_za_upotrebu\"><\/span>Kako se koristi Gluco Caps? Uputstvo za upotrebu<span class=\"ez-toc-section-end\"><\/span><\/h2>\n<p class=\"text-body font-regular leading-[24px] pt-[9px] pb-[2px]\" dir=\"ltr\">Gluco Caps se koristi vrlo jednostavno. Preporu\u010duje se uzimanje 1-2 kapsule dnevno uz obrok, sa \u010da\u0161om vode. Va\u017eno je ne prekora\u010diti preporu\u010denu dnevnu dozu i ne koristiti proizvod istovremeno sa drugim proizvodima koji sadr\u017ee vitamin D.<\/p>\n<h2 class=\"font-bold text-h3 leading-[36px] pt-[21px] pb-[2px] [&amp;_a]:underline-offset-[6px] [&amp;_.underline]:underline-offset-[6px]\" dir=\"ltr\"><span class=\"ez-toc-section\" id=\"Gluco_Caps_%E2%80%93_Kontraindikacije_i_nezeljeni_efekti\"><\/span>Gluco Caps &#8211; Kontraindikacije i ne\u017eeljeni efekti<span class=\"ez-toc-section-end\"><\/span><\/h2>\n<p class=\"text-body font-regular leading-[24px] pt-[9px] pb-[2px]\" dir=\"ltr\">Iako je Gluco Caps siguran za ve\u0107inu ljudi, nije pogodan za decu i osobe sa alergijama na bilo koju od komponenti. Ako primetite bilo kakve ne\u017eeljene efekte, prestanite sa upotrebom i konsultujte se sa lekarom.<\/p>\n","protected":false},"excerpt":{"rendered":"<p>Gluco Caps je inovativni dodatak ishrani u obliku tableta koji je posebno kreiran za podr\u017eavanje funkcije kostiju i ubla\u017eavanje bolova [&hellip;]<\/p>\n","protected":false},"featured_media":248,"template":"","meta":{"site-sidebar-layout":"default","site-content-layout":"","ast-site-content-layout":"default","site-content-style":"default","site-sidebar-style":"default","ast-global-header-display":"","ast-banner-title-visibility":"","ast-main-header-display":"","ast-hfb-above-header-display":"","ast-hfb-below-header-display":"","ast-hfb-mobile-header-display":"","site-post-title":"","ast-breadcrumbs-content":"","ast-featured-img":"","footer-sml-layout":"","ast-disable-related-posts":"","theme-transparent-header-meta":"default","adv-header-id-meta":"","stick-header-meta":"","header-above-stick-meta":"","header-main-stick-meta":"","header-below-stick-meta":"","astra-migrate-meta-layouts":"set","ast-page-background-enabled":"default","ast-page-background-meta":{"desktop":{"background-color":"var(--ast-global-color-4)","background-image":"","background-repeat":"repeat","background-position":"center center","background-size":"auto","background-attachment":"scroll","background-type":"","background-media":"","overlay-type":"","overlay-color":"","overlay-opacity":"","overlay-gradient":""},"tablet":{"background-color":"","background-image":"","background-repeat":"repeat","background-position":"center center","background-size":"auto","background-attachment":"scroll","background-type":"","background-media":"","overlay-type":"","overlay-color":"","overlay-opacity":"","overlay-gradient":""},"mobile":{"background-color":"","background-image":"","background-repeat":"repeat","background-position":"center center","background-size":"auto","background-attachment":"scroll","background-type":"","background-media":"","overlay-type":"","overlay-color":"","overlay-opacity":"","overlay-gradient":""}},"ast-content-background-meta":{"desktop":{"background-color":"var(--ast-global-color-5)","background-image":"","background-repeat":"repeat","background-position":"center center","background-size":"auto","background-attachment":"scroll","background-type":"","background-media":"","overlay-type":"","overlay-color":"","overlay-opacity":"","overlay-gradient":""},"tablet":{"background-color":"var(--ast-global-color-5)","background-image":"","background-repeat":"repeat","background-position":"center center","background-size":"auto","background-attachment":"scroll","background-type":"","background-media":"","overlay-type":"","overlay-color":"","overlay-opacity":"","overlay-gradient":""},"mobile":{"background-color":"var(--ast-global-color-5)","background-image":"","background-repeat":"repeat","background-position":"center center","background-size":"auto","background-attachment":"scroll","background-type":"","background-media":"","overlay-type":"","overlay-color":"","overlay-opacity":"","overlay-gradient":""}},"iawp_total_views":306},"product_brand":[],"product_cat":[15],"product_tag":[],"class_list":{"0":"post-247","1":"product","2":"type-product","3":"status-publish","4":"has-post-thumbnail","6":"product_cat-zdravlje","7":"desktop-align-left","8":"tablet-align-left","9":"mobile-align-left","11":"first","12":"instock","13":"sale","14":"shipping-taxable","15":"purchasable","16":"product-type-simple"},"yoast_head":"<!-- This site is optimized with the Yoast SEO plugin v27.6 - https:\/\/yoast.com\/product\/yoast-seo-wordpress\/ -->\n<title>Gluco Caps - Svet Dodataka Prehrani<\/title>\n<meta name=\"robots\" content=\"index, follow, max-snippet:-1, max-image-preview:large, max-video-preview:-1\" \/>\n<link rel=\"canonical\" href=\"https:\/\/www.bioslab.rs\/apoteka\/product\/gluco-caps\/\" \/>\n<meta property=\"og:locale\" content=\"sr_RS\" \/>\n<meta property=\"og:type\" content=\"article\" \/>\n<meta property=\"og:title\" content=\"Gluco Caps - Svet Dodataka Prehrani\" \/>\n<meta property=\"og:description\" content=\"Gluco Caps je inovativni dodatak ishrani u obliku tableta koji je posebno kreiran za podr\u017eavanje funkcije kostiju i ubla\u017eavanje bolova [&hellip;]\" \/>\n<meta property=\"og:url\" content=\"https:\/\/www.bioslab.rs\/apoteka\/product\/gluco-caps\/\" \/>\n<meta property=\"og:site_name\" content=\"Svet Dodataka Prehrani\" \/>\n<meta property=\"article:publisher\" content=\"https:\/\/www.facebook.com\/www.bioslab.rs\/\" \/>\n<meta property=\"og:image\" content=\"https:\/\/www.bioslab.rs\/apoteka\/wp-content\/uploads\/2024\/09\/gluco-caps.jpg\" \/>\n\t<meta property=\"og:image:width\" content=\"250\" \/>\n\t<meta property=\"og:image:height\" content=\"300\" \/>\n\t<meta property=\"og:image:type\" content=\"image\/jpeg\" \/>\n<meta name=\"twitter:card\" content=\"summary_large_image\" \/>\n<meta name=\"twitter:label1\" content=\"\u041f\u0440\u043e\u0446\u0435\u045a\u0435\u043d\u043e \u0432\u0440\u0435\u043c\u0435 \u0447\u0438\u0442\u0430\u045a\u0430\" \/>\n\t<meta name=\"twitter:data1\" content=\"4 \u043c\u0438\u043d\u0443\u0442\u0430\" \/>\n<script type=\"application\/ld+json\" class=\"yoast-schema-graph\">{\"@context\":\"https:\\\/\\\/schema.org\",\"@graph\":[{\"@type\":\"WebPage\",\"@id\":\"https:\\\/\\\/www.bioslab.rs\\\/apoteka\\\/product\\\/gluco-caps\\\/\",\"url\":\"https:\\\/\\\/www.bioslab.rs\\\/apoteka\\\/product\\\/gluco-caps\\\/\",\"name\":\"Gluco Caps - Svet Dodataka Prehrani\",\"isPartOf\":{\"@id\":\"http:\\\/\\\/www.bioslab.rs\\\/apoteka\\\/#website\"},\"primaryImageOfPage\":{\"@id\":\"https:\\\/\\\/www.bioslab.rs\\\/apoteka\\\/product\\\/gluco-caps\\\/#primaryimage\"},\"image\":{\"@id\":\"https:\\\/\\\/www.bioslab.rs\\\/apoteka\\\/product\\\/gluco-caps\\\/#primaryimage\"},\"thumbnailUrl\":\"https:\\\/\\\/www.bioslab.rs\\\/apoteka\\\/wp-content\\\/uploads\\\/2024\\\/09\\\/gluco-caps.jpg\",\"datePublished\":\"2024-09-23T18:32:13+00:00\",\"breadcrumb\":{\"@id\":\"https:\\\/\\\/www.bioslab.rs\\\/apoteka\\\/product\\\/gluco-caps\\\/#breadcrumb\"},\"inLanguage\":\"sr-RS\",\"potentialAction\":[{\"@type\":\"ReadAction\",\"target\":[\"https:\\\/\\\/www.bioslab.rs\\\/apoteka\\\/product\\\/gluco-caps\\\/\"]}]},{\"@type\":\"ImageObject\",\"inLanguage\":\"sr-RS\",\"@id\":\"https:\\\/\\\/www.bioslab.rs\\\/apoteka\\\/product\\\/gluco-caps\\\/#primaryimage\",\"url\":\"https:\\\/\\\/www.bioslab.rs\\\/apoteka\\\/wp-content\\\/uploads\\\/2024\\\/09\\\/gluco-caps.jpg\",\"contentUrl\":\"https:\\\/\\\/www.bioslab.rs\\\/apoteka\\\/wp-content\\\/uploads\\\/2024\\\/09\\\/gluco-caps.jpg\",\"width\":250,\"height\":300,\"caption\":\"gluco caps\"},{\"@type\":\"BreadcrumbList\",\"@id\":\"https:\\\/\\\/www.bioslab.rs\\\/apoteka\\\/product\\\/gluco-caps\\\/#breadcrumb\",\"itemListElement\":[{\"@type\":\"ListItem\",\"position\":1,\"name\":\"Home\",\"item\":\"http:\\\/\\\/www.bioslab.rs\\\/apoteka\\\/\"},{\"@type\":\"ListItem\",\"position\":2,\"name\":\"Dodaci Prehrani\",\"item\":\"http:\\\/\\\/www.bioslab.rs\\\/apoteka\\\/\"},{\"@type\":\"ListItem\",\"position\":3,\"name\":\"Gluco Caps\"}]},{\"@type\":\"WebSite\",\"@id\":\"http:\\\/\\\/www.bioslab.rs\\\/apoteka\\\/#website\",\"url\":\"http:\\\/\\\/www.bioslab.rs\\\/apoteka\\\/\",\"name\":\"Srbija Apoteka\",\"description\":\"\",\"potentialAction\":[{\"@type\":\"SearchAction\",\"target\":{\"@type\":\"EntryPoint\",\"urlTemplate\":\"http:\\\/\\\/www.bioslab.rs\\\/apoteka\\\/?s={search_term_string}\"},\"query-input\":{\"@type\":\"PropertyValueSpecification\",\"valueRequired\":true,\"valueName\":\"search_term_string\"}}],\"inLanguage\":\"sr-RS\"}]}<\/script>\n<!-- \/ Yoast SEO plugin. -->","yoast_head_json":{"title":"Gluco Caps - Svet Dodataka Prehrani","robots":{"index":"index","follow":"follow","max-snippet":"max-snippet:-1","max-image-preview":"max-image-preview:large","max-video-preview":"max-video-preview:-1"},"canonical":"https:\/\/www.bioslab.rs\/apoteka\/product\/gluco-caps\/","og_locale":"sr_RS","og_type":"article","og_title":"Gluco Caps - Svet Dodataka Prehrani","og_description":"Gluco Caps je inovativni dodatak ishrani u obliku tableta koji je posebno kreiran za podr\u017eavanje funkcije kostiju i ubla\u017eavanje bolova [&hellip;]","og_url":"https:\/\/www.bioslab.rs\/apoteka\/product\/gluco-caps\/","og_site_name":"Svet Dodataka Prehrani","article_publisher":"https:\/\/www.facebook.com\/www.bioslab.rs\/","og_image":[{"width":250,"height":300,"url":"https:\/\/www.bioslab.rs\/apoteka\/wp-content\/uploads\/2024\/09\/gluco-caps.jpg","type":"image\/jpeg"}],"twitter_card":"summary_large_image","twitter_misc":{"\u041f\u0440\u043e\u0446\u0435\u045a\u0435\u043d\u043e \u0432\u0440\u0435\u043c\u0435 \u0447\u0438\u0442\u0430\u045a\u0430":"4 \u043c\u0438\u043d\u0443\u0442\u0430"},"schema":{"@context":"https:\/\/schema.org","@graph":[{"@type":"WebPage","@id":"https:\/\/www.bioslab.rs\/apoteka\/product\/gluco-caps\/","url":"https:\/\/www.bioslab.rs\/apoteka\/product\/gluco-caps\/","name":"Gluco Caps - Svet Dodataka Prehrani","isPartOf":{"@id":"http:\/\/www.bioslab.rs\/apoteka\/#website"},"primaryImageOfPage":{"@id":"https:\/\/www.bioslab.rs\/apoteka\/product\/gluco-caps\/#primaryimage"},"image":{"@id":"https:\/\/www.bioslab.rs\/apoteka\/product\/gluco-caps\/#primaryimage"},"thumbnailUrl":"https:\/\/www.bioslab.rs\/apoteka\/wp-content\/uploads\/2024\/09\/gluco-caps.jpg","datePublished":"2024-09-23T18:32:13+00:00","breadcrumb":{"@id":"https:\/\/www.bioslab.rs\/apoteka\/product\/gluco-caps\/#breadcrumb"},"inLanguage":"sr-RS","potentialAction":[{"@type":"ReadAction","target":["https:\/\/www.bioslab.rs\/apoteka\/product\/gluco-caps\/"]}]},{"@type":"ImageObject","inLanguage":"sr-RS","@id":"https:\/\/www.bioslab.rs\/apoteka\/product\/gluco-caps\/#primaryimage","url":"https:\/\/www.bioslab.rs\/apoteka\/wp-content\/uploads\/2024\/09\/gluco-caps.jpg","contentUrl":"https:\/\/www.bioslab.rs\/apoteka\/wp-content\/uploads\/2024\/09\/gluco-caps.jpg","width":250,"height":300,"caption":"gluco caps"},{"@type":"BreadcrumbList","@id":"https:\/\/www.bioslab.rs\/apoteka\/product\/gluco-caps\/#breadcrumb","itemListElement":[{"@type":"ListItem","position":1,"name":"Home","item":"http:\/\/www.bioslab.rs\/apoteka\/"},{"@type":"ListItem","position":2,"name":"Dodaci Prehrani","item":"http:\/\/www.bioslab.rs\/apoteka\/"},{"@type":"ListItem","position":3,"name":"Gluco Caps"}]},{"@type":"WebSite","@id":"http:\/\/www.bioslab.rs\/apoteka\/#website","url":"http:\/\/www.bioslab.rs\/apoteka\/","name":"Srbija Apoteka","description":"","potentialAction":[{"@type":"SearchAction","target":{"@type":"EntryPoint","urlTemplate":"http:\/\/www.bioslab.rs\/apoteka\/?s={search_term_string}"},"query-input":{"@type":"PropertyValueSpecification","valueRequired":true,"valueName":"search_term_string"}}],"inLanguage":"sr-RS"}]}},"_links":{"self":[{"href":"https:\/\/www.bioslab.rs\/apoteka\/wp-json\/wp\/v2\/product\/247","targetHints":{"allow":["GET"]}}],"collection":[{"href":"https:\/\/www.bioslab.rs\/apoteka\/wp-json\/wp\/v2\/product"}],"about":[{"href":"https:\/\/www.bioslab.rs\/apoteka\/wp-json\/wp\/v2\/types\/product"}],"wp:featuredmedia":[{"embeddable":true,"href":"https:\/\/www.bioslab.rs\/apoteka\/wp-json\/wp\/v2\/media\/248"}],"wp:attachment":[{"href":"https:\/\/www.bioslab.rs\/apoteka\/wp-json\/wp\/v2\/media?parent=247"}],"wp:term":[{"taxonomy":"product_brand","embeddable":true,"href":"https:\/\/www.bioslab.rs\/apoteka\/wp-json\/wp\/v2\/product_brand?post=247"},{"taxonomy":"product_cat","embeddable":true,"href":"https:\/\/www.bioslab.rs\/apoteka\/wp-json\/wp\/v2\/product_cat?post=247"},{"taxonomy":"product_tag","embeddable":true,"href":"https:\/\/www.bioslab.rs\/apoteka\/wp-json\/wp\/v2\/product_tag?post=247"}],"curies":[{"name":"wp","href":"https:\/\/api.w.org\/{rel}","templated":true}]}}