{"id":161,"date":"2024-07-23T16:12:35","date_gmt":"2024-07-23T16:12:35","guid":{"rendered":"https:\/\/www.bioslab.rs\/apoteka\/?post_type=product&#038;p=161"},"modified":"2024-07-23T16:12:35","modified_gmt":"2024-07-23T16:12:35","slug":"o-caps","status":"publish","type":"product","link":"https:\/\/www.bioslab.rs\/apoteka\/product\/o-caps\/","title":{"rendered":"O Caps"},"content":{"rendered":"<div id=\"ez-toc-container\" class=\"ez-toc-v2_0_83 counter-hierarchy ez-toc-counter ez-toc-grey ez-toc-container-direction\">\n<div class=\"ez-toc-title-container\">\n<p class=\"ez-toc-title\" style=\"cursor:inherit\">Pregled sadr\u017eaja<\/p>\n<span class=\"ez-toc-title-toggle\"><a href=\"#\" class=\"ez-toc-pull-right ez-toc-btn ez-toc-btn-xs ez-toc-btn-default ez-toc-toggle\" aria-label=\"Toggle Table of Content\"><span class=\"ez-toc-js-icon-con\"><span class=\"\"><span class=\"eztoc-hide\" style=\"display:none;\">Toggle<\/span><span class=\"ez-toc-icon-toggle-span\"><svg style=\"fill: #999;color:#999\" xmlns=\"http:\/\/www.w3.org\/2000\/svg\" class=\"list-377408\" width=\"20px\" height=\"20px\" viewBox=\"0 0 24 24\" fill=\"none\"><path d=\"M6 6H4v2h2V6zm14 0H8v2h12V6zM4 11h2v2H4v-2zm16 0H8v2h12v-2zM4 16h2v2H4v-2zm16 0H8v2h12v-2z\" fill=\"currentColor\"><\/path><\/svg><svg style=\"fill: #999;color:#999\" class=\"arrow-unsorted-368013\" xmlns=\"http:\/\/www.w3.org\/2000\/svg\" width=\"10px\" height=\"10px\" viewBox=\"0 0 24 24\" version=\"1.2\" baseProfile=\"tiny\"><path d=\"M18.2 9.3l-6.2-6.3-6.2 6.3c-.2.2-.3.4-.3.7s.1.5.3.7c.2.2.4.3.7.3h11c.3 0 .5-.1.7-.3.2-.2.3-.5.3-.7s-.1-.5-.3-.7zM5.8 14.7l6.2 6.3 6.2-6.3c.2-.2.3-.5.3-.7s-.1-.5-.3-.7c-.2-.2-.4-.3-.7-.3h-11c-.3 0-.5.1-.7.3-.2.2-.3.5-.3.7s.1.5.3.7z\"\/><\/svg><\/span><\/span><\/span><\/a><\/span><\/div>\n<nav><ul class='ez-toc-list ez-toc-list-level-1 eztoc-toggle-hide-by-default' ><li class='ez-toc-page-1 ez-toc-heading-level-2'><a class=\"ez-toc-link ez-toc-heading-1\" href=\"https:\/\/www.bioslab.rs\/apoteka\/product\/o-caps\/#Kako_funkcionise_O_Caps\" >Kako funkcioni\u0161e O Caps?<\/a><\/li><li class='ez-toc-page-1 ez-toc-heading-level-2'><a class=\"ez-toc-link ez-toc-heading-2\" href=\"https:\/\/www.bioslab.rs\/apoteka\/product\/o-caps\/#O_Caps_%E2%80%93_Iskustva_i_misljenja\" >O Caps &#8211; Iskustva i mi\u0161ljenja<\/a><\/li><li class='ez-toc-page-1 ez-toc-heading-level-2'><a class=\"ez-toc-link ez-toc-heading-3\" href=\"https:\/\/www.bioslab.rs\/apoteka\/product\/o-caps\/#O_Caps_%E2%80%93_Sastav_i_sastojci\" >O Caps &#8211; Sastav i sastojci<\/a><\/li><li class='ez-toc-page-1 ez-toc-heading-level-2'><a class=\"ez-toc-link ez-toc-heading-4\" href=\"https:\/\/www.bioslab.rs\/apoteka\/product\/o-caps\/#O_Caps_%E2%80%93_Prednosti_i_rezultati\" >O Caps &#8211; Prednosti i rezultati<\/a><\/li><li class='ez-toc-page-1 ez-toc-heading-level-2'><a class=\"ez-toc-link ez-toc-heading-5\" href=\"https:\/\/www.bioslab.rs\/apoteka\/product\/o-caps\/#Gde_kupiti_O_Caps_u_Srbiji_Apoteka_DM_Lilly\" >Gde kupiti O Caps u Srbiji? Apoteka, DM, Lilly<\/a><\/li><li class='ez-toc-page-1 ez-toc-heading-level-2'><a class=\"ez-toc-link ez-toc-heading-6\" href=\"https:\/\/www.bioslab.rs\/apoteka\/product\/o-caps\/#Koliko_kosta_O_Caps_Cena\" >Koliko ko\u0161ta O Caps? Cena<\/a><\/li><li class='ez-toc-page-1 ez-toc-heading-level-2'><a class=\"ez-toc-link ez-toc-heading-7\" href=\"https:\/\/www.bioslab.rs\/apoteka\/product\/o-caps\/#Kako_se_koristi_O_Caps_Uputstvo_za_upotrebu\" >Kako se koristi O Caps? Uputstvo za upotrebu<\/a><\/li><li class='ez-toc-page-1 ez-toc-heading-level-2'><a class=\"ez-toc-link ez-toc-heading-8\" href=\"https:\/\/www.bioslab.rs\/apoteka\/product\/o-caps\/#O_Caps_%E2%80%93_Kontraindikacije_i_nezeljeni_efekti\" >O Caps &#8211; Kontraindikacije i ne\u017eeljeni efekti<\/a><\/li><\/ul><\/nav><\/div>\n<p class=\"text-body font-regular leading-[24px] pt-[9px] pb-[2px]\" dir=\"ltr\">O Caps je dodatak ishrani dizajniran da podr\u017ei zdravlje o\u010diju. Namenjen je osobama koje \u017eele da unaprede funkciju svog vida i pru\u017ee svom telu neophodne hranljive materije za za\u0161titu o\u010diju od o\u0161te\u0107enja. Ovaj preparat je rezultat dugogodi\u0161njeg istra\u017eivanja u oblasti oftalmologije i predstavlja spoj prirodnih sastojaka koji zajedno rade na o\u010duvanju zdravlja o\u010diju.<\/p>\n<h2 class=\"font-bold text-h3 leading-[36px] pt-[21px] pb-[2px] [&amp;_a]:underline-offset-[6px] [&amp;_.underline]:underline-offset-[6px]\" dir=\"ltr\"><span class=\"ez-toc-section\" id=\"Kako_funkcionise_O_Caps\"><\/span>Kako funkcioni\u0161e O Caps?<span class=\"ez-toc-section-end\"><\/span><\/h2>\n<p class=\"text-body font-regular leading-[24px] pt-[9px] pb-[2px]\" dir=\"ltr\">O Caps funkcioni\u0161e tako \u0161to pru\u017ea esencijalne vitamine i minerale koji su potrebni za zdravlje o\u010diju. Redovnim kori\u0161\u0107enjem, ovaj dodatak mo\u017ee pomo\u0107i u za\u0161titi o\u010diju od oksidativnog stresa i drugih \u0161tetnih faktora. Ove kapsule obezbe\u0111uju telu antioksidanse koji poma\u017eu u neutralizaciji slobodnih radikala, \u010dime se smanjuje rizik od o\u0161te\u0107enja oka. Tako\u0111e, podr\u017eavaju cirkulaciju i zdravlje mre\u017enja\u010de, \u0161to je klju\u010dno za odr\u017eavanje dobrog vida.<\/p>\n<h2 class=\"font-bold text-h3 leading-[36px] pt-[21px] pb-[2px] [&amp;_a]:underline-offset-[6px] [&amp;_.underline]:underline-offset-[6px]\" dir=\"ltr\"><span class=\"ez-toc-section\" id=\"O_Caps_%E2%80%93_Iskustva_i_misljenja\"><\/span>O Caps &#8211; Iskustva i mi\u0161ljenja<span class=\"ez-toc-section-end\"><\/span><\/h2>\n<p class=\"text-body font-regular leading-[24px] pt-[9px] pb-[2px]\" dir=\"ltr\">Korisnici koji su probali O Caps \u010desto dele svoja pozitivna iskustva. Evo nekoliko komentara:<\/p>\n<ol class=\"pt-[9px] pb-[2px] pl-[24px] [&amp;_ol]:pt-[5px] list-decimal\">\n<li class=\"text-body font-regular leading-[24px] my-[5px] [&amp;&gt;ol]:!pt-0 [&amp;&gt;ol]:!pb-0 [&amp;&gt;ul]:!pt-0 [&amp;&gt;ul]:!pb-0\" value=\"1\"><b><strong class=\"font-bold\">Milena iz Beograda<\/strong><\/b> ka\u017ee, &#8222;Posle mesec dana kori\u0161\u0107enja O Caps-a, primetila sam zna\u010dajno pobolj\u0161anje u vidu. Moje o\u010di su manje umorne, a vid je o\u0161triji.&#8220;<\/li>\n<li class=\"text-body font-regular leading-[24px] my-[5px] [&amp;&gt;ol]:!pt-0 [&amp;&gt;ol]:!pb-0 [&amp;&gt;ul]:!pt-0 [&amp;&gt;ul]:!pb-0\" value=\"2\"><b><strong class=\"font-bold\">Igor iz Novog Sada<\/strong><\/b> dodaje, &#8222;Nisam verovao u dodatke ishrani, ali O Caps me je stvarno iznenadio. Rezultati su vidljivi ve\u0107 posle nekoliko nedelja.&#8220;<\/li>\n<li class=\"text-body font-regular leading-[24px] my-[5px] [&amp;&gt;ol]:!pt-0 [&amp;&gt;ol]:!pb-0 [&amp;&gt;ul]:!pt-0 [&amp;&gt;ul]:!pb-0\" value=\"3\"><b><strong class=\"font-bold\">Ana iz Ni\u0161a<\/strong><\/b> pi\u0161e, &#8222;Preporu\u010dujem O Caps svima koji imaju problema sa vidom. Ovo je sjajna prirodna alternativa.&#8220;<\/li>\n<\/ol>\n<h2 class=\"font-bold text-h3 leading-[36px] pt-[21px] pb-[2px] [&amp;_a]:underline-offset-[6px] [&amp;_.underline]:underline-offset-[6px]\" dir=\"ltr\"><span class=\"ez-toc-section\" id=\"O_Caps_%E2%80%93_Sastav_i_sastojci\"><\/span>O Caps &#8211; Sastav i sastojci<span class=\"ez-toc-section-end\"><\/span><\/h2>\n<p class=\"text-body font-regular leading-[24px] pt-[9px] pb-[2px]\" dir=\"ltr\">O Caps je bogat razli\u010ditim hranljivim sastojcima koji su klju\u010dni za zdravlje o\u010diju. Evo detaljnog pregleda svakog od njih:<\/p>\n<ul class=\"pt-[9px] pb-[2px] pl-[24px] list-disc [&amp;_ul]:pt-[5px] pt-[5px]\">\n<li class=\"text-body font-regular leading-[24px] my-[5px] [&amp;&gt;ol]:!pt-0 [&amp;&gt;ol]:!pb-0 [&amp;&gt;ul]:!pt-0 [&amp;&gt;ul]:!pb-0\" value=\"1\"><b><strong class=\"font-bold\">Beta karoten<\/strong><\/b> je provitamin A koji je neophodan za zdravlje mre\u017enja\u010de i pobolj\u0161anje vida pri slabom osvetljenju.<\/li>\n<li class=\"text-body font-regular leading-[24px] my-[5px] [&amp;&gt;ol]:!pt-0 [&amp;&gt;ol]:!pb-0 [&amp;&gt;ul]:!pt-0 [&amp;&gt;ul]:!pb-0\" value=\"2\"><b><strong class=\"font-bold\">Cink<\/strong><\/b> je mineral koji poma\u017ee u prevenciji makularne degeneracije i podr\u017eava funkciju imuniteta.<\/li>\n<li class=\"text-body font-regular leading-[24px] my-[5px] [&amp;&gt;ol]:!pt-0 [&amp;&gt;ol]:!pb-0 [&amp;&gt;ul]:!pt-0 [&amp;&gt;ul]:!pb-0\" value=\"3\"><b><strong class=\"font-bold\">Selen<\/strong><\/b> je antioksidans koji \u0161titi o\u010di od oksidativnog stresa i upala.<\/li>\n<li class=\"text-body font-regular leading-[24px] my-[5px] [&amp;&gt;ol]:!pt-0 [&amp;&gt;ol]:!pb-0 [&amp;&gt;ul]:!pt-0 [&amp;&gt;ul]:!pb-0\" value=\"4\"><b><strong class=\"font-bold\">Vitamin C<\/strong><\/b> je poznat po svojim antioksidativnim svojstvima i poma\u017ee u o\u010duvanju zdravlja krvnih sudova u o\u010dima.<\/li>\n<li class=\"text-body font-regular leading-[24px] my-[5px] [&amp;&gt;ol]:!pt-0 [&amp;&gt;ol]:!pb-0 [&amp;&gt;ul]:!pt-0 [&amp;&gt;ul]:!pb-0\" value=\"5\"><b><strong class=\"font-bold\">Vitamin E<\/strong><\/b> \u0161titi \u0107elijske membrane od o\u0161te\u0107enja uzrokovanih slobodnim radikalima.<\/li>\n<li class=\"text-body font-regular leading-[24px] my-[5px] [&amp;&gt;ol]:!pt-0 [&amp;&gt;ol]:!pb-0 [&amp;&gt;ul]:!pt-0 [&amp;&gt;ul]:!pb-0\" value=\"6\"><b><strong class=\"font-bold\">Maltodekstrin<\/strong><\/b> poma\u017ee u stabilizaciji formule i olak\u0161ava apsorpciju drugih sastojaka.<\/li>\n<li class=\"text-body font-regular leading-[24px] my-[5px] [&amp;&gt;ol]:!pt-0 [&amp;&gt;ol]:!pb-0 [&amp;&gt;ul]:!pt-0 [&amp;&gt;ul]:!pb-0\" value=\"7\"><b><strong class=\"font-bold\">Magnezijum-stearat<\/strong><\/b> se koristi kao sredstvo za tabletiranje koje osigurava ravnomerno raspore\u0111ivanje aktivnih sastojaka.<\/li>\n<li class=\"text-body font-regular leading-[24px] my-[5px] [&amp;&gt;ol]:!pt-0 [&amp;&gt;ol]:!pb-0 [&amp;&gt;ul]:!pt-0 [&amp;&gt;ul]:!pb-0\" value=\"8\"><b><strong class=\"font-bold\">Silicijum-dioksid<\/strong><\/b> pobolj\u0161ava apsorpciju i biodostupnost vitamina i minerala.<\/li>\n<li class=\"text-body font-regular leading-[24px] my-[5px] [&amp;&gt;ol]:!pt-0 [&amp;&gt;ol]:!pb-0 [&amp;&gt;ul]:!pt-0 [&amp;&gt;ul]:!pb-0\" value=\"9\"><b><strong class=\"font-bold\">\u017delatin<\/strong><\/b> slu\u017ei kao kapsulacija koja osigurava integritet formule.<\/li>\n<li class=\"text-body font-regular leading-[24px] my-[5px] [&amp;&gt;ol]:!pt-0 [&amp;&gt;ol]:!pb-0 [&amp;&gt;ul]:!pt-0 [&amp;&gt;ul]:!pb-0\" value=\"10\"><b><strong class=\"font-bold\">Titan-dioksid<\/strong><\/b> i <b><strong class=\"font-bold\">\u017euti oksid gvo\u017e\u0111a<\/strong><\/b> se koriste kao prirodne boje koje osiguravaju stabilnost sastava.<\/li>\n<\/ul>\n<h2 class=\"font-bold text-h3 leading-[36px] pt-[21px] pb-[2px] [&amp;_a]:underline-offset-[6px] [&amp;_.underline]:underline-offset-[6px]\" dir=\"ltr\"><span class=\"ez-toc-section\" id=\"O_Caps_%E2%80%93_Prednosti_i_rezultati\"><\/span>O Caps &#8211; Prednosti i rezultati<span class=\"ez-toc-section-end\"><\/span><\/h2>\n<p class=\"text-body font-regular leading-[24px] pt-[9px] pb-[2px]\" dir=\"ltr\">Prednosti kori\u0161\u0107enja O Caps-a su brojne i uklju\u010duju:<\/p>\n<ul class=\"pt-[9px] pb-[2px] pl-[24px] list-disc [&amp;_ul]:pt-[5px] pt-[5px]\">\n<li class=\"text-body font-regular leading-[24px] my-[5px] [&amp;&gt;ol]:!pt-0 [&amp;&gt;ol]:!pb-0 [&amp;&gt;ul]:!pt-0 [&amp;&gt;ul]:!pb-0\" value=\"1\"><b><strong class=\"font-bold\">Pobolj\u0161anje vida<\/strong><\/b> zahvaljuju\u0107i sinergiji vitamina i minerala koji podr\u017eavaju funkciju o\u010diju.<\/li>\n<li class=\"text-body font-regular leading-[24px] my-[5px] [&amp;&gt;ol]:!pt-0 [&amp;&gt;ol]:!pb-0 [&amp;&gt;ul]:!pt-0 [&amp;&gt;ul]:!pb-0\" value=\"2\"><b><strong class=\"font-bold\">Smanjenje umora o\u010diju<\/strong><\/b> \u0161to je posebno va\u017eno za ljude koji puno vremena provode ispred ekrana.<\/li>\n<li class=\"text-body font-regular leading-[24px] my-[5px] [&amp;&gt;ol]:!pt-0 [&amp;&gt;ol]:!pb-0 [&amp;&gt;ul]:!pt-0 [&amp;&gt;ul]:!pb-0\" value=\"3\"><b><strong class=\"font-bold\">Za\u0161tita od oksidativnog stresa<\/strong><\/b> koji mo\u017ee izazvati dugoro\u010dna o\u0161te\u0107enja oka.<\/li>\n<\/ul>\n<p class=\"text-body font-regular leading-[24px] pt-[9px] pb-[2px]\" dir=\"ltr\">Rezultati kori\u0161\u0107enja O Caps-a mogu biti vidljivi ve\u0107 posle nekoliko nedelja redovne upotrebe, pri \u010demu korisnici prime\u0107uju jasniji i o\u0161triji vid, kao i manje umora o\u010diju.<\/p>\n<h2 class=\"font-bold text-h3 leading-[36px] pt-[21px] pb-[2px] [&amp;_a]:underline-offset-[6px] [&amp;_.underline]:underline-offset-[6px]\" dir=\"ltr\"><span class=\"ez-toc-section\" id=\"Gde_kupiti_O_Caps_u_Srbiji_Apoteka_DM_Lilly\"><\/span>Gde kupiti O Caps u Srbiji? Apoteka, DM, Lilly<span class=\"ez-toc-section-end\"><\/span><\/h2>\n<p class=\"text-body font-regular leading-[24px] pt-[9px] pb-[2px]\" dir=\"ltr\">O Caps se mo\u017ee kupiti isklju\u010divo na zvani\u010dnoj veb stranici proizvo\u0111a\u010da. Ovo je u\u010dinjeno kako bi se osigurala autenti\u010dnost proizvoda i spre\u010dile potencijalne prevare. Kupovinom direktno od proizvo\u0111a\u010da, korisnici mogu biti sigurni da dobijaju originalan proizvod sa svim deklarisanim svojstvima i kvalitetom.<\/p>\n<h2 class=\"font-bold text-h3 leading-[36px] pt-[21px] pb-[2px] [&amp;_a]:underline-offset-[6px] [&amp;_.underline]:underline-offset-[6px]\" dir=\"ltr\"><span class=\"ez-toc-section\" id=\"Koliko_kosta_O_Caps_Cena\"><\/span>Koliko ko\u0161ta O Caps? Cena<span class=\"ez-toc-section-end\"><\/span><\/h2>\n<p class=\"text-body font-regular leading-[24px] pt-[9px] pb-[2px]\" dir=\"ltr\">Cena O Caps-a je 3700 dinara. S obzirom na kvalitet sastojaka i broj prednosti koje donosi, ova cena je veoma povoljna. Investicija u zdravlje o\u010diju je neprocenjiva, a O Caps predstavlja pristupa\u010dno re\u0161enje za one koji \u017eele da vode ra\u010duna o svom vidu.<\/p>\n<h2 class=\"font-bold text-h3 leading-[36px] pt-[21px] pb-[2px] [&amp;_a]:underline-offset-[6px] [&amp;_.underline]:underline-offset-[6px]\" dir=\"ltr\"><span class=\"ez-toc-section\" id=\"Kako_se_koristi_O_Caps_Uputstvo_za_upotrebu\"><\/span>Kako se koristi O Caps? Uputstvo za upotrebu<span class=\"ez-toc-section-end\"><\/span><\/h2>\n<p class=\"text-body font-regular leading-[24px] pt-[9px] pb-[2px]\" dir=\"ltr\">Kori\u0161\u0107enje O Caps-a je jednostavno i prakti\u010dno. Preporu\u010duje se uzimanje jedne kapsule izme\u0111u obroka, jednom do dva puta dnevno. Va\u017eno je ne prekora\u010diti preporu\u010denu dnevnu dozu kako bi se postigli optimalni rezultati bez rizika od ne\u017eeljenih efekata.<\/p>\n<h2 class=\"font-bold text-h3 leading-[36px] pt-[21px] pb-[2px] [&amp;_a]:underline-offset-[6px] [&amp;_.underline]:underline-offset-[6px]\" dir=\"ltr\"><span class=\"ez-toc-section\" id=\"O_Caps_%E2%80%93_Kontraindikacije_i_nezeljeni_efekti\"><\/span>O Caps &#8211; Kontraindikacije i ne\u017eeljeni efekti<span class=\"ez-toc-section-end\"><\/span><\/h2>\n<p class=\"text-body font-regular leading-[24px] pt-[9px] pb-[2px]\" dir=\"ltr\">Iako je O Caps prirodan proizvod, postoje odre\u0111ene kontraindikacije. Ovaj proizvod nije namenjen osobama preosetljivim na sastojke, deci, trudnicama i dojiljama. Uvek je najbolje konsultovati se sa lekarom pre po\u010detka kori\u0161\u0107enja bilo kog novog dodatka ishrani, kako bi se osigurala bezbednost i efikasnost.<\/p>\n","protected":false},"excerpt":{"rendered":"<p>O Caps je dodatak ishrani dizajniran da podr\u017ei zdravlje o\u010diju. Namenjen je osobama koje \u017eele da unaprede funkciju svog vida [&hellip;]<\/p>\n","protected":false},"featured_media":162,"template":"","meta":{"site-sidebar-layout":"default","site-content-layout":"","ast-site-content-layout":"default","site-content-style":"default","site-sidebar-style":"default","ast-global-header-display":"","ast-banner-title-visibility":"","ast-main-header-display":"","ast-hfb-above-header-display":"","ast-hfb-below-header-display":"","ast-hfb-mobile-header-display":"","site-post-title":"","ast-breadcrumbs-content":"","ast-featured-img":"","footer-sml-layout":"","ast-disable-related-posts":"","theme-transparent-header-meta":"default","adv-header-id-meta":"","stick-header-meta":"","header-above-stick-meta":"","header-main-stick-meta":"","header-below-stick-meta":"","astra-migrate-meta-layouts":"set","ast-page-background-enabled":"default","ast-page-background-meta":{"desktop":{"background-color":"var(--ast-global-color-4)","background-image":"","background-repeat":"repeat","background-position":"center center","background-size":"auto","background-attachment":"scroll","background-type":"","background-media":"","overlay-type":"","overlay-color":"","overlay-opacity":"","overlay-gradient":""},"tablet":{"background-color":"","background-image":"","background-repeat":"repeat","background-position":"center center","background-size":"auto","background-attachment":"scroll","background-type":"","background-media":"","overlay-type":"","overlay-color":"","overlay-opacity":"","overlay-gradient":""},"mobile":{"background-color":"","background-image":"","background-repeat":"repeat","background-position":"center center","background-size":"auto","background-attachment":"scroll","background-type":"","background-media":"","overlay-type":"","overlay-color":"","overlay-opacity":"","overlay-gradient":""}},"ast-content-background-meta":{"desktop":{"background-color":"var(--ast-global-color-5)","background-image":"","background-repeat":"repeat","background-position":"center center","background-size":"auto","background-attachment":"scroll","background-type":"","background-media":"","overlay-type":"","overlay-color":"","overlay-opacity":"","overlay-gradient":""},"tablet":{"background-color":"var(--ast-global-color-5)","background-image":"","background-repeat":"repeat","background-position":"center center","background-size":"auto","background-attachment":"scroll","background-type":"","background-media":"","overlay-type":"","overlay-color":"","overlay-opacity":"","overlay-gradient":""},"mobile":{"background-color":"var(--ast-global-color-5)","background-image":"","background-repeat":"repeat","background-position":"center center","background-size":"auto","background-attachment":"scroll","background-type":"","background-media":"","overlay-type":"","overlay-color":"","overlay-opacity":"","overlay-gradient":""}},"iawp_total_views":242},"product_brand":[],"product_cat":[15],"product_tag":[],"class_list":{"0":"post-161","1":"product","2":"type-product","3":"status-publish","4":"has-post-thumbnail","6":"product_cat-zdravlje","7":"desktop-align-left","8":"tablet-align-left","9":"mobile-align-left","11":"first","12":"instock","13":"sale","14":"shipping-taxable","15":"purchasable","16":"product-type-simple"},"yoast_head":"<!-- This site is optimized with the Yoast SEO plugin v27.6 - https:\/\/yoast.com\/product\/yoast-seo-wordpress\/ -->\n<title>O Caps - Svet Dodataka Prehrani<\/title>\n<meta name=\"robots\" content=\"index, follow, max-snippet:-1, max-image-preview:large, max-video-preview:-1\" \/>\n<link rel=\"canonical\" href=\"https:\/\/www.bioslab.rs\/apoteka\/product\/o-caps\/\" \/>\n<meta property=\"og:locale\" content=\"sr_RS\" \/>\n<meta property=\"og:type\" content=\"article\" \/>\n<meta property=\"og:title\" content=\"O Caps - Svet Dodataka Prehrani\" \/>\n<meta property=\"og:description\" content=\"O Caps je dodatak ishrani dizajniran da podr\u017ei zdravlje o\u010diju. Namenjen je osobama koje \u017eele da unaprede funkciju svog vida [&hellip;]\" \/>\n<meta property=\"og:url\" content=\"https:\/\/www.bioslab.rs\/apoteka\/product\/o-caps\/\" \/>\n<meta property=\"og:site_name\" content=\"Svet Dodataka Prehrani\" \/>\n<meta property=\"article:publisher\" content=\"https:\/\/www.facebook.com\/www.bioslab.rs\/\" \/>\n<meta property=\"og:image\" content=\"https:\/\/www.bioslab.rs\/apoteka\/wp-content\/uploads\/2024\/07\/o-caps.jpg\" \/>\n\t<meta property=\"og:image:width\" content=\"250\" \/>\n\t<meta property=\"og:image:height\" content=\"300\" \/>\n\t<meta property=\"og:image:type\" content=\"image\/jpeg\" \/>\n<meta name=\"twitter:card\" content=\"summary_large_image\" \/>\n<meta name=\"twitter:label1\" content=\"\u041f\u0440\u043e\u0446\u0435\u045a\u0435\u043d\u043e \u0432\u0440\u0435\u043c\u0435 \u0447\u0438\u0442\u0430\u045a\u0430\" \/>\n\t<meta name=\"twitter:data1\" content=\"5 \u043c\u0438\u043d\u0443\u0442\u0430\" \/>\n<script type=\"application\/ld+json\" class=\"yoast-schema-graph\">{\"@context\":\"https:\\\/\\\/schema.org\",\"@graph\":[{\"@type\":\"WebPage\",\"@id\":\"https:\\\/\\\/www.bioslab.rs\\\/apoteka\\\/product\\\/o-caps\\\/\",\"url\":\"https:\\\/\\\/www.bioslab.rs\\\/apoteka\\\/product\\\/o-caps\\\/\",\"name\":\"O Caps - Svet Dodataka Prehrani\",\"isPartOf\":{\"@id\":\"http:\\\/\\\/www.bioslab.rs\\\/apoteka\\\/#website\"},\"primaryImageOfPage\":{\"@id\":\"https:\\\/\\\/www.bioslab.rs\\\/apoteka\\\/product\\\/o-caps\\\/#primaryimage\"},\"image\":{\"@id\":\"https:\\\/\\\/www.bioslab.rs\\\/apoteka\\\/product\\\/o-caps\\\/#primaryimage\"},\"thumbnailUrl\":\"https:\\\/\\\/www.bioslab.rs\\\/apoteka\\\/wp-content\\\/uploads\\\/2024\\\/07\\\/o-caps.jpg\",\"datePublished\":\"2024-07-23T16:12:35+00:00\",\"breadcrumb\":{\"@id\":\"https:\\\/\\\/www.bioslab.rs\\\/apoteka\\\/product\\\/o-caps\\\/#breadcrumb\"},\"inLanguage\":\"sr-RS\",\"potentialAction\":[{\"@type\":\"ReadAction\",\"target\":[\"https:\\\/\\\/www.bioslab.rs\\\/apoteka\\\/product\\\/o-caps\\\/\"]}]},{\"@type\":\"ImageObject\",\"inLanguage\":\"sr-RS\",\"@id\":\"https:\\\/\\\/www.bioslab.rs\\\/apoteka\\\/product\\\/o-caps\\\/#primaryimage\",\"url\":\"https:\\\/\\\/www.bioslab.rs\\\/apoteka\\\/wp-content\\\/uploads\\\/2024\\\/07\\\/o-caps.jpg\",\"contentUrl\":\"https:\\\/\\\/www.bioslab.rs\\\/apoteka\\\/wp-content\\\/uploads\\\/2024\\\/07\\\/o-caps.jpg\",\"width\":250,\"height\":300,\"caption\":\"o caps\"},{\"@type\":\"BreadcrumbList\",\"@id\":\"https:\\\/\\\/www.bioslab.rs\\\/apoteka\\\/product\\\/o-caps\\\/#breadcrumb\",\"itemListElement\":[{\"@type\":\"ListItem\",\"position\":1,\"name\":\"Home\",\"item\":\"http:\\\/\\\/www.bioslab.rs\\\/apoteka\\\/\"},{\"@type\":\"ListItem\",\"position\":2,\"name\":\"Dodaci Prehrani\",\"item\":\"http:\\\/\\\/www.bioslab.rs\\\/apoteka\\\/\"},{\"@type\":\"ListItem\",\"position\":3,\"name\":\"O Caps\"}]},{\"@type\":\"WebSite\",\"@id\":\"http:\\\/\\\/www.bioslab.rs\\\/apoteka\\\/#website\",\"url\":\"http:\\\/\\\/www.bioslab.rs\\\/apoteka\\\/\",\"name\":\"Srbija Apoteka\",\"description\":\"\",\"potentialAction\":[{\"@type\":\"SearchAction\",\"target\":{\"@type\":\"EntryPoint\",\"urlTemplate\":\"http:\\\/\\\/www.bioslab.rs\\\/apoteka\\\/?s={search_term_string}\"},\"query-input\":{\"@type\":\"PropertyValueSpecification\",\"valueRequired\":true,\"valueName\":\"search_term_string\"}}],\"inLanguage\":\"sr-RS\"}]}<\/script>\n<!-- \/ Yoast SEO plugin. -->","yoast_head_json":{"title":"O Caps - Svet Dodataka Prehrani","robots":{"index":"index","follow":"follow","max-snippet":"max-snippet:-1","max-image-preview":"max-image-preview:large","max-video-preview":"max-video-preview:-1"},"canonical":"https:\/\/www.bioslab.rs\/apoteka\/product\/o-caps\/","og_locale":"sr_RS","og_type":"article","og_title":"O Caps - Svet Dodataka Prehrani","og_description":"O Caps je dodatak ishrani dizajniran da podr\u017ei zdravlje o\u010diju. Namenjen je osobama koje \u017eele da unaprede funkciju svog vida [&hellip;]","og_url":"https:\/\/www.bioslab.rs\/apoteka\/product\/o-caps\/","og_site_name":"Svet Dodataka Prehrani","article_publisher":"https:\/\/www.facebook.com\/www.bioslab.rs\/","og_image":[{"width":250,"height":300,"url":"https:\/\/www.bioslab.rs\/apoteka\/wp-content\/uploads\/2024\/07\/o-caps.jpg","type":"image\/jpeg"}],"twitter_card":"summary_large_image","twitter_misc":{"\u041f\u0440\u043e\u0446\u0435\u045a\u0435\u043d\u043e \u0432\u0440\u0435\u043c\u0435 \u0447\u0438\u0442\u0430\u045a\u0430":"5 \u043c\u0438\u043d\u0443\u0442\u0430"},"schema":{"@context":"https:\/\/schema.org","@graph":[{"@type":"WebPage","@id":"https:\/\/www.bioslab.rs\/apoteka\/product\/o-caps\/","url":"https:\/\/www.bioslab.rs\/apoteka\/product\/o-caps\/","name":"O Caps - Svet Dodataka Prehrani","isPartOf":{"@id":"http:\/\/www.bioslab.rs\/apoteka\/#website"},"primaryImageOfPage":{"@id":"https:\/\/www.bioslab.rs\/apoteka\/product\/o-caps\/#primaryimage"},"image":{"@id":"https:\/\/www.bioslab.rs\/apoteka\/product\/o-caps\/#primaryimage"},"thumbnailUrl":"https:\/\/www.bioslab.rs\/apoteka\/wp-content\/uploads\/2024\/07\/o-caps.jpg","datePublished":"2024-07-23T16:12:35+00:00","breadcrumb":{"@id":"https:\/\/www.bioslab.rs\/apoteka\/product\/o-caps\/#breadcrumb"},"inLanguage":"sr-RS","potentialAction":[{"@type":"ReadAction","target":["https:\/\/www.bioslab.rs\/apoteka\/product\/o-caps\/"]}]},{"@type":"ImageObject","inLanguage":"sr-RS","@id":"https:\/\/www.bioslab.rs\/apoteka\/product\/o-caps\/#primaryimage","url":"https:\/\/www.bioslab.rs\/apoteka\/wp-content\/uploads\/2024\/07\/o-caps.jpg","contentUrl":"https:\/\/www.bioslab.rs\/apoteka\/wp-content\/uploads\/2024\/07\/o-caps.jpg","width":250,"height":300,"caption":"o caps"},{"@type":"BreadcrumbList","@id":"https:\/\/www.bioslab.rs\/apoteka\/product\/o-caps\/#breadcrumb","itemListElement":[{"@type":"ListItem","position":1,"name":"Home","item":"http:\/\/www.bioslab.rs\/apoteka\/"},{"@type":"ListItem","position":2,"name":"Dodaci Prehrani","item":"http:\/\/www.bioslab.rs\/apoteka\/"},{"@type":"ListItem","position":3,"name":"O Caps"}]},{"@type":"WebSite","@id":"http:\/\/www.bioslab.rs\/apoteka\/#website","url":"http:\/\/www.bioslab.rs\/apoteka\/","name":"Srbija Apoteka","description":"","potentialAction":[{"@type":"SearchAction","target":{"@type":"EntryPoint","urlTemplate":"http:\/\/www.bioslab.rs\/apoteka\/?s={search_term_string}"},"query-input":{"@type":"PropertyValueSpecification","valueRequired":true,"valueName":"search_term_string"}}],"inLanguage":"sr-RS"}]}},"_links":{"self":[{"href":"https:\/\/www.bioslab.rs\/apoteka\/wp-json\/wp\/v2\/product\/161","targetHints":{"allow":["GET"]}}],"collection":[{"href":"https:\/\/www.bioslab.rs\/apoteka\/wp-json\/wp\/v2\/product"}],"about":[{"href":"https:\/\/www.bioslab.rs\/apoteka\/wp-json\/wp\/v2\/types\/product"}],"wp:featuredmedia":[{"embeddable":true,"href":"https:\/\/www.bioslab.rs\/apoteka\/wp-json\/wp\/v2\/media\/162"}],"wp:attachment":[{"href":"https:\/\/www.bioslab.rs\/apoteka\/wp-json\/wp\/v2\/media?parent=161"}],"wp:term":[{"taxonomy":"product_brand","embeddable":true,"href":"https:\/\/www.bioslab.rs\/apoteka\/wp-json\/wp\/v2\/product_brand?post=161"},{"taxonomy":"product_cat","embeddable":true,"href":"https:\/\/www.bioslab.rs\/apoteka\/wp-json\/wp\/v2\/product_cat?post=161"},{"taxonomy":"product_tag","embeddable":true,"href":"https:\/\/www.bioslab.rs\/apoteka\/wp-json\/wp\/v2\/product_tag?post=161"}],"curies":[{"name":"wp","href":"https:\/\/api.w.org\/{rel}","templated":true}]}}