{"id":155,"date":"2024-07-23T15:50:53","date_gmt":"2024-07-23T15:50:53","guid":{"rendered":"https:\/\/www.bioslab.rs\/apoteka\/?post_type=product&#038;p=155"},"modified":"2024-07-23T15:50:53","modified_gmt":"2024-07-23T15:50:53","slug":"argan-oil","status":"publish","type":"product","link":"https:\/\/www.bioslab.rs\/apoteka\/product\/argan-oil\/","title":{"rendered":"Argan Oil"},"content":{"rendered":"<div id=\"ez-toc-container\" class=\"ez-toc-v2_0_82_2 counter-hierarchy ez-toc-counter ez-toc-grey ez-toc-container-direction\">\n<div class=\"ez-toc-title-container\">\n<p class=\"ez-toc-title\" style=\"cursor:inherit\">Pregled sadr\u017eaja<\/p>\n<span class=\"ez-toc-title-toggle\"><a href=\"#\" class=\"ez-toc-pull-right ez-toc-btn ez-toc-btn-xs ez-toc-btn-default ez-toc-toggle\" aria-label=\"Toggle Table of Content\"><span class=\"ez-toc-js-icon-con\"><span class=\"\"><span class=\"eztoc-hide\" style=\"display:none;\">Toggle<\/span><span class=\"ez-toc-icon-toggle-span\"><svg style=\"fill: #999;color:#999\" xmlns=\"http:\/\/www.w3.org\/2000\/svg\" class=\"list-377408\" width=\"20px\" height=\"20px\" viewBox=\"0 0 24 24\" fill=\"none\"><path d=\"M6 6H4v2h2V6zm14 0H8v2h12V6zM4 11h2v2H4v-2zm16 0H8v2h12v-2zM4 16h2v2H4v-2zm16 0H8v2h12v-2z\" fill=\"currentColor\"><\/path><\/svg><svg style=\"fill: #999;color:#999\" class=\"arrow-unsorted-368013\" xmlns=\"http:\/\/www.w3.org\/2000\/svg\" width=\"10px\" height=\"10px\" viewBox=\"0 0 24 24\" version=\"1.2\" baseProfile=\"tiny\"><path d=\"M18.2 9.3l-6.2-6.3-6.2 6.3c-.2.2-.3.4-.3.7s.1.5.3.7c.2.2.4.3.7.3h11c.3 0 .5-.1.7-.3.2-.2.3-.5.3-.7s-.1-.5-.3-.7zM5.8 14.7l6.2 6.3 6.2-6.3c.2-.2.3-.5.3-.7s-.1-.5-.3-.7c-.2-.2-.4-.3-.7-.3h-11c-.3 0-.5.1-.7.3-.2.2-.3.5-.3.7s.1.5.3.7z\"\/><\/svg><\/span><\/span><\/span><\/a><\/span><\/div>\n<nav><ul class='ez-toc-list ez-toc-list-level-1 eztoc-toggle-hide-by-default' ><li class='ez-toc-page-1 ez-toc-heading-level-2'><a class=\"ez-toc-link ez-toc-heading-1\" href=\"https:\/\/www.bioslab.rs\/apoteka\/product\/argan-oil\/#Kako_funkcionise_Argan_Oil\" >Kako funkcioni\u0161e Argan Oil?<\/a><\/li><li class='ez-toc-page-1 ez-toc-heading-level-2'><a class=\"ez-toc-link ez-toc-heading-2\" href=\"https:\/\/www.bioslab.rs\/apoteka\/product\/argan-oil\/#Argan_Oil_%E2%80%93_Iskustva_i_misljenja\" >Argan Oil &#8211; Iskustva i mi\u0161ljenja<\/a><\/li><li class='ez-toc-page-1 ez-toc-heading-level-2'><a class=\"ez-toc-link ez-toc-heading-3\" href=\"https:\/\/www.bioslab.rs\/apoteka\/product\/argan-oil\/#Argan_Oil_%E2%80%93_Sastav_i_sastojci\" >Argan Oil &#8211; Sastav i sastojci<\/a><\/li><li class='ez-toc-page-1 ez-toc-heading-level-2'><a class=\"ez-toc-link ez-toc-heading-4\" href=\"https:\/\/www.bioslab.rs\/apoteka\/product\/argan-oil\/#Argan_Oil_%E2%80%93_Prednosti_i_rezultati\" >Argan Oil &#8211; Prednosti i rezultati<\/a><\/li><li class='ez-toc-page-1 ez-toc-heading-level-2'><a class=\"ez-toc-link ez-toc-heading-5\" href=\"https:\/\/www.bioslab.rs\/apoteka\/product\/argan-oil\/#Gde_kupiti_Argan_Oil_u_Srbiji_Apoteka_DM_Lilly\" >Gde kupiti Argan Oil u Srbiji? Apoteka, DM, Lilly<\/a><\/li><li class='ez-toc-page-1 ez-toc-heading-level-2'><a class=\"ez-toc-link ez-toc-heading-6\" href=\"https:\/\/www.bioslab.rs\/apoteka\/product\/argan-oil\/#Koliko_kosta_Argan_Oil_Cena\" >Koliko ko\u0161ta Argan Oil? Cena<\/a><\/li><li class='ez-toc-page-1 ez-toc-heading-level-2'><a class=\"ez-toc-link ez-toc-heading-7\" href=\"https:\/\/www.bioslab.rs\/apoteka\/product\/argan-oil\/#Kako_se_koristi_Argan_Oil_Uputstvo_za_upotrebu\" >Kako se koristi Argan Oil? Uputstvo za upotrebu<\/a><\/li><li class='ez-toc-page-1 ez-toc-heading-level-2'><a class=\"ez-toc-link ez-toc-heading-8\" href=\"https:\/\/www.bioslab.rs\/apoteka\/product\/argan-oil\/#Argan_Oil_%E2%80%93_Kontraindikacije_i_nezeljeni_efekti\" >Argan Oil &#8211; Kontraindikacije i ne\u017eeljeni efekti<\/a><\/li><\/ul><\/nav><\/div>\n<p class=\"text-body font-regular leading-[24px] pt-[9px] pb-[2px]\" dir=\"ltr\">Arganovo ulje je poznato i kao &#8222;te\u010dno zlato&#8220; zbog svojih neverovatnih svojstava i koristi za ko\u017eu i kosu. Dobija se iz jezgra ploda arganovog drveta koje raste u Maroku. Zbog svoje bogate koncentracije hranljivih sastojaka, vitamina i antioksidanata, arganovo ulje se koristi kao proizvod za podmla\u0111ivanje ko\u017ee. Ono hidrira ko\u017eu, smanjuje bore i fine linije, i pobolj\u0161ava elasti\u010dnost ko\u017ee. Tako\u0111e poma\u017ee u tretiranju suve i o\u0161te\u0107ene kose, \u010dine\u0107i je sjajnom i zdravom.<\/p>\n<h2 class=\"font-bold text-h3 leading-[36px] pt-[21px] pb-[2px] [&amp;_a]:underline-offset-[6px] [&amp;_.underline]:underline-offset-[6px]\" dir=\"ltr\"><span class=\"ez-toc-section\" id=\"Kako_funkcionise_Argan_Oil\"><\/span>Kako funkcioni\u0161e Argan Oil?<span class=\"ez-toc-section-end\"><\/span><\/h2>\n<p class=\"text-body font-regular leading-[24px] pt-[9px] pb-[2px]\" dir=\"ltr\">Arganovo ulje funkcioni\u0161e tako \u0161to prodire duboko u ko\u017eu i kosu, isporu\u010duju\u0107i esencijalne hranljive materije koje poma\u017eu u obnavljanju i za\u0161titi. Hranljivi sastojci kao \u0161to su vitamin E i masne kiseline poma\u017eu u hidrataciji, smanjenju upala i obnavljanju \u0107elija ko\u017ee. Zbog svojih antioksidativnih svojstava, arganovo ulje \u0161titi ko\u017eu od slobodnih radikala i o\u0161te\u0107enja izazvanih spolja\u0161njim faktorima. Kada se koristi na kosi, arganovo ulje poma\u017ee u ja\u010danju folikula dlake, smanjuje lomljenje i pospe\u0161uje rast zdrave kose.<\/p>\n<h2 class=\"font-bold text-h3 leading-[36px] pt-[21px] pb-[2px] [&amp;_a]:underline-offset-[6px] [&amp;_.underline]:underline-offset-[6px]\" dir=\"ltr\"><span class=\"ez-toc-section\" id=\"Argan_Oil_%E2%80%93_Iskustva_i_misljenja\"><\/span>Argan Oil &#8211; Iskustva i mi\u0161ljenja<span class=\"ez-toc-section-end\"><\/span><\/h2>\n<p class=\"text-body font-regular leading-[24px] pt-[9px] pb-[2px]\" dir=\"ltr\">Iskustva korisnika arganovog ulja su uglavnom pozitivna. Mnoge \u017eene su primetile zna\u010dajna pobolj\u0161anja u stanju svoje ko\u017ee i kose. Evo nekoliko komentara korisnika:<\/p>\n<ol class=\"pt-[9px] pb-[2px] pl-[24px] [&amp;_ol]:pt-[5px] list-decimal\">\n<li class=\"text-body font-regular leading-[24px] my-[5px] [&amp;&gt;ol]:!pt-0 [&amp;&gt;ol]:!pb-0 [&amp;&gt;ul]:!pt-0 [&amp;&gt;ul]:!pb-0\" value=\"1\">&#8222;Koristim arganovo ulje ve\u0107 nekoliko meseci i moja ko\u017ea nikada nije bila mek\u0161a i sjajnija. Bore su se smanjile, a ten mi je ujedna\u010deniji.&#8220; &#8211; Jelena, 34 godina<\/li>\n<li class=\"text-body font-regular leading-[24px] my-[5px] [&amp;&gt;ol]:!pt-0 [&amp;&gt;ol]:!pb-0 [&amp;&gt;ul]:!pt-0 [&amp;&gt;ul]:!pb-0\" value=\"2\">&#8222;Arganovo ulje je savr\u0161eno za moju suvu kosu. Nanosi ga 3-4 puta nedeljno i kosa mi je postala mnogo sjajnija i manje lomljiva.&#8220; &#8211; Milica, 28 godina<\/li>\n<li class=\"text-body font-regular leading-[24px] my-[5px] [&amp;&gt;ol]:!pt-0 [&amp;&gt;ol]:!pb-0 [&amp;&gt;ul]:!pt-0 [&amp;&gt;ul]:!pb-0\" value=\"3\">&#8222;Nisam verovala koliko arganovo ulje mo\u017ee da promeni izgled moje ko\u017ee. Sada ga koristim svakodnevno i prezadovoljna sam rezultatima.&#8220; &#8211; Ana, 40 godina<\/li>\n<\/ol>\n<h2 class=\"font-bold text-h3 leading-[36px] pt-[21px] pb-[2px] [&amp;_a]:underline-offset-[6px] [&amp;_.underline]:underline-offset-[6px]\" dir=\"ltr\"><span class=\"ez-toc-section\" id=\"Argan_Oil_%E2%80%93_Sastav_i_sastojci\"><\/span>Argan Oil &#8211; Sastav i sastojci<span class=\"ez-toc-section-end\"><\/span><\/h2>\n<p class=\"text-body font-regular leading-[24px] pt-[9px] pb-[2px]\" dir=\"ltr\">Arganovo ulje se sastoji od 100% prirodnog nerafinisanog arganovog ulja koje se dobija postupkom suvog ce\u0111enja. Glavni sastojci uklju\u010duju vitamin E i vitamin A.<\/p>\n<ul class=\"pt-[9px] pb-[2px] pl-[24px] list-disc [&amp;_ul]:pt-[5px] pt-[5px]\">\n<li class=\"text-body font-regular leading-[24px] my-[5px] [&amp;&gt;ol]:!pt-0 [&amp;&gt;ol]:!pb-0 [&amp;&gt;ul]:!pt-0 [&amp;&gt;ul]:!pb-0\" value=\"1\"><b><strong class=\"font-bold\">Nerafinisano arganovo ulje<\/strong><\/b>: Ovaj sastojak je bogat masnim kiselinama i antioksidantima koji poma\u017eu u hidrataciji i za\u0161titi ko\u017ee i kose.<\/li>\n<li class=\"text-body font-regular leading-[24px] my-[5px] [&amp;&gt;ol]:!pt-0 [&amp;&gt;ol]:!pb-0 [&amp;&gt;ul]:!pt-0 [&amp;&gt;ul]:!pb-0\" value=\"2\"><b><strong class=\"font-bold\">Vitamin E<\/strong><\/b>: Poznat po svojim antioksidativnim svojstvima, vitamin E \u0161titi ko\u017eu od o\u0161te\u0107enja slobodnim radikalima i poma\u017ee u obnavljanju \u0107elija.<\/li>\n<li class=\"text-body font-regular leading-[24px] my-[5px] [&amp;&gt;ol]:!pt-0 [&amp;&gt;ol]:!pb-0 [&amp;&gt;ul]:!pt-0 [&amp;&gt;ul]:!pb-0\" value=\"3\"><b><strong class=\"font-bold\">Vitamin A<\/strong><\/b>: Ovaj vitamin pobolj\u0161ava elasti\u010dnost ko\u017ee i poma\u017ee u smanjenju bora i finih linija.<\/li>\n<\/ul>\n<h2 class=\"font-bold text-h3 leading-[36px] pt-[21px] pb-[2px] [&amp;_a]:underline-offset-[6px] [&amp;_.underline]:underline-offset-[6px]\" dir=\"ltr\"><span class=\"ez-toc-section\" id=\"Argan_Oil_%E2%80%93_Prednosti_i_rezultati\"><\/span>Argan Oil &#8211; Prednosti i rezultati<span class=\"ez-toc-section-end\"><\/span><\/h2>\n<p class=\"text-body font-regular leading-[24px] pt-[9px] pb-[2px]\" dir=\"ltr\">Prednosti kori\u0161\u0107enja arganovog ulja su brojne i raznolike. Neke od glavnih prednosti uklju\u010duju:<\/p>\n<ul class=\"pt-[9px] pb-[2px] pl-[24px] list-disc [&amp;_ul]:pt-[5px] pt-[5px]\">\n<li class=\"text-body font-regular leading-[24px] my-[5px] [&amp;&gt;ol]:!pt-0 [&amp;&gt;ol]:!pb-0 [&amp;&gt;ul]:!pt-0 [&amp;&gt;ul]:!pb-0\" value=\"1\"><b><strong class=\"font-bold\">Hidratacija ko\u017ee<\/strong><\/b>: Arganovo ulje duboko hidrira ko\u017eu, \u010dine\u0107i je mekom i glatkom.<\/li>\n<li class=\"text-body font-regular leading-[24px] my-[5px] [&amp;&gt;ol]:!pt-0 [&amp;&gt;ol]:!pb-0 [&amp;&gt;ul]:!pt-0 [&amp;&gt;ul]:!pb-0\" value=\"2\"><b><strong class=\"font-bold\">Smanjenje bora<\/strong><\/b>: Redovna upotreba arganovog ulja mo\u017ee smanjiti vidljivost bora i finih linija.<\/li>\n<li class=\"text-body font-regular leading-[24px] my-[5px] [&amp;&gt;ol]:!pt-0 [&amp;&gt;ol]:!pb-0 [&amp;&gt;ul]:!pt-0 [&amp;&gt;ul]:!pb-0\" value=\"3\"><b><strong class=\"font-bold\">Za\u0161tita kose<\/strong><\/b>: Arganovo ulje ja\u010da kosu, smanjuje lomljenje i pospe\u0161uje rast zdrave kose.<\/li>\n<li class=\"text-body font-regular leading-[24px] my-[5px] [&amp;&gt;ol]:!pt-0 [&amp;&gt;ol]:!pb-0 [&amp;&gt;ul]:!pt-0 [&amp;&gt;ul]:!pb-0\" value=\"4\"><b><strong class=\"font-bold\">Ujedna\u010davanje tena<\/strong><\/b>: Poma\u017ee u smanjenju fleka i hiperpigmentacije, \u010dine\u0107i ten ujedna\u010denijim.<\/li>\n<\/ul>\n<h2 class=\"font-bold text-h3 leading-[36px] pt-[21px] pb-[2px] [&amp;_a]:underline-offset-[6px] [&amp;_.underline]:underline-offset-[6px]\" dir=\"ltr\"><span class=\"ez-toc-section\" id=\"Gde_kupiti_Argan_Oil_u_Srbiji_Apoteka_DM_Lilly\"><\/span>Gde kupiti Argan Oil u Srbiji? Apoteka, DM, Lilly<span class=\"ez-toc-section-end\"><\/span><\/h2>\n<p class=\"text-body font-regular leading-[24px] pt-[9px] pb-[2px]\" dir=\"ltr\">Arganovo ulje se mo\u017ee kupiti isklju\u010divo na veb stranici proizvo\u0111a\u010da. Ovo osigurava da dobijate originalan proizvod visoke kvalitete. Kupovina direktno od proizvo\u0111a\u010da tako\u0111e omogu\u0107ava pristup ekskluzivnim ponudama i popustima koje ne mo\u017eete na\u0107i u apotekama ili prodavnicama kao \u0161to su DM i Lilly.<\/p>\n<h2 class=\"font-bold text-h3 leading-[36px] pt-[21px] pb-[2px] [&amp;_a]:underline-offset-[6px] [&amp;_.underline]:underline-offset-[6px]\" dir=\"ltr\"><span class=\"ez-toc-section\" id=\"Koliko_kosta_Argan_Oil_Cena\"><\/span>Koliko ko\u0161ta Argan Oil? Cena<span class=\"ez-toc-section-end\"><\/span><\/h2>\n<p class=\"text-body font-regular leading-[24px] pt-[9px] pb-[2px]\" dir=\"ltr\">Cena arganovog ulja je 3700 dinara. S obzirom na njegove brojne prednosti i visoku kvalitetu, ovo je pristupa\u010dna cena za proizvod koji mo\u017ee zna\u010dajno pobolj\u0161ati zdravlje va\u0161e ko\u017ee i kose.<\/p>\n<h2 class=\"font-bold text-h3 leading-[36px] pt-[21px] pb-[2px] [&amp;_a]:underline-offset-[6px] [&amp;_.underline]:underline-offset-[6px]\" dir=\"ltr\"><span class=\"ez-toc-section\" id=\"Kako_se_koristi_Argan_Oil_Uputstvo_za_upotrebu\"><\/span>Kako se koristi Argan Oil? Uputstvo za upotrebu<span class=\"ez-toc-section-end\"><\/span><\/h2>\n<p class=\"text-body font-regular leading-[24px] pt-[9px] pb-[2px]\" dir=\"ltr\">Arganovo ulje se mo\u017ee koristiti i za lice i za kosu. Evo detaljnih uputstava za upotrebu:<\/p>\n<ul class=\"pt-[9px] pb-[2px] pl-[24px] list-disc [&amp;_ul]:pt-[5px] pt-[5px]\">\n<li class=\"text-body font-regular leading-[24px] my-[5px] [&amp;&gt;ol]:!pt-0 [&amp;&gt;ol]:!pb-0 [&amp;&gt;ul]:!pt-0 [&amp;&gt;ul]:!pb-0\" value=\"1\"><b><strong class=\"font-bold\">Lice<\/strong><\/b>:<\/li>\n<\/ul>\n<ol class=\"pt-[9px] pb-[2px] pl-[24px] [&amp;_ol]:pt-[5px] list-decimal\">\n<li class=\"text-body font-regular leading-[24px] my-[5px] [&amp;&gt;ol]:!pt-0 [&amp;&gt;ol]:!pb-0 [&amp;&gt;ul]:!pt-0 [&amp;&gt;ul]:!pb-0\" value=\"1\">O\u010distite lice od \u0161minke i\/ili ne\u010distoc\u0301a.<\/li>\n<li class=\"text-body font-regular leading-[24px] my-[5px] [&amp;&gt;ol]:!pt-0 [&amp;&gt;ol]:!pb-0 [&amp;&gt;ul]:!pt-0 [&amp;&gt;ul]:!pb-0\" value=\"2\">Protresite bo\u010dicu pre upotrebe.<\/li>\n<li class=\"text-body font-regular leading-[24px] my-[5px] [&amp;&gt;ol]:!pt-0 [&amp;&gt;ol]:!pb-0 [&amp;&gt;ul]:!pt-0 [&amp;&gt;ul]:!pb-0\" value=\"3\">Nanesite ulje na vla\u017enu ko\u017eu lica i vrata.<\/li>\n<li class=\"text-body font-regular leading-[24px] my-[5px] [&amp;&gt;ol]:!pt-0 [&amp;&gt;ol]:!pb-0 [&amp;&gt;ul]:!pt-0 [&amp;&gt;ul]:!pb-0\" value=\"4\">Sa\u010dekajte da se ulje upije.<\/li>\n<\/ol>\n<ul class=\"pt-[9px] pb-[2px] pl-[24px] list-disc [&amp;_ul]:pt-[5px] pt-[5px]\">\n<li class=\"text-body font-regular leading-[24px] my-[5px] [&amp;&gt;ol]:!pt-0 [&amp;&gt;ol]:!pb-0 [&amp;&gt;ul]:!pt-0 [&amp;&gt;ul]:!pb-0\" value=\"1\"><b><strong class=\"font-bold\">Kosa<\/strong><\/b>:<\/li>\n<\/ul>\n<ol class=\"pt-[9px] pb-[2px] pl-[24px] [&amp;_ol]:pt-[5px] list-decimal\">\n<li class=\"text-body font-regular leading-[24px] my-[5px] [&amp;&gt;ol]:!pt-0 [&amp;&gt;ol]:!pb-0 [&amp;&gt;ul]:!pt-0 [&amp;&gt;ul]:!pb-0\" value=\"1\">Naneti 3-4 puta nedeljno na \u010distu ko\u017eu glave.<\/li>\n<li class=\"text-body font-regular leading-[24px] my-[5px] [&amp;&gt;ol]:!pt-0 [&amp;&gt;ol]:!pb-0 [&amp;&gt;ul]:!pt-0 [&amp;&gt;ul]:!pb-0\" value=\"2\">Utrljajte ne\u017enim, masirajuc\u0301im pokretima 1-2 minuta.<\/li>\n<li class=\"text-body font-regular leading-[24px] my-[5px] [&amp;&gt;ol]:!pt-0 [&amp;&gt;ol]:!pb-0 [&amp;&gt;ul]:!pt-0 [&amp;&gt;ul]:!pb-0\" value=\"3\">Ne ispirati.<\/li>\n<\/ol>\n<h2 class=\"font-bold text-h3 leading-[36px] pt-[21px] pb-[2px] [&amp;_a]:underline-offset-[6px] [&amp;_.underline]:underline-offset-[6px]\" dir=\"ltr\"><span class=\"ez-toc-section\" id=\"Argan_Oil_%E2%80%93_Kontraindikacije_i_nezeljeni_efekti\"><\/span>Argan Oil &#8211; Kontraindikacije i ne\u017eeljeni efekti<span class=\"ez-toc-section-end\"><\/span><\/h2>\n<p class=\"text-body font-regular leading-[24px] pt-[9px] pb-[2px]\" dir=\"ltr\">Arganovo ulje nije pogodno za decu, osobe sa alergijom na bilo koju od komponenti, i osobe sa dijagnozom raka. Pre upotrebe, preporu\u010duje se testiranje na maloj povr\u0161ini ko\u017ee kako bi se proverila eventualna alergijska reakcija.<\/p>\n","protected":false},"excerpt":{"rendered":"<p>Arganovo ulje je poznato i kao &#8222;te\u010dno zlato&#8220; zbog svojih neverovatnih svojstava i koristi za ko\u017eu i kosu. Dobija se [&hellip;]<\/p>\n","protected":false},"featured_media":156,"template":"","meta":{"site-sidebar-layout":"default","site-content-layout":"","ast-site-content-layout":"default","site-content-style":"default","site-sidebar-style":"default","ast-global-header-display":"","ast-banner-title-visibility":"","ast-main-header-display":"","ast-hfb-above-header-display":"","ast-hfb-below-header-display":"","ast-hfb-mobile-header-display":"","site-post-title":"","ast-breadcrumbs-content":"","ast-featured-img":"","footer-sml-layout":"","ast-disable-related-posts":"","theme-transparent-header-meta":"default","adv-header-id-meta":"","stick-header-meta":"","header-above-stick-meta":"","header-main-stick-meta":"","header-below-stick-meta":"","astra-migrate-meta-layouts":"set","ast-page-background-enabled":"default","ast-page-background-meta":{"desktop":{"background-color":"var(--ast-global-color-4)","background-image":"","background-repeat":"repeat","background-position":"center center","background-size":"auto","background-attachment":"scroll","background-type":"","background-media":"","overlay-type":"","overlay-color":"","overlay-opacity":"","overlay-gradient":""},"tablet":{"background-color":"","background-image":"","background-repeat":"repeat","background-position":"center center","background-size":"auto","background-attachment":"scroll","background-type":"","background-media":"","overlay-type":"","overlay-color":"","overlay-opacity":"","overlay-gradient":""},"mobile":{"background-color":"","background-image":"","background-repeat":"repeat","background-position":"center center","background-size":"auto","background-attachment":"scroll","background-type":"","background-media":"","overlay-type":"","overlay-color":"","overlay-opacity":"","overlay-gradient":""}},"ast-content-background-meta":{"desktop":{"background-color":"var(--ast-global-color-5)","background-image":"","background-repeat":"repeat","background-position":"center center","background-size":"auto","background-attachment":"scroll","background-type":"","background-media":"","overlay-type":"","overlay-color":"","overlay-opacity":"","overlay-gradient":""},"tablet":{"background-color":"var(--ast-global-color-5)","background-image":"","background-repeat":"repeat","background-position":"center center","background-size":"auto","background-attachment":"scroll","background-type":"","background-media":"","overlay-type":"","overlay-color":"","overlay-opacity":"","overlay-gradient":""},"mobile":{"background-color":"var(--ast-global-color-5)","background-image":"","background-repeat":"repeat","background-position":"center center","background-size":"auto","background-attachment":"scroll","background-type":"","background-media":"","overlay-type":"","overlay-color":"","overlay-opacity":"","overlay-gradient":""}},"iawp_total_views":319},"product_brand":[],"product_cat":[19],"product_tag":[],"class_list":{"0":"post-155","1":"product","2":"type-product","3":"status-publish","4":"has-post-thumbnail","6":"product_cat-ljepota","7":"desktop-align-left","8":"tablet-align-left","9":"mobile-align-left","11":"first","12":"instock","13":"sale","14":"shipping-taxable","15":"purchasable","16":"product-type-simple"},"yoast_head":"<!-- This site is optimized with the Yoast SEO plugin v27.4 - https:\/\/yoast.com\/product\/yoast-seo-wordpress\/ -->\n<title>Argan Oil - Svet Dodataka Prehrani<\/title>\n<meta name=\"robots\" content=\"index, follow, max-snippet:-1, max-image-preview:large, max-video-preview:-1\" \/>\n<link rel=\"canonical\" href=\"http:\/\/www.bioslab.rs\/apoteka\/product\/argan-oil\/\" \/>\n<meta property=\"og:locale\" content=\"sr_RS\" \/>\n<meta property=\"og:type\" content=\"article\" \/>\n<meta property=\"og:title\" content=\"Argan Oil - Svet Dodataka Prehrani\" \/>\n<meta property=\"og:description\" content=\"Arganovo ulje je poznato i kao &#8222;te\u010dno zlato&#8220; zbog svojih neverovatnih svojstava i koristi za ko\u017eu i kosu. Dobija se [&hellip;]\" \/>\n<meta property=\"og:url\" content=\"http:\/\/www.bioslab.rs\/apoteka\/product\/argan-oil\/\" \/>\n<meta property=\"og:site_name\" content=\"Svet Dodataka Prehrani\" \/>\n<meta property=\"article:publisher\" content=\"https:\/\/www.facebook.com\/www.bioslab.rs\/\" \/>\n<meta property=\"og:image\" content=\"http:\/\/www.bioslab.rs\/apoteka\/wp-content\/uploads\/2024\/07\/argan-oil.jpg\" \/>\n\t<meta property=\"og:image:width\" content=\"250\" \/>\n\t<meta property=\"og:image:height\" content=\"300\" \/>\n\t<meta property=\"og:image:type\" content=\"image\/jpeg\" \/>\n<meta name=\"twitter:card\" content=\"summary_large_image\" \/>\n<meta name=\"twitter:label1\" content=\"\u041f\u0440\u043e\u0446\u0435\u045a\u0435\u043d\u043e \u0432\u0440\u0435\u043c\u0435 \u0447\u0438\u0442\u0430\u045a\u0430\" \/>\n\t<meta name=\"twitter:data1\" content=\"4 \u043c\u0438\u043d\u0443\u0442\u0430\" \/>\n<script type=\"application\/ld+json\" class=\"yoast-schema-graph\">{\"@context\":\"https:\\\/\\\/schema.org\",\"@graph\":[{\"@type\":\"WebPage\",\"@id\":\"http:\\\/\\\/www.bioslab.rs\\\/apoteka\\\/product\\\/argan-oil\\\/\",\"url\":\"http:\\\/\\\/www.bioslab.rs\\\/apoteka\\\/product\\\/argan-oil\\\/\",\"name\":\"Argan Oil - Svet Dodataka Prehrani\",\"isPartOf\":{\"@id\":\"https:\\\/\\\/www.bioslab.rs\\\/apoteka\\\/#website\"},\"primaryImageOfPage\":{\"@id\":\"http:\\\/\\\/www.bioslab.rs\\\/apoteka\\\/product\\\/argan-oil\\\/#primaryimage\"},\"image\":{\"@id\":\"http:\\\/\\\/www.bioslab.rs\\\/apoteka\\\/product\\\/argan-oil\\\/#primaryimage\"},\"thumbnailUrl\":\"https:\\\/\\\/www.bioslab.rs\\\/apoteka\\\/wp-content\\\/uploads\\\/2024\\\/07\\\/argan-oil.jpg\",\"datePublished\":\"2024-07-23T15:50:53+00:00\",\"breadcrumb\":{\"@id\":\"http:\\\/\\\/www.bioslab.rs\\\/apoteka\\\/product\\\/argan-oil\\\/#breadcrumb\"},\"inLanguage\":\"sr-RS\",\"potentialAction\":[{\"@type\":\"ReadAction\",\"target\":[\"http:\\\/\\\/www.bioslab.rs\\\/apoteka\\\/product\\\/argan-oil\\\/\"]}]},{\"@type\":\"ImageObject\",\"inLanguage\":\"sr-RS\",\"@id\":\"http:\\\/\\\/www.bioslab.rs\\\/apoteka\\\/product\\\/argan-oil\\\/#primaryimage\",\"url\":\"https:\\\/\\\/www.bioslab.rs\\\/apoteka\\\/wp-content\\\/uploads\\\/2024\\\/07\\\/argan-oil.jpg\",\"contentUrl\":\"https:\\\/\\\/www.bioslab.rs\\\/apoteka\\\/wp-content\\\/uploads\\\/2024\\\/07\\\/argan-oil.jpg\",\"width\":250,\"height\":300,\"caption\":\"argan oil\"},{\"@type\":\"BreadcrumbList\",\"@id\":\"http:\\\/\\\/www.bioslab.rs\\\/apoteka\\\/product\\\/argan-oil\\\/#breadcrumb\",\"itemListElement\":[{\"@type\":\"ListItem\",\"position\":1,\"name\":\"Home\",\"item\":\"https:\\\/\\\/www.bioslab.rs\\\/apoteka\\\/\"},{\"@type\":\"ListItem\",\"position\":2,\"name\":\"Dodaci Prehrani\",\"item\":\"https:\\\/\\\/www.bioslab.rs\\\/apoteka\\\/\"},{\"@type\":\"ListItem\",\"position\":3,\"name\":\"Argan Oil\"}]},{\"@type\":\"WebSite\",\"@id\":\"https:\\\/\\\/www.bioslab.rs\\\/apoteka\\\/#website\",\"url\":\"https:\\\/\\\/www.bioslab.rs\\\/apoteka\\\/\",\"name\":\"Srbija Apoteka\",\"description\":\"\",\"potentialAction\":[{\"@type\":\"SearchAction\",\"target\":{\"@type\":\"EntryPoint\",\"urlTemplate\":\"https:\\\/\\\/www.bioslab.rs\\\/apoteka\\\/?s={search_term_string}\"},\"query-input\":{\"@type\":\"PropertyValueSpecification\",\"valueRequired\":true,\"valueName\":\"search_term_string\"}}],\"inLanguage\":\"sr-RS\"}]}<\/script>\n<!-- \/ Yoast SEO plugin. -->","yoast_head_json":{"title":"Argan Oil - Svet Dodataka Prehrani","robots":{"index":"index","follow":"follow","max-snippet":"max-snippet:-1","max-image-preview":"max-image-preview:large","max-video-preview":"max-video-preview:-1"},"canonical":"http:\/\/www.bioslab.rs\/apoteka\/product\/argan-oil\/","og_locale":"sr_RS","og_type":"article","og_title":"Argan Oil - Svet Dodataka Prehrani","og_description":"Arganovo ulje je poznato i kao &#8222;te\u010dno zlato&#8220; zbog svojih neverovatnih svojstava i koristi za ko\u017eu i kosu. Dobija se [&hellip;]","og_url":"http:\/\/www.bioslab.rs\/apoteka\/product\/argan-oil\/","og_site_name":"Svet Dodataka Prehrani","article_publisher":"https:\/\/www.facebook.com\/www.bioslab.rs\/","og_image":[{"width":250,"height":300,"url":"http:\/\/www.bioslab.rs\/apoteka\/wp-content\/uploads\/2024\/07\/argan-oil.jpg","type":"image\/jpeg"}],"twitter_card":"summary_large_image","twitter_misc":{"\u041f\u0440\u043e\u0446\u0435\u045a\u0435\u043d\u043e \u0432\u0440\u0435\u043c\u0435 \u0447\u0438\u0442\u0430\u045a\u0430":"4 \u043c\u0438\u043d\u0443\u0442\u0430"},"schema":{"@context":"https:\/\/schema.org","@graph":[{"@type":"WebPage","@id":"http:\/\/www.bioslab.rs\/apoteka\/product\/argan-oil\/","url":"http:\/\/www.bioslab.rs\/apoteka\/product\/argan-oil\/","name":"Argan Oil - Svet Dodataka Prehrani","isPartOf":{"@id":"https:\/\/www.bioslab.rs\/apoteka\/#website"},"primaryImageOfPage":{"@id":"http:\/\/www.bioslab.rs\/apoteka\/product\/argan-oil\/#primaryimage"},"image":{"@id":"http:\/\/www.bioslab.rs\/apoteka\/product\/argan-oil\/#primaryimage"},"thumbnailUrl":"https:\/\/www.bioslab.rs\/apoteka\/wp-content\/uploads\/2024\/07\/argan-oil.jpg","datePublished":"2024-07-23T15:50:53+00:00","breadcrumb":{"@id":"http:\/\/www.bioslab.rs\/apoteka\/product\/argan-oil\/#breadcrumb"},"inLanguage":"sr-RS","potentialAction":[{"@type":"ReadAction","target":["http:\/\/www.bioslab.rs\/apoteka\/product\/argan-oil\/"]}]},{"@type":"ImageObject","inLanguage":"sr-RS","@id":"http:\/\/www.bioslab.rs\/apoteka\/product\/argan-oil\/#primaryimage","url":"https:\/\/www.bioslab.rs\/apoteka\/wp-content\/uploads\/2024\/07\/argan-oil.jpg","contentUrl":"https:\/\/www.bioslab.rs\/apoteka\/wp-content\/uploads\/2024\/07\/argan-oil.jpg","width":250,"height":300,"caption":"argan oil"},{"@type":"BreadcrumbList","@id":"http:\/\/www.bioslab.rs\/apoteka\/product\/argan-oil\/#breadcrumb","itemListElement":[{"@type":"ListItem","position":1,"name":"Home","item":"https:\/\/www.bioslab.rs\/apoteka\/"},{"@type":"ListItem","position":2,"name":"Dodaci Prehrani","item":"https:\/\/www.bioslab.rs\/apoteka\/"},{"@type":"ListItem","position":3,"name":"Argan Oil"}]},{"@type":"WebSite","@id":"https:\/\/www.bioslab.rs\/apoteka\/#website","url":"https:\/\/www.bioslab.rs\/apoteka\/","name":"Srbija Apoteka","description":"","potentialAction":[{"@type":"SearchAction","target":{"@type":"EntryPoint","urlTemplate":"https:\/\/www.bioslab.rs\/apoteka\/?s={search_term_string}"},"query-input":{"@type":"PropertyValueSpecification","valueRequired":true,"valueName":"search_term_string"}}],"inLanguage":"sr-RS"}]}},"_links":{"self":[{"href":"https:\/\/www.bioslab.rs\/apoteka\/wp-json\/wp\/v2\/product\/155","targetHints":{"allow":["GET"]}}],"collection":[{"href":"https:\/\/www.bioslab.rs\/apoteka\/wp-json\/wp\/v2\/product"}],"about":[{"href":"https:\/\/www.bioslab.rs\/apoteka\/wp-json\/wp\/v2\/types\/product"}],"wp:featuredmedia":[{"embeddable":true,"href":"https:\/\/www.bioslab.rs\/apoteka\/wp-json\/wp\/v2\/media\/156"}],"wp:attachment":[{"href":"https:\/\/www.bioslab.rs\/apoteka\/wp-json\/wp\/v2\/media?parent=155"}],"wp:term":[{"taxonomy":"product_brand","embeddable":true,"href":"https:\/\/www.bioslab.rs\/apoteka\/wp-json\/wp\/v2\/product_brand?post=155"},{"taxonomy":"product_cat","embeddable":true,"href":"https:\/\/www.bioslab.rs\/apoteka\/wp-json\/wp\/v2\/product_cat?post=155"},{"taxonomy":"product_tag","embeddable":true,"href":"https:\/\/www.bioslab.rs\/apoteka\/wp-json\/wp\/v2\/product_tag?post=155"}],"curies":[{"name":"wp","href":"https:\/\/api.w.org\/{rel}","templated":true}]}}