{"id":144,"date":"2024-07-19T15:37:23","date_gmt":"2024-07-19T15:37:23","guid":{"rendered":"https:\/\/www.bioslab.rs\/apoteka\/?post_type=product&#038;p=144"},"modified":"2024-07-19T15:37:24","modified_gmt":"2024-07-19T15:37:24","slug":"para-caps","status":"publish","type":"product","link":"https:\/\/www.bioslab.rs\/apoteka\/product\/para-caps\/","title":{"rendered":"Para Caps"},"content":{"rendered":"<div id=\"ez-toc-container\" class=\"ez-toc-v2_0_83 counter-hierarchy ez-toc-counter ez-toc-grey ez-toc-container-direction\">\n<div class=\"ez-toc-title-container\">\n<p class=\"ez-toc-title\" style=\"cursor:inherit\">Pregled sadr\u017eaja<\/p>\n<span class=\"ez-toc-title-toggle\"><a href=\"#\" class=\"ez-toc-pull-right ez-toc-btn ez-toc-btn-xs ez-toc-btn-default ez-toc-toggle\" aria-label=\"Toggle Table of Content\"><span class=\"ez-toc-js-icon-con\"><span class=\"\"><span class=\"eztoc-hide\" style=\"display:none;\">Toggle<\/span><span class=\"ez-toc-icon-toggle-span\"><svg style=\"fill: #999;color:#999\" xmlns=\"http:\/\/www.w3.org\/2000\/svg\" class=\"list-377408\" width=\"20px\" height=\"20px\" viewBox=\"0 0 24 24\" fill=\"none\"><path d=\"M6 6H4v2h2V6zm14 0H8v2h12V6zM4 11h2v2H4v-2zm16 0H8v2h12v-2zM4 16h2v2H4v-2zm16 0H8v2h12v-2z\" fill=\"currentColor\"><\/path><\/svg><svg style=\"fill: #999;color:#999\" class=\"arrow-unsorted-368013\" xmlns=\"http:\/\/www.w3.org\/2000\/svg\" width=\"10px\" height=\"10px\" viewBox=\"0 0 24 24\" version=\"1.2\" baseProfile=\"tiny\"><path d=\"M18.2 9.3l-6.2-6.3-6.2 6.3c-.2.2-.3.4-.3.7s.1.5.3.7c.2.2.4.3.7.3h11c.3 0 .5-.1.7-.3.2-.2.3-.5.3-.7s-.1-.5-.3-.7zM5.8 14.7l6.2 6.3 6.2-6.3c.2-.2.3-.5.3-.7s-.1-.5-.3-.7c-.2-.2-.4-.3-.7-.3h-11c-.3 0-.5.1-.7.3-.2.2-.3.5-.3.7s.1.5.3.7z\"\/><\/svg><\/span><\/span><\/span><\/a><\/span><\/div>\n<nav><ul class='ez-toc-list ez-toc-list-level-1 eztoc-toggle-hide-by-default' ><li class='ez-toc-page-1 ez-toc-heading-level-2'><a class=\"ez-toc-link ez-toc-heading-1\" href=\"https:\/\/www.bioslab.rs\/apoteka\/product\/para-caps\/#Kako_funkcionise_Para_Caps\" >Kako funkcioni\u0161e Para Caps?<\/a><\/li><li class='ez-toc-page-1 ez-toc-heading-level-2'><a class=\"ez-toc-link ez-toc-heading-2\" href=\"https:\/\/www.bioslab.rs\/apoteka\/product\/para-caps\/#Para_Caps_%E2%80%93_Iskustva_i_misljenja\" >Para Caps &#8211; Iskustva i mi\u0161ljenja<\/a><\/li><li class='ez-toc-page-1 ez-toc-heading-level-2'><a class=\"ez-toc-link ez-toc-heading-3\" href=\"https:\/\/www.bioslab.rs\/apoteka\/product\/para-caps\/#Para_Caps_%E2%80%93_Sastav_i_sastojci\" >Para Caps &#8211; Sastav i sastojci<\/a><\/li><li class='ez-toc-page-1 ez-toc-heading-level-2'><a class=\"ez-toc-link ez-toc-heading-4\" href=\"https:\/\/www.bioslab.rs\/apoteka\/product\/para-caps\/#Para_Caps_%E2%80%93_Prednosti_i_rezultati\" >Para Caps &#8211; Prednosti i rezultati<\/a><\/li><li class='ez-toc-page-1 ez-toc-heading-level-2'><a class=\"ez-toc-link ez-toc-heading-5\" href=\"https:\/\/www.bioslab.rs\/apoteka\/product\/para-caps\/#Gde_kupiti_Para_Caps_u_Srbiji_Apoteka_DM_Lilly\" >Gde kupiti Para Caps u Srbiji? Apoteka, DM, Lilly<\/a><\/li><li class='ez-toc-page-1 ez-toc-heading-level-2'><a class=\"ez-toc-link ez-toc-heading-6\" href=\"https:\/\/www.bioslab.rs\/apoteka\/product\/para-caps\/#Koliko_kosta_Para_Caps_Cena\" >Koliko ko\u0161ta Para Caps? Cena<\/a><\/li><li class='ez-toc-page-1 ez-toc-heading-level-2'><a class=\"ez-toc-link ez-toc-heading-7\" href=\"https:\/\/www.bioslab.rs\/apoteka\/product\/para-caps\/#Kako_se_koristi_Para_Caps_Uputstvo_za_upotrebu\" >Kako se koristi Para Caps? Uputstvo za upotrebu<\/a><\/li><li class='ez-toc-page-1 ez-toc-heading-level-2'><a class=\"ez-toc-link ez-toc-heading-8\" href=\"https:\/\/www.bioslab.rs\/apoteka\/product\/para-caps\/#Para_Caps_%E2%80%93_Kontraindikacije_i_nezeljeni_efekti\" >Para Caps &#8211; Kontraindikacije i ne\u017eeljeni efekti<\/a><\/li><\/ul><\/nav><\/div>\n<p class=\"text-body font-regular leading-[24px] pt-[9px] pb-[2px]\" dir=\"ltr\">Para Caps su kapsule protiv parazita koje su razvijene da pomognu u \u010di\u0161\u0107enju organizma od \u0161tetnih mikroorganizama. Ove kapsule su lagane za gutanje i jednostavne za upotrebu, \u0161to ih \u010dini pogodnim za svakodnevnu upotrebu. Cilj Para Caps kapsula je da pobolj\u0161aju op\u0161te zdravlje i blagostanje tako \u0161to uklanjaju parazite iz tela na prirodan na\u010din.<\/p>\n<h2 class=\"font-bold text-h3 leading-[36px] pt-[21px] pb-[2px] [&amp;_a]:underline-offset-[6px] [&amp;_.underline]:underline-offset-[6px]\" dir=\"ltr\"><span class=\"ez-toc-section\" id=\"Kako_funkcionise_Para_Caps\"><\/span>Kako funkcioni\u0161e Para Caps?<span class=\"ez-toc-section-end\"><\/span><\/h2>\n<p class=\"text-body font-regular leading-[24px] pt-[9px] pb-[2px]\" dir=\"ltr\">Para Caps funkcioni\u0161e tako \u0161to koristi kombinaciju prirodnih sastojaka koji sinergijski djeluju protiv parazita. Ovi sastojci imaju sposobnost da uni\u0161te parazite, olak\u0161aju njihovo izbacivanje iz tela i spre\u010de njihovo ponovno nastanjivanje. Aktivni sastojci u Para Caps kapsulama ciljaju parazite na razli\u010dite na\u010dine, \u010dime se posti\u017ee sveobuhvatno \u010di\u0161\u0107enje organizma.<\/p>\n<h2 class=\"font-bold text-h3 leading-[36px] pt-[21px] pb-[2px] [&amp;_a]:underline-offset-[6px] [&amp;_.underline]:underline-offset-[6px]\" dir=\"ltr\"><span class=\"ez-toc-section\" id=\"Para_Caps_%E2%80%93_Iskustva_i_misljenja\"><\/span>Para Caps &#8211; Iskustva i mi\u0161ljenja<span class=\"ez-toc-section-end\"><\/span><\/h2>\n<p class=\"text-body font-regular leading-[24px] pt-[9px] pb-[2px]\" dir=\"ltr\">Korisnici Para Caps kapsula iznose pozitivna iskustva i mi\u0161ljenja o ovom proizvodu. Mnogi isti\u010du brzo i efikasno dejstvo kapsula, kao i pobolj\u0161anje op\u0161teg blagostanja. Evo nekoliko komentara korisnika:<\/p>\n<ol class=\"pt-[9px] pb-[2px] pl-[24px] [&amp;_ol]:pt-[5px] list-decimal\">\n<li class=\"text-body font-regular leading-[24px] my-[5px] [&amp;&gt;ol]:!pt-0 [&amp;&gt;ol]:!pb-0 [&amp;&gt;ul]:!pt-0 [&amp;&gt;ul]:!pb-0\" value=\"1\"><b><strong class=\"font-bold\">Ana iz Beograda:<\/strong><\/b> &#8222;Para Caps mi je pomogao da se oslobodim parazita za samo nekoliko nedelja. Ose\u0107am se lak\u0161e i imam vi\u0161e energije nego ikad pre.&#8220;<\/li>\n<li class=\"text-body font-regular leading-[24px] my-[5px] [&amp;&gt;ol]:!pt-0 [&amp;&gt;ol]:!pb-0 [&amp;&gt;ul]:!pt-0 [&amp;&gt;ul]:!pb-0\" value=\"2\"><b><strong class=\"font-bold\">Marko iz Novog Sada:<\/strong><\/b> &#8222;Koristim Para Caps ve\u0107 mesec dana i rezultati su neverovatni. Problemi sa stomakom su nestali i ose\u0107am se mnogo bolje.&#8220;<\/li>\n<li class=\"text-body font-regular leading-[24px] my-[5px] [&amp;&gt;ol]:!pt-0 [&amp;&gt;ol]:!pb-0 [&amp;&gt;ul]:!pt-0 [&amp;&gt;ul]:!pb-0\" value=\"3\"><b><strong class=\"font-bold\">Jelena iz Ni\u0161a:<\/strong><\/b> &#8222;Preporu\u010dujem Para Caps svima koji imaju problema sa parazitima. Prirodni sastojci su zaista efikasni i bez nuspojava.&#8220;<\/li>\n<\/ol>\n<h2 class=\"font-bold text-h3 leading-[36px] pt-[21px] pb-[2px] [&amp;_a]:underline-offset-[6px] [&amp;_.underline]:underline-offset-[6px]\" dir=\"ltr\"><span class=\"ez-toc-section\" id=\"Para_Caps_%E2%80%93_Sastav_i_sastojci\"><\/span>Para Caps &#8211; Sastav i sastojci<span class=\"ez-toc-section-end\"><\/span><\/h2>\n<p class=\"text-body font-regular leading-[24px] pt-[9px] pb-[2px]\" dir=\"ltr\">Para Caps se sastoji od tri glavna prirodna sastojka:<\/p>\n<ol class=\"pt-[9px] pb-[2px] pl-[24px] [&amp;_ol]:pt-[5px] list-decimal\">\n<li class=\"text-body font-regular leading-[24px] my-[5px] [&amp;&gt;ol]:!pt-0 [&amp;&gt;ol]:!pb-0 [&amp;&gt;ul]:!pt-0 [&amp;&gt;ul]:!pb-0\" value=\"1\"><b><strong class=\"font-bold\">Ekstrakt gaveza (Symphytum Officinale):<\/strong><\/b> Gavez je poznat po svojim lekovitim svojstvima. Poma\u017ee u regeneraciji tkiva i ima antiinflamatorna svojstva. Tako\u0111e, podr\u017eava imuni sistem u borbi protiv parazita.<\/li>\n<li class=\"text-body font-regular leading-[24px] my-[5px] [&amp;&gt;ol]:!pt-0 [&amp;&gt;ol]:!pb-0 [&amp;&gt;ul]:!pt-0 [&amp;&gt;ul]:!pb-0\" value=\"2\"><b><strong class=\"font-bold\">List oraha (Juglans Regia):<\/strong><\/b> List oraha sadr\u017ei juglon, koji ima antiparazitska svojstva. Poma\u017ee u eliminaciji parazita i \u010di\u0161\u0107enju organizma od toksina.<\/li>\n<li class=\"text-body font-regular leading-[24px] my-[5px] [&amp;&gt;ol]:!pt-0 [&amp;&gt;ol]:!pb-0 [&amp;&gt;ul]:!pt-0 [&amp;&gt;ul]:!pb-0\" value=\"3\"><b><strong class=\"font-bold\">Pupoljak karanfilic\u0301a (Syzgium Aromaticum):<\/strong><\/b> Karanfili\u0107 ima jaka antibakterijska i antiparazitna svojstva. Poma\u017ee u uni\u0161tavanju parazita i spre\u010dava njihovo ponovno nastanjivanje.<\/li>\n<li class=\"text-body font-regular leading-[24px] my-[5px] [&amp;&gt;ol]:!pt-0 [&amp;&gt;ol]:!pb-0 [&amp;&gt;ul]:!pt-0 [&amp;&gt;ul]:!pb-0\" value=\"4\"><b><strong class=\"font-bold\">Glavica belog luka (Allium Sativum):<\/strong><\/b> Beli luk je poznat po svojim antibakterijskim i antiparazitskim svojstvima. Poma\u017ee u ja\u010danju imunog sistema i \u010di\u0161\u0107enju organizma.<\/li>\n<\/ol>\n<h2 class=\"font-bold text-h3 leading-[36px] pt-[21px] pb-[2px] [&amp;_a]:underline-offset-[6px] [&amp;_.underline]:underline-offset-[6px]\" dir=\"ltr\"><span class=\"ez-toc-section\" id=\"Para_Caps_%E2%80%93_Prednosti_i_rezultati\"><\/span>Para Caps &#8211; Prednosti i rezultati<span class=\"ez-toc-section-end\"><\/span><\/h2>\n<p class=\"text-body font-regular leading-[24px] pt-[9px] pb-[2px]\" dir=\"ltr\">Para Caps nudi brojne prednosti za korisnike. Prvo, prirodni sastav kapsula osigurava sigurno i efikasno \u010di\u0161\u0107enje organizma od parazita. Drugo, redovno kori\u0161\u0107enje Para Caps kapsula mo\u017ee pobolj\u0161ati op\u0161te zdravlje i blagostanje. Korisnici \u010desto prijavljuju pove\u0107anje energije, bolju probavu i ja\u010danje imunog sistema.<\/p>\n<p class=\"text-body font-regular leading-[24px] pt-[9px] pb-[2px]\" dir=\"ltr\">Rezultati kori\u0161\u0107enja Para Caps kapsula mogu biti vidljivi ve\u0107 nakon nekoliko nedelja. Mnogi korisnici prime\u0107uju pobolj\u0161anje simptoma koji su povezani sa prisustvom parazita, kao \u0161to su umor, probavne smetnje i problemi sa ko\u017eom. Tako\u0111e, redovno kori\u0161\u0107enje Para Caps kapsula mo\u017ee pomo\u0107i u prevenciji ponovnog nastanjivanja parazita.<\/p>\n<h2 class=\"font-bold text-h3 leading-[36px] pt-[21px] pb-[2px] [&amp;_a]:underline-offset-[6px] [&amp;_.underline]:underline-offset-[6px]\" dir=\"ltr\"><span class=\"ez-toc-section\" id=\"Gde_kupiti_Para_Caps_u_Srbiji_Apoteka_DM_Lilly\"><\/span>Gde kupiti Para Caps u Srbiji? Apoteka, DM, Lilly<span class=\"ez-toc-section-end\"><\/span><\/h2>\n<p class=\"text-body font-regular leading-[24px] pt-[9px] pb-[2px]\" dir=\"ltr\">Para Caps se mo\u017ee kupiti isklju\u010divo na zvani\u010dnoj veb stranici proizvo\u0111a\u010da. Ovaj na\u010din distribucije osigurava autenti\u010dnost proizvoda i garantuje njegovu kvalitetu. Kupovina preko zvani\u010dne veb stranice tako\u0111e omogu\u0107ava korisnicima da iskoriste ekskluzivne popuste i ponude.<\/p>\n<p class=\"text-body font-regular leading-[24px] pt-[9px] pb-[2px]\" dir=\"ltr\">Proizvod nije dostupan u apotekama, DM ili Lilly prodavnicama, \u0161to smanjuje rizik od kupovine falsifikata. Kupovina direktno od proizvo\u0111a\u010da je najsigurniji na\u010din da dobijete originalni Para Caps proizvod.<\/p>\n<h2 class=\"font-bold text-h3 leading-[36px] pt-[21px] pb-[2px] [&amp;_a]:underline-offset-[6px] [&amp;_.underline]:underline-offset-[6px]\" dir=\"ltr\"><span class=\"ez-toc-section\" id=\"Koliko_kosta_Para_Caps_Cena\"><\/span>Koliko ko\u0161ta Para Caps? Cena<span class=\"ez-toc-section-end\"><\/span><\/h2>\n<p class=\"text-body font-regular leading-[24px] pt-[9px] pb-[2px]\" dir=\"ltr\">Para Caps kapsule ko\u0161taju 3700 dinara po pakovanju. Cena uklju\u010duje tro\u0161kove dostave, \u0161to zna\u010di da nema dodatnih skrivenih tro\u0161kova. Ovaj pristupa\u010dan cenovni rang \u010dini Para Caps dostupnim \u0161irokom krugu potro\u0161a\u010da koji tra\u017ee prirodno re\u0161enje za probleme sa parazitima.<\/p>\n<h2 class=\"font-bold text-h3 leading-[36px] pt-[21px] pb-[2px] [&amp;_a]:underline-offset-[6px] [&amp;_.underline]:underline-offset-[6px]\" dir=\"ltr\"><span class=\"ez-toc-section\" id=\"Kako_se_koristi_Para_Caps_Uputstvo_za_upotrebu\"><\/span>Kako se koristi Para Caps? Uputstvo za upotrebu<span class=\"ez-toc-section-end\"><\/span><\/h2>\n<p class=\"text-body font-regular leading-[24px] pt-[9px] pb-[2px]\" dir=\"ltr\">Para Caps je jednostavan za upotrebu. Preporu\u010duje se uzimanje jedne kapsule izme\u0111u redovnih obroka. Redovno kori\u0161\u0107enje je klju\u010dno za postizanje optimalnih rezultata. Uzimanje kapsula treba biti deo va\u0161e dnevne rutine kako biste osigurali kontinuirano \u010di\u0161\u0107enje organizma od parazita.<\/p>\n<h2 class=\"font-bold text-h3 leading-[36px] pt-[21px] pb-[2px] [&amp;_a]:underline-offset-[6px] [&amp;_.underline]:underline-offset-[6px]\" dir=\"ltr\"><span class=\"ez-toc-section\" id=\"Para_Caps_%E2%80%93_Kontraindikacije_i_nezeljeni_efekti\"><\/span>Para Caps &#8211; Kontraindikacije i ne\u017eeljeni efekti<span class=\"ez-toc-section-end\"><\/span><\/h2>\n<p class=\"text-body font-regular leading-[24px] pt-[9px] pb-[2px]\" dir=\"ltr\">Iako je Para Caps prirodan proizvod, postoje odre\u0111ene kontraindikacije koje treba imati na umu. Proizvod nije pogodan za decu, osobe sa alergijom na bilo koju od komponenti, kao i za osobe sa dijagnozom raka. Pre upotrebe proizvoda, preporu\u010duje se konsultacija sa lekarom, posebno ako imate bilo kakve zdravstvene probleme ili uzimate druge lekove.<\/p>\n","protected":false},"excerpt":{"rendered":"<p>Para Caps su kapsule protiv parazita koje su razvijene da pomognu u \u010di\u0161\u0107enju organizma od \u0161tetnih mikroorganizama. Ove kapsule su [&hellip;]<\/p>\n","protected":false},"featured_media":145,"template":"","meta":{"site-sidebar-layout":"default","site-content-layout":"","ast-site-content-layout":"default","site-content-style":"default","site-sidebar-style":"default","ast-global-header-display":"","ast-banner-title-visibility":"","ast-main-header-display":"","ast-hfb-above-header-display":"","ast-hfb-below-header-display":"","ast-hfb-mobile-header-display":"","site-post-title":"","ast-breadcrumbs-content":"","ast-featured-img":"","footer-sml-layout":"","ast-disable-related-posts":"","theme-transparent-header-meta":"default","adv-header-id-meta":"","stick-header-meta":"","header-above-stick-meta":"","header-main-stick-meta":"","header-below-stick-meta":"","astra-migrate-meta-layouts":"set","ast-page-background-enabled":"default","ast-page-background-meta":{"desktop":{"background-color":"var(--ast-global-color-4)","background-image":"","background-repeat":"repeat","background-position":"center center","background-size":"auto","background-attachment":"scroll","background-type":"","background-media":"","overlay-type":"","overlay-color":"","overlay-opacity":"","overlay-gradient":""},"tablet":{"background-color":"","background-image":"","background-repeat":"repeat","background-position":"center center","background-size":"auto","background-attachment":"scroll","background-type":"","background-media":"","overlay-type":"","overlay-color":"","overlay-opacity":"","overlay-gradient":""},"mobile":{"background-color":"","background-image":"","background-repeat":"repeat","background-position":"center center","background-size":"auto","background-attachment":"scroll","background-type":"","background-media":"","overlay-type":"","overlay-color":"","overlay-opacity":"","overlay-gradient":""}},"ast-content-background-meta":{"desktop":{"background-color":"var(--ast-global-color-5)","background-image":"","background-repeat":"repeat","background-position":"center center","background-size":"auto","background-attachment":"scroll","background-type":"","background-media":"","overlay-type":"","overlay-color":"","overlay-opacity":"","overlay-gradient":""},"tablet":{"background-color":"var(--ast-global-color-5)","background-image":"","background-repeat":"repeat","background-position":"center center","background-size":"auto","background-attachment":"scroll","background-type":"","background-media":"","overlay-type":"","overlay-color":"","overlay-opacity":"","overlay-gradient":""},"mobile":{"background-color":"var(--ast-global-color-5)","background-image":"","background-repeat":"repeat","background-position":"center center","background-size":"auto","background-attachment":"scroll","background-type":"","background-media":"","overlay-type":"","overlay-color":"","overlay-opacity":"","overlay-gradient":""}},"iawp_total_views":2384},"product_brand":[],"product_cat":[15],"product_tag":[],"class_list":{"0":"post-144","1":"product","2":"type-product","3":"status-publish","4":"has-post-thumbnail","6":"product_cat-zdravlje","7":"desktop-align-left","8":"tablet-align-left","9":"mobile-align-left","11":"first","12":"instock","13":"sale","14":"shipping-taxable","15":"purchasable","16":"product-type-simple"},"yoast_head":"<!-- This site is optimized with the Yoast SEO plugin v27.6 - https:\/\/yoast.com\/product\/yoast-seo-wordpress\/ -->\n<title>Para Caps - Svet Dodataka Prehrani<\/title>\n<meta name=\"robots\" content=\"index, follow, max-snippet:-1, max-image-preview:large, max-video-preview:-1\" \/>\n<link rel=\"canonical\" href=\"https:\/\/www.bioslab.rs\/apoteka\/product\/para-caps\/\" \/>\n<meta property=\"og:locale\" content=\"sr_RS\" \/>\n<meta property=\"og:type\" content=\"article\" \/>\n<meta property=\"og:title\" content=\"Para Caps - Svet Dodataka Prehrani\" \/>\n<meta property=\"og:description\" content=\"Para Caps su kapsule protiv parazita koje su razvijene da pomognu u \u010di\u0161\u0107enju organizma od \u0161tetnih mikroorganizama. Ove kapsule su [&hellip;]\" \/>\n<meta property=\"og:url\" content=\"https:\/\/www.bioslab.rs\/apoteka\/product\/para-caps\/\" \/>\n<meta property=\"og:site_name\" content=\"Svet Dodataka Prehrani\" \/>\n<meta property=\"article:publisher\" content=\"https:\/\/www.facebook.com\/www.bioslab.rs\/\" \/>\n<meta property=\"article:modified_time\" content=\"2024-07-19T15:37:24+00:00\" \/>\n<meta property=\"og:image\" content=\"https:\/\/www.bioslab.rs\/apoteka\/wp-content\/uploads\/2024\/07\/para-caps.jpg\" \/>\n\t<meta property=\"og:image:width\" content=\"250\" \/>\n\t<meta property=\"og:image:height\" content=\"300\" \/>\n\t<meta property=\"og:image:type\" content=\"image\/jpeg\" \/>\n<meta name=\"twitter:card\" content=\"summary_large_image\" \/>\n<meta name=\"twitter:label1\" content=\"\u041f\u0440\u043e\u0446\u0435\u045a\u0435\u043d\u043e \u0432\u0440\u0435\u043c\u0435 \u0447\u0438\u0442\u0430\u045a\u0430\" \/>\n\t<meta name=\"twitter:data1\" content=\"4 \u043c\u0438\u043d\u0443\u0442\u0430\" \/>\n<script type=\"application\/ld+json\" class=\"yoast-schema-graph\">{\"@context\":\"https:\\\/\\\/schema.org\",\"@graph\":[{\"@type\":\"WebPage\",\"@id\":\"https:\\\/\\\/www.bioslab.rs\\\/apoteka\\\/product\\\/para-caps\\\/\",\"url\":\"https:\\\/\\\/www.bioslab.rs\\\/apoteka\\\/product\\\/para-caps\\\/\",\"name\":\"Para Caps - Svet Dodataka Prehrani\",\"isPartOf\":{\"@id\":\"http:\\\/\\\/www.bioslab.rs\\\/apoteka\\\/#website\"},\"primaryImageOfPage\":{\"@id\":\"https:\\\/\\\/www.bioslab.rs\\\/apoteka\\\/product\\\/para-caps\\\/#primaryimage\"},\"image\":{\"@id\":\"https:\\\/\\\/www.bioslab.rs\\\/apoteka\\\/product\\\/para-caps\\\/#primaryimage\"},\"thumbnailUrl\":\"https:\\\/\\\/www.bioslab.rs\\\/apoteka\\\/wp-content\\\/uploads\\\/2024\\\/07\\\/para-caps.jpg\",\"datePublished\":\"2024-07-19T15:37:23+00:00\",\"dateModified\":\"2024-07-19T15:37:24+00:00\",\"breadcrumb\":{\"@id\":\"https:\\\/\\\/www.bioslab.rs\\\/apoteka\\\/product\\\/para-caps\\\/#breadcrumb\"},\"inLanguage\":\"sr-RS\",\"potentialAction\":[{\"@type\":\"ReadAction\",\"target\":[\"https:\\\/\\\/www.bioslab.rs\\\/apoteka\\\/product\\\/para-caps\\\/\"]}]},{\"@type\":\"ImageObject\",\"inLanguage\":\"sr-RS\",\"@id\":\"https:\\\/\\\/www.bioslab.rs\\\/apoteka\\\/product\\\/para-caps\\\/#primaryimage\",\"url\":\"https:\\\/\\\/www.bioslab.rs\\\/apoteka\\\/wp-content\\\/uploads\\\/2024\\\/07\\\/para-caps.jpg\",\"contentUrl\":\"https:\\\/\\\/www.bioslab.rs\\\/apoteka\\\/wp-content\\\/uploads\\\/2024\\\/07\\\/para-caps.jpg\",\"width\":250,\"height\":300,\"caption\":\"para caps\"},{\"@type\":\"BreadcrumbList\",\"@id\":\"https:\\\/\\\/www.bioslab.rs\\\/apoteka\\\/product\\\/para-caps\\\/#breadcrumb\",\"itemListElement\":[{\"@type\":\"ListItem\",\"position\":1,\"name\":\"Home\",\"item\":\"http:\\\/\\\/www.bioslab.rs\\\/apoteka\\\/\"},{\"@type\":\"ListItem\",\"position\":2,\"name\":\"Dodaci Prehrani\",\"item\":\"http:\\\/\\\/www.bioslab.rs\\\/apoteka\\\/\"},{\"@type\":\"ListItem\",\"position\":3,\"name\":\"Para Caps\"}]},{\"@type\":\"WebSite\",\"@id\":\"http:\\\/\\\/www.bioslab.rs\\\/apoteka\\\/#website\",\"url\":\"http:\\\/\\\/www.bioslab.rs\\\/apoteka\\\/\",\"name\":\"Srbija Apoteka\",\"description\":\"\",\"potentialAction\":[{\"@type\":\"SearchAction\",\"target\":{\"@type\":\"EntryPoint\",\"urlTemplate\":\"http:\\\/\\\/www.bioslab.rs\\\/apoteka\\\/?s={search_term_string}\"},\"query-input\":{\"@type\":\"PropertyValueSpecification\",\"valueRequired\":true,\"valueName\":\"search_term_string\"}}],\"inLanguage\":\"sr-RS\"}]}<\/script>\n<!-- \/ Yoast SEO plugin. -->","yoast_head_json":{"title":"Para Caps - Svet Dodataka Prehrani","robots":{"index":"index","follow":"follow","max-snippet":"max-snippet:-1","max-image-preview":"max-image-preview:large","max-video-preview":"max-video-preview:-1"},"canonical":"https:\/\/www.bioslab.rs\/apoteka\/product\/para-caps\/","og_locale":"sr_RS","og_type":"article","og_title":"Para Caps - Svet Dodataka Prehrani","og_description":"Para Caps su kapsule protiv parazita koje su razvijene da pomognu u \u010di\u0161\u0107enju organizma od \u0161tetnih mikroorganizama. Ove kapsule su [&hellip;]","og_url":"https:\/\/www.bioslab.rs\/apoteka\/product\/para-caps\/","og_site_name":"Svet Dodataka Prehrani","article_publisher":"https:\/\/www.facebook.com\/www.bioslab.rs\/","article_modified_time":"2024-07-19T15:37:24+00:00","og_image":[{"width":250,"height":300,"url":"https:\/\/www.bioslab.rs\/apoteka\/wp-content\/uploads\/2024\/07\/para-caps.jpg","type":"image\/jpeg"}],"twitter_card":"summary_large_image","twitter_misc":{"\u041f\u0440\u043e\u0446\u0435\u045a\u0435\u043d\u043e \u0432\u0440\u0435\u043c\u0435 \u0447\u0438\u0442\u0430\u045a\u0430":"4 \u043c\u0438\u043d\u0443\u0442\u0430"},"schema":{"@context":"https:\/\/schema.org","@graph":[{"@type":"WebPage","@id":"https:\/\/www.bioslab.rs\/apoteka\/product\/para-caps\/","url":"https:\/\/www.bioslab.rs\/apoteka\/product\/para-caps\/","name":"Para Caps - Svet Dodataka Prehrani","isPartOf":{"@id":"http:\/\/www.bioslab.rs\/apoteka\/#website"},"primaryImageOfPage":{"@id":"https:\/\/www.bioslab.rs\/apoteka\/product\/para-caps\/#primaryimage"},"image":{"@id":"https:\/\/www.bioslab.rs\/apoteka\/product\/para-caps\/#primaryimage"},"thumbnailUrl":"https:\/\/www.bioslab.rs\/apoteka\/wp-content\/uploads\/2024\/07\/para-caps.jpg","datePublished":"2024-07-19T15:37:23+00:00","dateModified":"2024-07-19T15:37:24+00:00","breadcrumb":{"@id":"https:\/\/www.bioslab.rs\/apoteka\/product\/para-caps\/#breadcrumb"},"inLanguage":"sr-RS","potentialAction":[{"@type":"ReadAction","target":["https:\/\/www.bioslab.rs\/apoteka\/product\/para-caps\/"]}]},{"@type":"ImageObject","inLanguage":"sr-RS","@id":"https:\/\/www.bioslab.rs\/apoteka\/product\/para-caps\/#primaryimage","url":"https:\/\/www.bioslab.rs\/apoteka\/wp-content\/uploads\/2024\/07\/para-caps.jpg","contentUrl":"https:\/\/www.bioslab.rs\/apoteka\/wp-content\/uploads\/2024\/07\/para-caps.jpg","width":250,"height":300,"caption":"para caps"},{"@type":"BreadcrumbList","@id":"https:\/\/www.bioslab.rs\/apoteka\/product\/para-caps\/#breadcrumb","itemListElement":[{"@type":"ListItem","position":1,"name":"Home","item":"http:\/\/www.bioslab.rs\/apoteka\/"},{"@type":"ListItem","position":2,"name":"Dodaci Prehrani","item":"http:\/\/www.bioslab.rs\/apoteka\/"},{"@type":"ListItem","position":3,"name":"Para Caps"}]},{"@type":"WebSite","@id":"http:\/\/www.bioslab.rs\/apoteka\/#website","url":"http:\/\/www.bioslab.rs\/apoteka\/","name":"Srbija Apoteka","description":"","potentialAction":[{"@type":"SearchAction","target":{"@type":"EntryPoint","urlTemplate":"http:\/\/www.bioslab.rs\/apoteka\/?s={search_term_string}"},"query-input":{"@type":"PropertyValueSpecification","valueRequired":true,"valueName":"search_term_string"}}],"inLanguage":"sr-RS"}]}},"_links":{"self":[{"href":"https:\/\/www.bioslab.rs\/apoteka\/wp-json\/wp\/v2\/product\/144","targetHints":{"allow":["GET"]}}],"collection":[{"href":"https:\/\/www.bioslab.rs\/apoteka\/wp-json\/wp\/v2\/product"}],"about":[{"href":"https:\/\/www.bioslab.rs\/apoteka\/wp-json\/wp\/v2\/types\/product"}],"wp:featuredmedia":[{"embeddable":true,"href":"https:\/\/www.bioslab.rs\/apoteka\/wp-json\/wp\/v2\/media\/145"}],"wp:attachment":[{"href":"https:\/\/www.bioslab.rs\/apoteka\/wp-json\/wp\/v2\/media?parent=144"}],"wp:term":[{"taxonomy":"product_brand","embeddable":true,"href":"https:\/\/www.bioslab.rs\/apoteka\/wp-json\/wp\/v2\/product_brand?post=144"},{"taxonomy":"product_cat","embeddable":true,"href":"https:\/\/www.bioslab.rs\/apoteka\/wp-json\/wp\/v2\/product_cat?post=144"},{"taxonomy":"product_tag","embeddable":true,"href":"https:\/\/www.bioslab.rs\/apoteka\/wp-json\/wp\/v2\/product_tag?post=144"}],"curies":[{"name":"wp","href":"https:\/\/api.w.org\/{rel}","templated":true}]}}