{"id":3,"date":"2024-06-21T05:25:01","date_gmt":"2024-06-21T05:25:01","guid":{"rendered":"http:\/\/www.bioslab.rs\/apoteka\/?page_id=3"},"modified":"2025-05-28T14:51:57","modified_gmt":"2025-05-28T14:51:57","slug":"privacy-policy","status":"publish","type":"page","link":"https:\/\/www.bioslab.rs\/apoteka\/privacy-policy\/","title":{"rendered":"Politika Odgovornosti"},"content":{"rendered":"<div id=\"ez-toc-container\" class=\"ez-toc-v2_0_83 counter-hierarchy ez-toc-counter ez-toc-grey ez-toc-container-direction\">\n<div class=\"ez-toc-title-container\">\n<p class=\"ez-toc-title\" style=\"cursor:inherit\">Pregled sadr\u017eaja<\/p>\n<span class=\"ez-toc-title-toggle\"><a href=\"#\" class=\"ez-toc-pull-right ez-toc-btn ez-toc-btn-xs ez-toc-btn-default ez-toc-toggle\" aria-label=\"Toggle Table of Content\"><span class=\"ez-toc-js-icon-con\"><span class=\"\"><span class=\"eztoc-hide\" style=\"display:none;\">Toggle<\/span><span class=\"ez-toc-icon-toggle-span\"><svg style=\"fill: #999;color:#999\" xmlns=\"http:\/\/www.w3.org\/2000\/svg\" class=\"list-377408\" width=\"20px\" height=\"20px\" viewBox=\"0 0 24 24\" fill=\"none\"><path d=\"M6 6H4v2h2V6zm14 0H8v2h12V6zM4 11h2v2H4v-2zm16 0H8v2h12v-2zM4 16h2v2H4v-2zm16 0H8v2h12v-2z\" fill=\"currentColor\"><\/path><\/svg><svg style=\"fill: #999;color:#999\" class=\"arrow-unsorted-368013\" xmlns=\"http:\/\/www.w3.org\/2000\/svg\" width=\"10px\" height=\"10px\" viewBox=\"0 0 24 24\" version=\"1.2\" baseProfile=\"tiny\"><path d=\"M18.2 9.3l-6.2-6.3-6.2 6.3c-.2.2-.3.4-.3.7s.1.5.3.7c.2.2.4.3.7.3h11c.3 0 .5-.1.7-.3.2-.2.3-.5.3-.7s-.1-.5-.3-.7zM5.8 14.7l6.2 6.3 6.2-6.3c.2-.2.3-.5.3-.7s-.1-.5-.3-.7c-.2-.2-.4-.3-.7-.3h-11c-.3 0-.5.1-.7.3-.2.2-.3.5-.3.7s.1.5.3.7z\"\/><\/svg><\/span><\/span><\/span><\/a><\/span><\/div>\n<nav><ul class='ez-toc-list ez-toc-list-level-1 eztoc-toggle-hide-by-default' ><li class='ez-toc-page-1 ez-toc-heading-level-3'><a class=\"ez-toc-link ez-toc-heading-1\" href=\"https:\/\/www.bioslab.rs\/apoteka\/privacy-policy\/#1_STATUS_SAJTA\" >1. STATUS SAJTA<\/a><\/li><li class='ez-toc-page-1 ez-toc-heading-level-3'><a class=\"ez-toc-link ez-toc-heading-2\" href=\"https:\/\/www.bioslab.rs\/apoteka\/privacy-policy\/#2_PRIRODA_SADRZAJA\" >2. PRIRODA SADR\u017dAJA<\/a><\/li><li class='ez-toc-page-1 ez-toc-heading-level-3'><a class=\"ez-toc-link ez-toc-heading-3\" href=\"https:\/\/www.bioslab.rs\/apoteka\/privacy-policy\/#3_OBRADA_PORUDZBINA\" >3. OBRADA PORUD\u017dBINA<\/a><\/li><li class='ez-toc-page-1 ez-toc-heading-level-3'><a class=\"ez-toc-link ez-toc-heading-4\" href=\"https:\/\/www.bioslab.rs\/apoteka\/privacy-policy\/#4_ODRICANJE_ODGOVORNOSTI\" >4. ODRI\u010cANJE ODGOVORNOSTI<\/a><\/li><li class='ez-toc-page-1 ez-toc-heading-level-3'><a class=\"ez-toc-link ez-toc-heading-5\" href=\"https:\/\/www.bioslab.rs\/apoteka\/privacy-policy\/#5_AUTORSKA_PRAVA_I_ZIGOVI\" >5. AUTORSKA PRAVA I \u017dIGOVI<\/a><\/li><li class='ez-toc-page-1 ez-toc-heading-level-3'><a class=\"ez-toc-link ez-toc-heading-6\" href=\"https:\/\/www.bioslab.rs\/apoteka\/privacy-policy\/#6_KONTAKT\" >6. KONTAKT<\/a><\/li><\/ul><\/nav><\/div>\n\n<h3 class=\"wp-block-heading\"><span class=\"ez-toc-section\" id=\"1_STATUS_SAJTA\"><\/span><strong>1. STATUS SAJTA<\/strong><span class=\"ez-toc-section-end\"><\/span><\/h3>\n\n\n\n<p>Ovaj veb sajt&nbsp;<strong>nije zvani\u010dni sajt Bioslab-a<\/strong>&nbsp;niti je u bilo kakvoj vezi sa istim. Stranica&nbsp;<a href=\"https:\/\/www.bioslab.rs\/apoteka\/\" target=\"_blank\" rel=\"noreferrer noopener\">https:\/\/www.bioslab.rs\/apoteka\/<\/a>&nbsp;slu\u017ei isklju\u010divo u&nbsp;<strong>informativne svrhe<\/strong>&nbsp;i ne pru\u017ea usluge online prodaje lekova.<\/p>\n\n\n\n<h3 class=\"wp-block-heading\"><span class=\"ez-toc-section\" id=\"2_PRIRODA_SADRZAJA\"><\/span><strong>2. PRIRODA SADR\u017dAJA<\/strong><span class=\"ez-toc-section-end\"><\/span><\/h3>\n\n\n\n<ul class=\"wp-block-list\">\n<li>Svi prezentirani proizvodi su\u00a0<strong>dodaci ishrani, kozmeti\u010dki proizvodi ili medicinska sredstva<\/strong><\/li>\n\n\n\n<li><strong>Nijedan proizvod nije lek<\/strong>\u00a0i ne mo\u017ee zameniti stru\u010dno medicinsko mi\u0161ljenje<\/li>\n\n\n\n<li>Cene, dostupnost i tehni\u010dki podaci mogu se menjati bez prethodne najave<\/li>\n<\/ul>\n\n\n\n<h3 class=\"wp-block-heading\"><span class=\"ez-toc-section\" id=\"3_OBRADA_PORUDZBINA\"><\/span><strong>3. OBRADA PORUD\u017dBINA<\/strong><span class=\"ez-toc-section-end\"><\/span><\/h3>\n\n\n\n<ul class=\"wp-block-list\">\n<li>Porud\u017ebine se\u00a0<strong>ru\u010dno prosle\u0111uju partnerima<\/strong>\u00a0(ne koristimo automatske affiliate linkove)<\/li>\n\n\n\n<li><strong>Ne upravljamo procesom isporuke, pla\u0107anja ili reklamacija<\/strong>\u00a0&#8211; to je isklju\u010diva nadle\u017enost na\u0161ih partnera<\/li>\n\n\n\n<li>Za sve informacije o porud\u017ebinama kontaktirajte nas putem dostupnih kontaktnih podataka<\/li>\n<\/ul>\n\n\n\n<h3 class=\"wp-block-heading\"><span class=\"ez-toc-section\" id=\"4_ODRICANJE_ODGOVORNOSTI\"><\/span><strong>4. ODRI\u010cANJE ODGOVORNOSTI<\/strong><span class=\"ez-toc-section-end\"><\/span><\/h3>\n\n\n\n<ul class=\"wp-block-list\">\n<li><strong>Ne snosimo odgovornost<\/strong>\u00a0za:\n<ul class=\"wp-block-list\">\n<li>Ta\u010dnost opisa proizvoda kod partnera<\/li>\n\n\n\n<li>Dostupnost proizvoda i tehni\u010dke gre\u0161ke u sistemima tre\u0107ih strana<\/li>\n\n\n\n<li>Bilo kakve zdravstvene posledice kori\u0161\u0107enja proizvoda<\/li>\n<\/ul>\n<\/li>\n\n\n\n<li><strong>Uvek konsultujte lekara<\/strong>\u00a0pre upotrebe bilo kog proizvoda<\/li>\n<\/ul>\n\n\n\n<h3 class=\"wp-block-heading\"><span class=\"ez-toc-section\" id=\"5_AUTORSKA_PRAVA_I_ZIGOVI\"><\/span><strong>5. AUTORSKA PRAVA I \u017dIGOVI<\/strong><span class=\"ez-toc-section-end\"><\/span><\/h3>\n\n\n\n<ul class=\"wp-block-list\">\n<li>Svi brendovi, logotipi i nazivi proizvoda su vlasni\u0161tvo njihovih vlasnika<\/li>\n\n\n\n<li>Kori\u0161\u0107enje naziva &#8222;Bioslab&#8220; vr\u0161i se u deskriptivne svrhe bez ikakvih pretenzija na zvani\u010dnu povezanost<\/li>\n<\/ul>\n\n\n\n<h3 class=\"wp-block-heading\"><span class=\"ez-toc-section\" id=\"6_KONTAKT\"><\/span><strong>6. KONTAKT<\/strong><span class=\"ez-toc-section-end\"><\/span><\/h3>\n\n\n\n<p>Za sve dodatne informacije:<br><strong>E-mail:<\/strong>\u00a0srbijaapoteka@gmail.com<\/p>\n\n\n\n<ul class=\"wp-block-list\">\n<li>Svi proizvodi su u nadle\u017enosti dobavlja\u010da<\/li>\n\n\n\n<li>Ne garantujemo dostupnost proizvoda<\/li>\n\n\n\n<li>Promocije i akcije va\u017ee do povla\u010denja iz ponude<\/li>\n<\/ul>\n\n\n\n<p>Ova stranica nije deo zvani\u010dnog sajta Bioslab-a i ne zastupa stavove te kompanije.<\/p>\n","protected":false},"excerpt":{"rendered":"<p>1. STATUS SAJTA Ovaj veb sajt&nbsp;nije zvani\u010dni sajt Bioslab-a&nbsp;niti je u bilo kakvoj vezi sa istim. Stranica&nbsp;https:\/\/www.bioslab.rs\/apoteka\/&nbsp;slu\u017ei isklju\u010divo u&nbsp;informativne svrhe&nbsp;i [&hellip;]<\/p>\n","protected":false},"author":1,"featured_media":0,"parent":0,"menu_order":0,"comment_status":"closed","ping_status":"open","template":"","meta":{"site-sidebar-layout":"default","site-content-layout":"","ast-site-content-layout":"default","site-content-style":"default","site-sidebar-style":"default","ast-global-header-display":"","ast-banner-title-visibility":"","ast-main-header-display":"","ast-hfb-above-header-display":"","ast-hfb-below-header-display":"","ast-hfb-mobile-header-display":"","site-post-title":"","ast-breadcrumbs-content":"","ast-featured-img":"","footer-sml-layout":"","ast-disable-related-posts":"","theme-transparent-header-meta":"","adv-header-id-meta":"","stick-header-meta":"","header-above-stick-meta":"","header-main-stick-meta":"","header-below-stick-meta":"","astra-migrate-meta-layouts":"default","ast-page-background-enabled":"default","ast-page-background-meta":{"desktop":{"background-color":"var(--ast-global-color-4)","background-image":"","background-repeat":"repeat","background-position":"center center","background-size":"auto","background-attachment":"scroll","background-type":"","background-media":"","overlay-type":"","overlay-color":"","overlay-opacity":"","overlay-gradient":""},"tablet":{"background-color":"","background-image":"","background-repeat":"repeat","background-position":"center center","background-size":"auto","background-attachment":"scroll","background-type":"","background-media":"","overlay-type":"","overlay-color":"","overlay-opacity":"","overlay-gradient":""},"mobile":{"background-color":"","background-image":"","background-repeat":"repeat","background-position":"center center","background-size":"auto","background-attachment":"scroll","background-type":"","background-media":"","overlay-type":"","overlay-color":"","overlay-opacity":"","overlay-gradient":""}},"ast-content-background-meta":{"desktop":{"background-color":"var(--ast-global-color-5)","background-image":"","background-repeat":"repeat","background-position":"center center","background-size":"auto","background-attachment":"scroll","background-type":"","background-media":"","overlay-type":"","overlay-color":"","overlay-opacity":"","overlay-gradient":""},"tablet":{"background-color":"var(--ast-global-color-5)","background-image":"","background-repeat":"repeat","background-position":"center center","background-size":"auto","background-attachment":"scroll","background-type":"","background-media":"","overlay-type":"","overlay-color":"","overlay-opacity":"","overlay-gradient":""},"mobile":{"background-color":"var(--ast-global-color-5)","background-image":"","background-repeat":"repeat","background-position":"center center","background-size":"auto","background-attachment":"scroll","background-type":"","background-media":"","overlay-type":"","overlay-color":"","overlay-opacity":"","overlay-gradient":""}},"iawp_total_views":67,"footnotes":""},"class_list":["post-3","page","type-page","status-publish","hentry"],"yoast_head":"<!-- This site is optimized with the Yoast SEO plugin v27.6 - https:\/\/yoast.com\/product\/yoast-seo-wordpress\/ -->\n<title>Politika Odgovornosti - Svet Dodataka Prehrani<\/title>\n<meta name=\"robots\" content=\"index, follow, max-snippet:-1, max-image-preview:large, max-video-preview:-1\" \/>\n<link rel=\"canonical\" href=\"https:\/\/www.bioslab.rs\/apoteka\/privacy-policy\/\" \/>\n<meta property=\"og:locale\" content=\"sr_RS\" \/>\n<meta property=\"og:type\" content=\"article\" \/>\n<meta property=\"og:title\" content=\"Politika Odgovornosti - Svet Dodataka Prehrani\" \/>\n<meta property=\"og:description\" content=\"1. STATUS SAJTA Ovaj veb sajt&nbsp;nije zvani\u010dni sajt Bioslab-a&nbsp;niti je u bilo kakvoj vezi sa istim. Stranica&nbsp;https:\/\/www.bioslab.rs\/apoteka\/&nbsp;slu\u017ei isklju\u010divo u&nbsp;informativne svrhe&nbsp;i [&hellip;]\" \/>\n<meta property=\"og:url\" content=\"https:\/\/www.bioslab.rs\/apoteka\/privacy-policy\/\" \/>\n<meta property=\"og:site_name\" content=\"Svet Dodataka Prehrani\" \/>\n<meta property=\"article:publisher\" content=\"https:\/\/www.facebook.com\/www.bioslab.rs\/\" \/>\n<meta property=\"article:modified_time\" content=\"2025-05-28T14:51:57+00:00\" \/>\n<meta name=\"twitter:card\" content=\"summary_large_image\" \/>\n<meta name=\"twitter:label1\" content=\"\u041f\u0440\u043e\u0446\u0435\u045a\u0435\u043d\u043e \u0432\u0440\u0435\u043c\u0435 \u0447\u0438\u0442\u0430\u045a\u0430\" \/>\n\t<meta name=\"twitter:data1\" content=\"2 \u043c\u0438\u043d\u0443\u0442\u0430\" \/>\n<script type=\"application\/ld+json\" class=\"yoast-schema-graph\">{\"@context\":\"https:\\\/\\\/schema.org\",\"@graph\":[{\"@type\":\"WebPage\",\"@id\":\"https:\\\/\\\/www.bioslab.rs\\\/apoteka\\\/privacy-policy\\\/\",\"url\":\"https:\\\/\\\/www.bioslab.rs\\\/apoteka\\\/privacy-policy\\\/\",\"name\":\"Politika Odgovornosti - Svet Dodataka Prehrani\",\"isPartOf\":{\"@id\":\"http:\\\/\\\/www.bioslab.rs\\\/apoteka\\\/#website\"},\"datePublished\":\"2024-06-21T05:25:01+00:00\",\"dateModified\":\"2025-05-28T14:51:57+00:00\",\"breadcrumb\":{\"@id\":\"https:\\\/\\\/www.bioslab.rs\\\/apoteka\\\/privacy-policy\\\/#breadcrumb\"},\"inLanguage\":\"sr-RS\",\"potentialAction\":[{\"@type\":\"ReadAction\",\"target\":[\"https:\\\/\\\/www.bioslab.rs\\\/apoteka\\\/privacy-policy\\\/\"]}]},{\"@type\":\"BreadcrumbList\",\"@id\":\"https:\\\/\\\/www.bioslab.rs\\\/apoteka\\\/privacy-policy\\\/#breadcrumb\",\"itemListElement\":[{\"@type\":\"ListItem\",\"position\":1,\"name\":\"Home\",\"item\":\"http:\\\/\\\/www.bioslab.rs\\\/apoteka\\\/\"},{\"@type\":\"ListItem\",\"position\":2,\"name\":\"Politika Odgovornosti\"}]},{\"@type\":\"WebSite\",\"@id\":\"http:\\\/\\\/www.bioslab.rs\\\/apoteka\\\/#website\",\"url\":\"http:\\\/\\\/www.bioslab.rs\\\/apoteka\\\/\",\"name\":\"Srbija Apoteka\",\"description\":\"\",\"potentialAction\":[{\"@type\":\"SearchAction\",\"target\":{\"@type\":\"EntryPoint\",\"urlTemplate\":\"http:\\\/\\\/www.bioslab.rs\\\/apoteka\\\/?s={search_term_string}\"},\"query-input\":{\"@type\":\"PropertyValueSpecification\",\"valueRequired\":true,\"valueName\":\"search_term_string\"}}],\"inLanguage\":\"sr-RS\"}]}<\/script>\n<!-- \/ Yoast SEO plugin. -->","yoast_head_json":{"title":"Politika Odgovornosti - Svet Dodataka Prehrani","robots":{"index":"index","follow":"follow","max-snippet":"max-snippet:-1","max-image-preview":"max-image-preview:large","max-video-preview":"max-video-preview:-1"},"canonical":"https:\/\/www.bioslab.rs\/apoteka\/privacy-policy\/","og_locale":"sr_RS","og_type":"article","og_title":"Politika Odgovornosti - Svet Dodataka Prehrani","og_description":"1. STATUS SAJTA Ovaj veb sajt&nbsp;nije zvani\u010dni sajt Bioslab-a&nbsp;niti je u bilo kakvoj vezi sa istim. Stranica&nbsp;https:\/\/www.bioslab.rs\/apoteka\/&nbsp;slu\u017ei isklju\u010divo u&nbsp;informativne svrhe&nbsp;i [&hellip;]","og_url":"https:\/\/www.bioslab.rs\/apoteka\/privacy-policy\/","og_site_name":"Svet Dodataka Prehrani","article_publisher":"https:\/\/www.facebook.com\/www.bioslab.rs\/","article_modified_time":"2025-05-28T14:51:57+00:00","twitter_card":"summary_large_image","twitter_misc":{"\u041f\u0440\u043e\u0446\u0435\u045a\u0435\u043d\u043e \u0432\u0440\u0435\u043c\u0435 \u0447\u0438\u0442\u0430\u045a\u0430":"2 \u043c\u0438\u043d\u0443\u0442\u0430"},"schema":{"@context":"https:\/\/schema.org","@graph":[{"@type":"WebPage","@id":"https:\/\/www.bioslab.rs\/apoteka\/privacy-policy\/","url":"https:\/\/www.bioslab.rs\/apoteka\/privacy-policy\/","name":"Politika Odgovornosti - Svet Dodataka Prehrani","isPartOf":{"@id":"http:\/\/www.bioslab.rs\/apoteka\/#website"},"datePublished":"2024-06-21T05:25:01+00:00","dateModified":"2025-05-28T14:51:57+00:00","breadcrumb":{"@id":"https:\/\/www.bioslab.rs\/apoteka\/privacy-policy\/#breadcrumb"},"inLanguage":"sr-RS","potentialAction":[{"@type":"ReadAction","target":["https:\/\/www.bioslab.rs\/apoteka\/privacy-policy\/"]}]},{"@type":"BreadcrumbList","@id":"https:\/\/www.bioslab.rs\/apoteka\/privacy-policy\/#breadcrumb","itemListElement":[{"@type":"ListItem","position":1,"name":"Home","item":"http:\/\/www.bioslab.rs\/apoteka\/"},{"@type":"ListItem","position":2,"name":"Politika Odgovornosti"}]},{"@type":"WebSite","@id":"http:\/\/www.bioslab.rs\/apoteka\/#website","url":"http:\/\/www.bioslab.rs\/apoteka\/","name":"Srbija Apoteka","description":"","potentialAction":[{"@type":"SearchAction","target":{"@type":"EntryPoint","urlTemplate":"http:\/\/www.bioslab.rs\/apoteka\/?s={search_term_string}"},"query-input":{"@type":"PropertyValueSpecification","valueRequired":true,"valueName":"search_term_string"}}],"inLanguage":"sr-RS"}]}},"_links":{"self":[{"href":"https:\/\/www.bioslab.rs\/apoteka\/wp-json\/wp\/v2\/pages\/3","targetHints":{"allow":["GET"]}}],"collection":[{"href":"https:\/\/www.bioslab.rs\/apoteka\/wp-json\/wp\/v2\/pages"}],"about":[{"href":"https:\/\/www.bioslab.rs\/apoteka\/wp-json\/wp\/v2\/types\/page"}],"author":[{"embeddable":true,"href":"https:\/\/www.bioslab.rs\/apoteka\/wp-json\/wp\/v2\/users\/1"}],"replies":[{"embeddable":true,"href":"https:\/\/www.bioslab.rs\/apoteka\/wp-json\/wp\/v2\/comments?post=3"}],"version-history":[{"count":1,"href":"https:\/\/www.bioslab.rs\/apoteka\/wp-json\/wp\/v2\/pages\/3\/revisions"}],"predecessor-version":[{"id":589,"href":"https:\/\/www.bioslab.rs\/apoteka\/wp-json\/wp\/v2\/pages\/3\/revisions\/589"}],"wp:attachment":[{"href":"https:\/\/www.bioslab.rs\/apoteka\/wp-json\/wp\/v2\/media?parent=3"}],"curies":[{"name":"wp","href":"https:\/\/api.w.org\/{rel}","templated":true}]}}