{"id":89,"date":"2024-06-23T19:45:21","date_gmt":"2024-06-23T19:45:21","guid":{"rendered":"https:\/\/www.bioslab.rs\/apoteka\/?post_type=product&#038;p=89"},"modified":"2024-06-23T19:45:21","modified_gmt":"2024-06-23T19:45:21","slug":"gopotent","status":"publish","type":"product","link":"http:\/\/www.bioslab.rs\/apoteka\/product\/gopotent\/","title":{"rendered":"Gopotent"},"content":{"rendered":"<div id=\"ez-toc-container\" class=\"ez-toc-v2_0_82_2 counter-hierarchy ez-toc-counter ez-toc-grey ez-toc-container-direction\">\n<div class=\"ez-toc-title-container\">\n<p class=\"ez-toc-title\" style=\"cursor:inherit\">Pregled sadr\u017eaja<\/p>\n<span class=\"ez-toc-title-toggle\"><a href=\"#\" class=\"ez-toc-pull-right ez-toc-btn ez-toc-btn-xs ez-toc-btn-default ez-toc-toggle\" aria-label=\"Toggle Table of Content\"><span class=\"ez-toc-js-icon-con\"><span class=\"\"><span class=\"eztoc-hide\" style=\"display:none;\">Toggle<\/span><span class=\"ez-toc-icon-toggle-span\"><svg style=\"fill: #999;color:#999\" xmlns=\"http:\/\/www.w3.org\/2000\/svg\" class=\"list-377408\" width=\"20px\" height=\"20px\" viewBox=\"0 0 24 24\" fill=\"none\"><path d=\"M6 6H4v2h2V6zm14 0H8v2h12V6zM4 11h2v2H4v-2zm16 0H8v2h12v-2zM4 16h2v2H4v-2zm16 0H8v2h12v-2z\" fill=\"currentColor\"><\/path><\/svg><svg style=\"fill: #999;color:#999\" class=\"arrow-unsorted-368013\" xmlns=\"http:\/\/www.w3.org\/2000\/svg\" width=\"10px\" height=\"10px\" viewBox=\"0 0 24 24\" version=\"1.2\" baseProfile=\"tiny\"><path d=\"M18.2 9.3l-6.2-6.3-6.2 6.3c-.2.2-.3.4-.3.7s.1.5.3.7c.2.2.4.3.7.3h11c.3 0 .5-.1.7-.3.2-.2.3-.5.3-.7s-.1-.5-.3-.7zM5.8 14.7l6.2 6.3 6.2-6.3c.2-.2.3-.5.3-.7s-.1-.5-.3-.7c-.2-.2-.4-.3-.7-.3h-11c-.3 0-.5.1-.7.3-.2.2-.3.5-.3.7s.1.5.3.7z\"\/><\/svg><\/span><\/span><\/span><\/a><\/span><\/div>\n<nav><ul class='ez-toc-list ez-toc-list-level-1 eztoc-toggle-hide-by-default' ><li class='ez-toc-page-1 ez-toc-heading-level-2'><a class=\"ez-toc-link ez-toc-heading-1\" href=\"http:\/\/www.bioslab.rs\/apoteka\/product\/gopotent\/#Kako_funkcionise_GoPotent\" >Kako funkcioni\u0161e GoPotent?<\/a><\/li><li class='ez-toc-page-1 ez-toc-heading-level-2'><a class=\"ez-toc-link ez-toc-heading-2\" href=\"http:\/\/www.bioslab.rs\/apoteka\/product\/gopotent\/#GoPotent_%E2%80%93_Iskustva_i_misljenja\" >GoPotent &#8211; Iskustva i mi\u0161ljenja<\/a><\/li><li class='ez-toc-page-1 ez-toc-heading-level-2'><a class=\"ez-toc-link ez-toc-heading-3\" href=\"http:\/\/www.bioslab.rs\/apoteka\/product\/gopotent\/#GoPotent_%E2%80%93_Sastav_i_sastojci\" >GoPotent &#8211; Sastav i sastojci<\/a><\/li><li class='ez-toc-page-1 ez-toc-heading-level-2'><a class=\"ez-toc-link ez-toc-heading-4\" href=\"http:\/\/www.bioslab.rs\/apoteka\/product\/gopotent\/#GoPotent_%E2%80%93_Prednosti_i_rezultati\" >GoPotent &#8211; Prednosti i rezultati<\/a><\/li><li class='ez-toc-page-1 ez-toc-heading-level-2'><a class=\"ez-toc-link ez-toc-heading-5\" href=\"http:\/\/www.bioslab.rs\/apoteka\/product\/gopotent\/#Gde_kupiti_GoPotent_u_Srbiji\" >Gde kupiti GoPotent u Srbiji?<\/a><\/li><li class='ez-toc-page-1 ez-toc-heading-level-2'><a class=\"ez-toc-link ez-toc-heading-6\" href=\"http:\/\/www.bioslab.rs\/apoteka\/product\/gopotent\/#Koliko_kosta_GoPotent_Cena\" >Koliko ko\u0161ta GoPotent? Cena<\/a><\/li><li class='ez-toc-page-1 ez-toc-heading-level-2'><a class=\"ez-toc-link ez-toc-heading-7\" href=\"http:\/\/www.bioslab.rs\/apoteka\/product\/gopotent\/#Kako_se_koristi_GoPotent\" >Kako se koristi GoPotent?<\/a><\/li><li class='ez-toc-page-1 ez-toc-heading-level-2'><a class=\"ez-toc-link ez-toc-heading-8\" href=\"http:\/\/www.bioslab.rs\/apoteka\/product\/gopotent\/#GoPotent_%E2%80%93_Kontraindikacije_i_nezeljeni_efekti\" >GoPotent &#8211; Kontraindikacije i ne\u017eeljeni efekti<\/a><\/li><\/ul><\/nav><\/div>\n<p class=\"text-body font-regular leading-[24px] pt-[9px] pb-[2px]\" dir=\"ltr\">GoPotent je specijalno formulisan biljni \u010daj namenjen ja\u010danju intimnog zdravlja mu\u0161karaca. Osmi\u0161ljen je da pomogne u vra\u0107anju vitalnosti i energije, \u0161to su klju\u010dne komponente za svakodnevni \u017eivot. Ovaj \u010daj je rezultat pa\u017eljivog odabira biljaka koje su poznate po svojim blagotvornim efektima na organizam. Bez obzira na va\u0161e godine, GoPotent mo\u017ee biti pravi saveznik za bolji kvalitet \u017eivota.<\/p>\n<h2 class=\"font-bold text-h3 leading-[36px] pt-[21px] pb-[2px] [&amp;_a]:underline-offset-[6px] [&amp;_.underline]:underline-offset-[6px]\" dir=\"ltr\"><span class=\"ez-toc-section\" id=\"Kako_funkcionise_GoPotent\"><\/span>Kako funkcioni\u0161e GoPotent?<span class=\"ez-toc-section-end\"><\/span><\/h2>\n<p class=\"text-body font-regular leading-[24px] pt-[9px] pb-[2px]\" dir=\"ltr\">GoPotent funkcioni\u0161e tako \u0161to koristi prirodne sastojke kako bi podr\u017eao zdravlje mu\u0161karaca na vi\u0161e nivoa. Njegova efikasnost le\u017ei u kombinaciji biljaka koje poma\u017eu u pobolj\u0161anju cirkulacije, smanjenju stresa, i ja\u010danju imunolo\u0161kog sistema. Pravilnom upotrebom, ovaj biljni \u010daj mo\u017ee zna\u010dajno doprineti ose\u0107aju sveukupnog blagostanja. Uz redovnu upotrebu, korisnici prijavljuju pobolj\u0161anje u energiji, izdr\u017eljivosti, i op\u0161tem zdravstvenom stanju.<\/p>\n<h2 class=\"font-bold text-h3 leading-[36px] pt-[21px] pb-[2px] [&amp;_a]:underline-offset-[6px] [&amp;_.underline]:underline-offset-[6px]\" dir=\"ltr\"><span class=\"ez-toc-section\" id=\"GoPotent_%E2%80%93_Iskustva_i_misljenja\"><\/span>GoPotent &#8211; Iskustva i mi\u0161ljenja<span class=\"ez-toc-section-end\"><\/span><\/h2>\n<p class=\"text-body font-regular leading-[24px] pt-[9px] pb-[2px]\" dir=\"ltr\">Korisnici GoPotenta dele pozitivna iskustva koja potvr\u0111uju njegovu efikasnost. Evo \u0161ta neki od njih ka\u017eu:<\/p>\n<ul class=\"pt-[9px] pb-[2px] pl-[24px] list-disc [&amp;_ul]:pt-[5px] pt-[5px]\">\n<li class=\"text-body font-regular leading-[24px] my-[5px] [&amp;&gt;ol]:!pt-0 [&amp;&gt;ol]:!pb-0 [&amp;&gt;ul]:!pt-0 [&amp;&gt;ul]:!pb-0\" value=\"1\"><b><strong class=\"font-bold\">Milan (38 godina)<\/strong><\/b>: &#8222;Primetio sam zna\u010dajno pobolj\u0161anje u energiji i vitalnosti nakon samo mesec dana kori\u0161\u0107enja GoPotenta. Preporu\u010dujem ga svima!&#8220;<\/li>\n<li class=\"text-body font-regular leading-[24px] my-[5px] [&amp;&gt;ol]:!pt-0 [&amp;&gt;ol]:!pb-0 [&amp;&gt;ul]:!pt-0 [&amp;&gt;ul]:!pb-0\" value=\"2\"><b><strong class=\"font-bold\">Nemanja (45 godina)<\/strong><\/b>: &#8222;GoPotent mi je pomogao da se ose\u0107am mla\u0111e i sna\u017enije. Definitivno \u0107u nastaviti da ga koristim.&#8220;<\/li>\n<li class=\"text-body font-regular leading-[24px] my-[5px] [&amp;&gt;ol]:!pt-0 [&amp;&gt;ol]:!pb-0 [&amp;&gt;ul]:!pt-0 [&amp;&gt;ul]:!pb-0\" value=\"3\"><b><strong class=\"font-bold\">Petar (52 godine)<\/strong><\/b>: &#8222;Ovaj \u010daj mi je dao novu energiju i pobolj\u0161ao moje ukupno zdravlje. Veoma sam zadovoljan rezultatima.&#8220;<\/li>\n<\/ul>\n<h2 class=\"font-bold text-h3 leading-[36px] pt-[21px] pb-[2px] [&amp;_a]:underline-offset-[6px] [&amp;_.underline]:underline-offset-[6px]\" dir=\"ltr\"><span class=\"ez-toc-section\" id=\"GoPotent_%E2%80%93_Sastav_i_sastojci\"><\/span>GoPotent &#8211; Sastav i sastojci<span class=\"ez-toc-section-end\"><\/span><\/h2>\n<p class=\"text-body font-regular leading-[24px] pt-[9px] pb-[2px]\" dir=\"ltr\">GoPotent je bogat raznovrsnim biljkama koje su pa\u017eljivo odabrane zbog svojih lekovitih svojstava. Sastojci uklju\u010duju:<\/p>\n<ul class=\"pt-[9px] pb-[2px] pl-[24px] list-disc [&amp;_ul]:pt-[5px] pt-[5px]\">\n<li class=\"text-body font-regular leading-[24px] my-[5px] [&amp;&gt;ol]:!pt-0 [&amp;&gt;ol]:!pb-0 [&amp;&gt;ul]:!pt-0 [&amp;&gt;ul]:!pb-0\" value=\"1\"><b><strong class=\"font-bold\">Vrijesak<\/strong><\/b> &#8211; poznat po svojim antioksidativnim svojstvima, poma\u017ee u odr\u017eavanju zdravog imunolo\u0161kog sistema.<\/li>\n<li class=\"text-body font-regular leading-[24px] my-[5px] [&amp;&gt;ol]:!pt-0 [&amp;&gt;ol]:!pb-0 [&amp;&gt;ul]:!pt-0 [&amp;&gt;ul]:!pb-0\" value=\"2\"><b><strong class=\"font-bold\">Bosiljak<\/strong><\/b> &#8211; biljka koja poma\u017ee u smanjenju stresa i anksioznosti, dok istovremeno pobolj\u0161ava mentalnu jasno\u0107u.<\/li>\n<li class=\"text-body font-regular leading-[24px] my-[5px] [&amp;&gt;ol]:!pt-0 [&amp;&gt;ol]:!pb-0 [&amp;&gt;ul]:!pt-0 [&amp;&gt;ul]:!pb-0\" value=\"3\"><b><strong class=\"font-bold\">Mati\u010dnjak<\/strong><\/b> &#8211; poznat po svojim umiruju\u0107im efektima, mati\u010dnjak poma\u017ee u opu\u0161tanju i smanjenju napetosti.<\/li>\n<li class=\"text-body font-regular leading-[24px] my-[5px] [&amp;&gt;ol]:!pt-0 [&amp;&gt;ol]:!pb-0 [&amp;&gt;ul]:!pt-0 [&amp;&gt;ul]:!pb-0\" value=\"4\"><b><strong class=\"font-bold\">Ruzmarin<\/strong><\/b> &#8211; biljka koja pobolj\u0161ava cirkulaciju i podr\u017eava zdravlje srca.<\/li>\n<li class=\"text-body font-regular leading-[24px] my-[5px] [&amp;&gt;ol]:!pt-0 [&amp;&gt;ol]:!pb-0 [&amp;&gt;ul]:!pt-0 [&amp;&gt;ul]:!pb-0\" value=\"5\"><b><strong class=\"font-bold\">Kopriva<\/strong><\/b> &#8211; bogata vitaminima i mineralima, kopriva poma\u017ee u pobolj\u0161anju op\u0161teg zdravstvenog stanja.<\/li>\n<\/ul>\n<h2 class=\"font-bold text-h3 leading-[36px] pt-[21px] pb-[2px] [&amp;_a]:underline-offset-[6px] [&amp;_.underline]:underline-offset-[6px]\" dir=\"ltr\"><span class=\"ez-toc-section\" id=\"GoPotent_%E2%80%93_Prednosti_i_rezultati\"><\/span>GoPotent &#8211; Prednosti i rezultati<span class=\"ez-toc-section-end\"><\/span><\/h2>\n<p class=\"text-body font-regular leading-[24px] pt-[9px] pb-[2px]\" dir=\"ltr\">GoPotent donosi niz prednosti koje ga \u010dine idealnim izborom za mu\u0161karce koji \u017eele da pobolj\u0161aju svoje intimno zdravlje. Ove prednosti uklju\u010duju:<\/p>\n<ul class=\"pt-[9px] pb-[2px] pl-[24px] list-disc [&amp;_ul]:pt-[5px] pt-[5px]\">\n<li class=\"text-body font-regular leading-[24px] my-[5px] [&amp;&gt;ol]:!pt-0 [&amp;&gt;ol]:!pb-0 [&amp;&gt;ul]:!pt-0 [&amp;&gt;ul]:!pb-0\" value=\"1\">Pobolj\u0161ana energija i vitalnost &#8211; korisnici prijavljuju pove\u0107anje nivoa energije i bolju izdr\u017eljivost.<\/li>\n<li class=\"text-body font-regular leading-[24px] my-[5px] [&amp;&gt;ol]:!pt-0 [&amp;&gt;ol]:!pb-0 [&amp;&gt;ul]:!pt-0 [&amp;&gt;ul]:!pb-0\" value=\"2\">Bolja cirkulacija &#8211; biljke u sastavu ovog \u010daja poma\u017eu u pobolj\u0161anju cirkulacije, \u0161to je klju\u010dno za op\u0161te zdravlje.<\/li>\n<li class=\"text-body font-regular leading-[24px] my-[5px] [&amp;&gt;ol]:!pt-0 [&amp;&gt;ol]:!pb-0 [&amp;&gt;ul]:!pt-0 [&amp;&gt;ul]:!pb-0\" value=\"3\">Smanjenje stresa &#8211; zahvaljuju\u0107i sastojcima poput bosiljka i mati\u010dnjaka, GoPotent poma\u017ee u smanjenju stresa i napetosti.<\/li>\n<li class=\"text-body font-regular leading-[24px] my-[5px] [&amp;&gt;ol]:!pt-0 [&amp;&gt;ol]:!pb-0 [&amp;&gt;ul]:!pt-0 [&amp;&gt;ul]:!pb-0\" value=\"4\">Ja\u010danje imunolo\u0161kog sistema &#8211; vrijesak i kopriva poma\u017eu u odr\u017eavanju sna\u017enog imunolo\u0161kog sistema.<\/li>\n<\/ul>\n<h2 class=\"font-bold text-h3 leading-[36px] pt-[21px] pb-[2px] [&amp;_a]:underline-offset-[6px] [&amp;_.underline]:underline-offset-[6px]\" dir=\"ltr\"><span class=\"ez-toc-section\" id=\"Gde_kupiti_GoPotent_u_Srbiji\"><\/span>Gde kupiti GoPotent u Srbiji?<span class=\"ez-toc-section-end\"><\/span><\/h2>\n<p class=\"text-body font-regular leading-[24px] pt-[9px] pb-[2px]\" dir=\"ltr\">GoPotent se mo\u017ee kupiti isklju\u010divo na veb stranici proizvo\u0111a\u010da. Ovaj ekskluzivni kanal prodaje osigurava da dobijete originalni proizvod visoke kvaliteta. Na taj na\u010din, mo\u017eete biti sigurni da koristite provereni proizvod koji donosi o\u010dekivane rezultate.<\/p>\n<h2 class=\"font-bold text-h3 leading-[36px] pt-[21px] pb-[2px] [&amp;_a]:underline-offset-[6px] [&amp;_.underline]:underline-offset-[6px]\" dir=\"ltr\"><span class=\"ez-toc-section\" id=\"Koliko_kosta_GoPotent_Cena\"><\/span>Koliko ko\u0161ta GoPotent? Cena<span class=\"ez-toc-section-end\"><\/span><\/h2>\n<p class=\"text-body font-regular leading-[24px] pt-[9px] pb-[2px]\" dir=\"ltr\">Cena GoPotenta je 3700 dinara. Ova cena uklju\u010duje sve prednosti koje ovaj biljni \u010daj donosi, \u0161to ga \u010dini investicijom u va\u0161e zdravlje i dobrobit.<\/p>\n<h2 class=\"font-bold text-h3 leading-[36px] pt-[21px] pb-[2px] [&amp;_a]:underline-offset-[6px] [&amp;_.underline]:underline-offset-[6px]\" dir=\"ltr\"><span class=\"ez-toc-section\" id=\"Kako_se_koristi_GoPotent\"><\/span>Kako se koristi GoPotent?<span class=\"ez-toc-section-end\"><\/span><\/h2>\n<p class=\"text-body font-regular leading-[24px] pt-[9px] pb-[2px]\" dir=\"ltr\">Upotreba GoPotenta je jednostavna i lako se uklapa u va\u0161u dnevnu rutinu. Pratite slede\u0107e korake za optimalne rezultate:<\/p>\n<ol class=\"pt-[9px] pb-[2px] pl-[24px] [&amp;_ol]:pt-[5px] list-decimal\">\n<li class=\"text-body font-regular leading-[24px] my-[5px] [&amp;&gt;ol]:!pt-0 [&amp;&gt;ol]:!pb-0 [&amp;&gt;ul]:!pt-0 [&amp;&gt;ul]:!pb-0\" value=\"1\">Jednu ka\u0161i\u010dicu \u010daja sipajte u 3 dl klju\u010dale vode.<\/li>\n<li class=\"text-body font-regular leading-[24px] my-[5px] [&amp;&gt;ol]:!pt-0 [&amp;&gt;ol]:!pb-0 [&amp;&gt;ul]:!pt-0 [&amp;&gt;ul]:!pb-0\" value=\"2\">Ostavite da stoji sedam minuta u pokrivenoj posudi.<\/li>\n<li class=\"text-body font-regular leading-[24px] my-[5px] [&amp;&gt;ol]:!pt-0 [&amp;&gt;ol]:!pb-0 [&amp;&gt;ul]:!pt-0 [&amp;&gt;ul]:!pb-0\" value=\"3\">Me\u0161ajte povremeno i procedite pre konzumiranja.<\/li>\n<li class=\"text-body font-regular leading-[24px] my-[5px] [&amp;&gt;ol]:!pt-0 [&amp;&gt;ol]:!pb-0 [&amp;&gt;ul]:!pt-0 [&amp;&gt;ul]:!pb-0\" value=\"4\">Pijte do tri \u0161olje napitka svakog dana &#8211; po jednu \u0161olju \u010daja pre svakog obroka, i ne posle 19h.<\/li>\n<\/ol>\n<h2 class=\"font-bold text-h3 leading-[36px] pt-[21px] pb-[2px] [&amp;_a]:underline-offset-[6px] [&amp;_.underline]:underline-offset-[6px]\" dir=\"ltr\"><span class=\"ez-toc-section\" id=\"GoPotent_%E2%80%93_Kontraindikacije_i_nezeljeni_efekti\"><\/span>GoPotent &#8211; Kontraindikacije i ne\u017eeljeni efekti<span class=\"ez-toc-section-end\"><\/span><\/h2>\n<p class=\"text-body font-regular leading-[24px] pt-[9px] pb-[2px]\" dir=\"ltr\">GoPotent je potpuno prirodan proizvod i nema poznatih ne\u017eeljenih efekata. Me\u0111utim, kao i kod svakog suplementa, preporu\u010duje se konsultacija sa lekarom pre po\u010detka kori\u0161\u0107enja, posebno ako imate neka postoje\u0107a zdravstvena stanja ili uzimate lekove.<\/p>\n","protected":false},"excerpt":{"rendered":"<p>GoPotent je specijalno formulisan biljni \u010daj namenjen ja\u010danju intimnog zdravlja mu\u0161karaca. Osmi\u0161ljen je da pomogne u vra\u0107anju vitalnosti i energije, [&hellip;]<\/p>\n","protected":false},"featured_media":90,"template":"","meta":{"site-sidebar-layout":"default","site-content-layout":"","ast-site-content-layout":"default","site-content-style":"default","site-sidebar-style":"default","ast-global-header-display":"","ast-banner-title-visibility":"","ast-main-header-display":"","ast-hfb-above-header-display":"","ast-hfb-below-header-display":"","ast-hfb-mobile-header-display":"","site-post-title":"","ast-breadcrumbs-content":"","ast-featured-img":"","footer-sml-layout":"","ast-disable-related-posts":"","theme-transparent-header-meta":"default","adv-header-id-meta":"","stick-header-meta":"","header-above-stick-meta":"","header-main-stick-meta":"","header-below-stick-meta":"","astra-migrate-meta-layouts":"set","ast-page-background-enabled":"default","ast-page-background-meta":{"desktop":{"background-color":"var(--ast-global-color-4)","background-image":"","background-repeat":"repeat","background-position":"center center","background-size":"auto","background-attachment":"scroll","background-type":"","background-media":"","overlay-type":"","overlay-color":"","overlay-opacity":"","overlay-gradient":""},"tablet":{"background-color":"","background-image":"","background-repeat":"repeat","background-position":"center center","background-size":"auto","background-attachment":"scroll","background-type":"","background-media":"","overlay-type":"","overlay-color":"","overlay-opacity":"","overlay-gradient":""},"mobile":{"background-color":"","background-image":"","background-repeat":"repeat","background-position":"center center","background-size":"auto","background-attachment":"scroll","background-type":"","background-media":"","overlay-type":"","overlay-color":"","overlay-opacity":"","overlay-gradient":""}},"ast-content-background-meta":{"desktop":{"background-color":"var(--ast-global-color-5)","background-image":"","background-repeat":"repeat","background-position":"center center","background-size":"auto","background-attachment":"scroll","background-type":"","background-media":"","overlay-type":"","overlay-color":"","overlay-opacity":"","overlay-gradient":""},"tablet":{"background-color":"var(--ast-global-color-5)","background-image":"","background-repeat":"repeat","background-position":"center center","background-size":"auto","background-attachment":"scroll","background-type":"","background-media":"","overlay-type":"","overlay-color":"","overlay-opacity":"","overlay-gradient":""},"mobile":{"background-color":"var(--ast-global-color-5)","background-image":"","background-repeat":"repeat","background-position":"center center","background-size":"auto","background-attachment":"scroll","background-type":"","background-media":"","overlay-type":"","overlay-color":"","overlay-opacity":"","overlay-gradient":""}},"iawp_total_views":233},"product_brand":[],"product_cat":[20],"product_tag":[],"class_list":{"0":"post-89","1":"product","2":"type-product","3":"status-publish","4":"has-post-thumbnail","6":"product_cat-potencija","7":"desktop-align-left","8":"tablet-align-left","9":"mobile-align-left","11":"first","12":"instock","13":"sale","14":"shipping-taxable","15":"purchasable","16":"product-type-simple"},"yoast_head":"<!-- This site is optimized with the Yoast SEO plugin v27.5 - https:\/\/yoast.com\/product\/yoast-seo-wordpress\/ -->\n<title>Gopotent - Svet Dodataka Prehrani<\/title>\n<meta name=\"robots\" content=\"index, follow, max-snippet:-1, max-image-preview:large, max-video-preview:-1\" \/>\n<link rel=\"canonical\" href=\"https:\/\/www.bioslab.rs\/apoteka\/product\/gopotent\/\" \/>\n<meta property=\"og:locale\" content=\"sr_RS\" \/>\n<meta property=\"og:type\" content=\"article\" \/>\n<meta property=\"og:title\" content=\"Gopotent - Svet Dodataka Prehrani\" \/>\n<meta property=\"og:description\" content=\"GoPotent je specijalno formulisan biljni \u010daj namenjen ja\u010danju intimnog zdravlja mu\u0161karaca. Osmi\u0161ljen je da pomogne u vra\u0107anju vitalnosti i energije, [&hellip;]\" \/>\n<meta property=\"og:url\" content=\"https:\/\/www.bioslab.rs\/apoteka\/product\/gopotent\/\" \/>\n<meta property=\"og:site_name\" content=\"Svet Dodataka Prehrani\" \/>\n<meta property=\"article:publisher\" content=\"https:\/\/www.facebook.com\/www.bioslab.rs\/\" \/>\n<meta property=\"og:image\" content=\"https:\/\/www.bioslab.rs\/apoteka\/wp-content\/uploads\/2024\/06\/gopotent.jpg\" \/>\n\t<meta property=\"og:image:width\" content=\"250\" \/>\n\t<meta property=\"og:image:height\" content=\"300\" \/>\n\t<meta property=\"og:image:type\" content=\"image\/jpeg\" \/>\n<meta name=\"twitter:card\" content=\"summary_large_image\" \/>\n<meta name=\"twitter:label1\" content=\"\u041f\u0440\u043e\u0446\u0435\u045a\u0435\u043d\u043e \u0432\u0440\u0435\u043c\u0435 \u0447\u0438\u0442\u0430\u045a\u0430\" \/>\n\t<meta name=\"twitter:data1\" content=\"4 \u043c\u0438\u043d\u0443\u0442\u0430\" \/>\n<script type=\"application\/ld+json\" class=\"yoast-schema-graph\">{\"@context\":\"https:\\\/\\\/schema.org\",\"@graph\":[{\"@type\":\"WebPage\",\"@id\":\"https:\\\/\\\/www.bioslab.rs\\\/apoteka\\\/product\\\/gopotent\\\/\",\"url\":\"https:\\\/\\\/www.bioslab.rs\\\/apoteka\\\/product\\\/gopotent\\\/\",\"name\":\"Gopotent - Svet Dodataka Prehrani\",\"isPartOf\":{\"@id\":\"https:\\\/\\\/www.bioslab.rs\\\/apoteka\\\/#website\"},\"primaryImageOfPage\":{\"@id\":\"https:\\\/\\\/www.bioslab.rs\\\/apoteka\\\/product\\\/gopotent\\\/#primaryimage\"},\"image\":{\"@id\":\"https:\\\/\\\/www.bioslab.rs\\\/apoteka\\\/product\\\/gopotent\\\/#primaryimage\"},\"thumbnailUrl\":\"http:\\\/\\\/www.bioslab.rs\\\/apoteka\\\/wp-content\\\/uploads\\\/2024\\\/06\\\/gopotent.jpg\",\"datePublished\":\"2024-06-23T19:45:21+00:00\",\"breadcrumb\":{\"@id\":\"https:\\\/\\\/www.bioslab.rs\\\/apoteka\\\/product\\\/gopotent\\\/#breadcrumb\"},\"inLanguage\":\"sr-RS\",\"potentialAction\":[{\"@type\":\"ReadAction\",\"target\":[\"https:\\\/\\\/www.bioslab.rs\\\/apoteka\\\/product\\\/gopotent\\\/\"]}]},{\"@type\":\"ImageObject\",\"inLanguage\":\"sr-RS\",\"@id\":\"https:\\\/\\\/www.bioslab.rs\\\/apoteka\\\/product\\\/gopotent\\\/#primaryimage\",\"url\":\"http:\\\/\\\/www.bioslab.rs\\\/apoteka\\\/wp-content\\\/uploads\\\/2024\\\/06\\\/gopotent.jpg\",\"contentUrl\":\"http:\\\/\\\/www.bioslab.rs\\\/apoteka\\\/wp-content\\\/uploads\\\/2024\\\/06\\\/gopotent.jpg\",\"width\":250,\"height\":300,\"caption\":\"gopotent\"},{\"@type\":\"BreadcrumbList\",\"@id\":\"https:\\\/\\\/www.bioslab.rs\\\/apoteka\\\/product\\\/gopotent\\\/#breadcrumb\",\"itemListElement\":[{\"@type\":\"ListItem\",\"position\":1,\"name\":\"Home\",\"item\":\"https:\\\/\\\/www.bioslab.rs\\\/apoteka\\\/\"},{\"@type\":\"ListItem\",\"position\":2,\"name\":\"Dodaci Prehrani\",\"item\":\"https:\\\/\\\/www.bioslab.rs\\\/apoteka\\\/\"},{\"@type\":\"ListItem\",\"position\":3,\"name\":\"Gopotent\"}]},{\"@type\":\"WebSite\",\"@id\":\"https:\\\/\\\/www.bioslab.rs\\\/apoteka\\\/#website\",\"url\":\"https:\\\/\\\/www.bioslab.rs\\\/apoteka\\\/\",\"name\":\"Srbija Apoteka\",\"description\":\"\",\"potentialAction\":[{\"@type\":\"SearchAction\",\"target\":{\"@type\":\"EntryPoint\",\"urlTemplate\":\"https:\\\/\\\/www.bioslab.rs\\\/apoteka\\\/?s={search_term_string}\"},\"query-input\":{\"@type\":\"PropertyValueSpecification\",\"valueRequired\":true,\"valueName\":\"search_term_string\"}}],\"inLanguage\":\"sr-RS\"}]}<\/script>\n<!-- \/ Yoast SEO plugin. -->","yoast_head_json":{"title":"Gopotent - Svet Dodataka Prehrani","robots":{"index":"index","follow":"follow","max-snippet":"max-snippet:-1","max-image-preview":"max-image-preview:large","max-video-preview":"max-video-preview:-1"},"canonical":"https:\/\/www.bioslab.rs\/apoteka\/product\/gopotent\/","og_locale":"sr_RS","og_type":"article","og_title":"Gopotent - Svet Dodataka Prehrani","og_description":"GoPotent je specijalno formulisan biljni \u010daj namenjen ja\u010danju intimnog zdravlja mu\u0161karaca. Osmi\u0161ljen je da pomogne u vra\u0107anju vitalnosti i energije, [&hellip;]","og_url":"https:\/\/www.bioslab.rs\/apoteka\/product\/gopotent\/","og_site_name":"Svet Dodataka Prehrani","article_publisher":"https:\/\/www.facebook.com\/www.bioslab.rs\/","og_image":[{"width":250,"height":300,"url":"https:\/\/www.bioslab.rs\/apoteka\/wp-content\/uploads\/2024\/06\/gopotent.jpg","type":"image\/jpeg"}],"twitter_card":"summary_large_image","twitter_misc":{"\u041f\u0440\u043e\u0446\u0435\u045a\u0435\u043d\u043e \u0432\u0440\u0435\u043c\u0435 \u0447\u0438\u0442\u0430\u045a\u0430":"4 \u043c\u0438\u043d\u0443\u0442\u0430"},"schema":{"@context":"https:\/\/schema.org","@graph":[{"@type":"WebPage","@id":"https:\/\/www.bioslab.rs\/apoteka\/product\/gopotent\/","url":"https:\/\/www.bioslab.rs\/apoteka\/product\/gopotent\/","name":"Gopotent - Svet Dodataka Prehrani","isPartOf":{"@id":"https:\/\/www.bioslab.rs\/apoteka\/#website"},"primaryImageOfPage":{"@id":"https:\/\/www.bioslab.rs\/apoteka\/product\/gopotent\/#primaryimage"},"image":{"@id":"https:\/\/www.bioslab.rs\/apoteka\/product\/gopotent\/#primaryimage"},"thumbnailUrl":"http:\/\/www.bioslab.rs\/apoteka\/wp-content\/uploads\/2024\/06\/gopotent.jpg","datePublished":"2024-06-23T19:45:21+00:00","breadcrumb":{"@id":"https:\/\/www.bioslab.rs\/apoteka\/product\/gopotent\/#breadcrumb"},"inLanguage":"sr-RS","potentialAction":[{"@type":"ReadAction","target":["https:\/\/www.bioslab.rs\/apoteka\/product\/gopotent\/"]}]},{"@type":"ImageObject","inLanguage":"sr-RS","@id":"https:\/\/www.bioslab.rs\/apoteka\/product\/gopotent\/#primaryimage","url":"http:\/\/www.bioslab.rs\/apoteka\/wp-content\/uploads\/2024\/06\/gopotent.jpg","contentUrl":"http:\/\/www.bioslab.rs\/apoteka\/wp-content\/uploads\/2024\/06\/gopotent.jpg","width":250,"height":300,"caption":"gopotent"},{"@type":"BreadcrumbList","@id":"https:\/\/www.bioslab.rs\/apoteka\/product\/gopotent\/#breadcrumb","itemListElement":[{"@type":"ListItem","position":1,"name":"Home","item":"https:\/\/www.bioslab.rs\/apoteka\/"},{"@type":"ListItem","position":2,"name":"Dodaci Prehrani","item":"https:\/\/www.bioslab.rs\/apoteka\/"},{"@type":"ListItem","position":3,"name":"Gopotent"}]},{"@type":"WebSite","@id":"https:\/\/www.bioslab.rs\/apoteka\/#website","url":"https:\/\/www.bioslab.rs\/apoteka\/","name":"Srbija Apoteka","description":"","potentialAction":[{"@type":"SearchAction","target":{"@type":"EntryPoint","urlTemplate":"https:\/\/www.bioslab.rs\/apoteka\/?s={search_term_string}"},"query-input":{"@type":"PropertyValueSpecification","valueRequired":true,"valueName":"search_term_string"}}],"inLanguage":"sr-RS"}]}},"_links":{"self":[{"href":"http:\/\/www.bioslab.rs\/apoteka\/wp-json\/wp\/v2\/product\/89","targetHints":{"allow":["GET"]}}],"collection":[{"href":"http:\/\/www.bioslab.rs\/apoteka\/wp-json\/wp\/v2\/product"}],"about":[{"href":"http:\/\/www.bioslab.rs\/apoteka\/wp-json\/wp\/v2\/types\/product"}],"wp:featuredmedia":[{"embeddable":true,"href":"http:\/\/www.bioslab.rs\/apoteka\/wp-json\/wp\/v2\/media\/90"}],"wp:attachment":[{"href":"http:\/\/www.bioslab.rs\/apoteka\/wp-json\/wp\/v2\/media?parent=89"}],"wp:term":[{"taxonomy":"product_brand","embeddable":true,"href":"http:\/\/www.bioslab.rs\/apoteka\/wp-json\/wp\/v2\/product_brand?post=89"},{"taxonomy":"product_cat","embeddable":true,"href":"http:\/\/www.bioslab.rs\/apoteka\/wp-json\/wp\/v2\/product_cat?post=89"},{"taxonomy":"product_tag","embeddable":true,"href":"http:\/\/www.bioslab.rs\/apoteka\/wp-json\/wp\/v2\/product_tag?post=89"}],"curies":[{"name":"wp","href":"https:\/\/api.w.org\/{rel}","templated":true}]}}