{"id":415,"date":"2025-03-12T09:42:52","date_gmt":"2025-03-12T09:42:52","guid":{"rendered":"https:\/\/www.bioslab.rs\/apoteka\/?post_type=product&#038;p=415"},"modified":"2025-03-12T09:42:52","modified_gmt":"2025-03-12T09:42:52","slug":"max-k-med","status":"publish","type":"product","link":"http:\/\/www.bioslab.rs\/apoteka\/product\/max-k-med\/","title":{"rendered":"Max K Med"},"content":{"rendered":"<div id=\"ez-toc-container\" class=\"ez-toc-v2_0_82_2 counter-hierarchy ez-toc-counter ez-toc-grey ez-toc-container-direction\">\n<div class=\"ez-toc-title-container\">\n<p class=\"ez-toc-title\" style=\"cursor:inherit\">Pregled sadr\u017eaja<\/p>\n<span class=\"ez-toc-title-toggle\"><a href=\"#\" class=\"ez-toc-pull-right ez-toc-btn ez-toc-btn-xs ez-toc-btn-default ez-toc-toggle\" aria-label=\"Toggle Table of Content\"><span class=\"ez-toc-js-icon-con\"><span class=\"\"><span class=\"eztoc-hide\" style=\"display:none;\">Toggle<\/span><span class=\"ez-toc-icon-toggle-span\"><svg style=\"fill: #999;color:#999\" xmlns=\"http:\/\/www.w3.org\/2000\/svg\" class=\"list-377408\" width=\"20px\" height=\"20px\" viewBox=\"0 0 24 24\" fill=\"none\"><path d=\"M6 6H4v2h2V6zm14 0H8v2h12V6zM4 11h2v2H4v-2zm16 0H8v2h12v-2zM4 16h2v2H4v-2zm16 0H8v2h12v-2z\" fill=\"currentColor\"><\/path><\/svg><svg style=\"fill: #999;color:#999\" class=\"arrow-unsorted-368013\" xmlns=\"http:\/\/www.w3.org\/2000\/svg\" width=\"10px\" height=\"10px\" viewBox=\"0 0 24 24\" version=\"1.2\" baseProfile=\"tiny\"><path d=\"M18.2 9.3l-6.2-6.3-6.2 6.3c-.2.2-.3.4-.3.7s.1.5.3.7c.2.2.4.3.7.3h11c.3 0 .5-.1.7-.3.2-.2.3-.5.3-.7s-.1-.5-.3-.7zM5.8 14.7l6.2 6.3 6.2-6.3c.2-.2.3-.5.3-.7s-.1-.5-.3-.7c-.2-.2-.4-.3-.7-.3h-11c-.3 0-.5.1-.7.3-.2.2-.3.5-.3.7s.1.5.3.7z\"\/><\/svg><\/span><\/span><\/span><\/a><\/span><\/div>\n<nav><ul class='ez-toc-list ez-toc-list-level-1 eztoc-toggle-hide-by-default' ><li class='ez-toc-page-1 ez-toc-heading-level-2'><a class=\"ez-toc-link ez-toc-heading-1\" href=\"http:\/\/www.bioslab.rs\/apoteka\/product\/max-k-med\/#Max_K_Med_%E2%80%93_Iskustva_i_misljenja\" >Max K Med &#8211; Iskustva i mi\u0161ljenja<\/a><\/li><li class='ez-toc-page-1 ez-toc-heading-level-2'><a class=\"ez-toc-link ez-toc-heading-2\" href=\"http:\/\/www.bioslab.rs\/apoteka\/product\/max-k-med\/#Max_K_Med_%E2%80%93_Sastav_i_sastojci\" >Max K Med &#8211; Sastav i sastojci<\/a><\/li><li class='ez-toc-page-1 ez-toc-heading-level-2'><a class=\"ez-toc-link ez-toc-heading-3\" href=\"http:\/\/www.bioslab.rs\/apoteka\/product\/max-k-med\/#Max_K_Med_%E2%80%93_Prednosti_i_rezultati\" >Max K Med &#8211; Prednosti i rezultati<\/a><\/li><li class='ez-toc-page-1 ez-toc-heading-level-2'><a class=\"ez-toc-link ez-toc-heading-4\" href=\"http:\/\/www.bioslab.rs\/apoteka\/product\/max-k-med\/#Gde_kupiti_Max_K_Med_u_Srbiji_Apoteka_DM_Lilly\" >Gde kupiti Max K Med u Srbiji? Apoteka, DM, Lilly<\/a><\/li><li class='ez-toc-page-1 ez-toc-heading-level-2'><a class=\"ez-toc-link ez-toc-heading-5\" href=\"http:\/\/www.bioslab.rs\/apoteka\/product\/max-k-med\/#Koliko_kosta_Max_K_Med_Cena\" >Koliko ko\u0161ta Max K Med? Cena<\/a><\/li><li class='ez-toc-page-1 ez-toc-heading-level-2'><a class=\"ez-toc-link ez-toc-heading-6\" href=\"http:\/\/www.bioslab.rs\/apoteka\/product\/max-k-med\/#Kako_se_koristi_Max_K_Med_Uputstvo_za_upotrebu\" >Kako se koristi Max K Med? Uputstvo za upotrebu<\/a><\/li><li class='ez-toc-page-1 ez-toc-heading-level-2'><a class=\"ez-toc-link ez-toc-heading-7\" href=\"http:\/\/www.bioslab.rs\/apoteka\/product\/max-k-med\/#Max_K_Med_%E2%80%93_Kontraindikacije_i_nezeljeni_efekti\" >Max K Med &#8211; Kontraindikacije i ne\u017eeljeni efekti<\/a><\/li><\/ul><\/nav><\/div>\n<p class=\"text-body font-regular leading-[24px] pt-[9px] pb-[2px]\" dir=\"ltr\">Max K Med su kapsule za potenciju koje spadaju u kategoriju dijetetskih suplemenata. Dizajniran je da pobolj\u0161a seksualnu snagu, vitalnost i samopouzdanje kod mu\u0161karaca. Zahvaljuju\u0107i svom specifi\u010dnom i prirodnom sastavu, ovaj suplement predstavlja sigurno i efikasno re\u0161enje za mnoge koji se suo\u010davaju sa pote\u0161ko\u0107ama u seksualnom \u017eivotu.<\/p>\n<p class=\"text-body font-regular leading-[24px] pt-[9px] pb-[2px]\" dir=\"ltr\">Ono \u0161to Max K Med \u010dini posebnim jeste njegova sposobnost da ne samo trenutno pobolj\u0161a seksualnu mo\u0107, ve\u0107 i da pozitivno uti\u010de na celokupnu energiju i izdr\u017eljivost. Kada se koristi prema uputstvima, rezultati mogu biti izuzetno o\u010digledni.<\/p>\n<h2 class=\"font-bold text-h3 leading-[40px] pt-[21px] pb-[2px] [&amp;_a]:underline-offset-[6px] [&amp;_.underline]:underline-offset-[6px]\" dir=\"ltr\"><span class=\"ez-toc-section\" id=\"Max_K_Med_%E2%80%93_Iskustva_i_misljenja\"><\/span>Max K Med &#8211; Iskustva i mi\u0161ljenja<span class=\"ez-toc-section-end\"><\/span><\/h2>\n<p class=\"text-body font-regular leading-[24px] pt-[9px] pb-[2px]\" dir=\"ltr\">Iskustva korisnika Max K Med-a su uglavnom pozitivna. Mnogi isti\u010du da su primetili pobolj\u0161anje ve\u0107 nakon nekoliko dana kori\u0161\u0107enja. Evo nekoliko komentara zadovoljnih korisnika:<\/p>\n<ul class=\"pt-[9px] pb-[2px] pl-[24px] list-disc [&amp;_ul]:pt-[5px] pt-[5px]\">\n<li class=\"text-body font-regular leading-[24px] my-[5px] [&amp;&gt;ol]:!pt-0 [&amp;&gt;ol]:!pb-0 [&amp;&gt;ul]:!pt-0 [&amp;&gt;ul]:!pb-0\" value=\"1\"><b><strong class=\"font-bold\">Milan, 42 godine<\/strong><\/b> &#8211; &#8222;Ose\u0107ao sam se iscrpljeno i umorno, ali uz Max K Med, primetio sam pove\u0107anu energiju i vitalnost. Moj seksualni \u017eivot se znatno pobolj\u0161ao.&#8220;<\/li>\n<li class=\"text-body font-regular leading-[24px] my-[5px] [&amp;&gt;ol]:!pt-0 [&amp;&gt;ol]:!pb-0 [&amp;&gt;ul]:!pt-0 [&amp;&gt;ul]:!pb-0\" value=\"2\"><b><strong class=\"font-bold\">Igor, 37 godina<\/strong><\/b> &#8211; &#8222;Nisam bio siguran da li \u0107e raditi, ali rezultati su \u010dak prema\u0161ili moja o\u010dekivanja. Pored \u0161to je pobolj\u0161ao potenciju, ose\u0107am se generalno mnogo bolje.&#8220;<\/li>\n<li class=\"text-body font-regular leading-[24px] my-[5px] [&amp;&gt;ol]:!pt-0 [&amp;&gt;ol]:!pb-0 [&amp;&gt;ul]:!pt-0 [&amp;&gt;ul]:!pb-0\" value=\"3\"><b><strong class=\"font-bold\">Nenad, 50 godina<\/strong><\/b> &#8211; &#8222;Posle godina borbe, kona\u010dno sam prona\u0161ao ne\u0161to \u0161to radi bez nuspojava. Preporu\u010dujem svakome!&#8220;<\/li>\n<\/ul>\n<p class=\"text-body font-regular leading-[24px] pt-[9px] pb-[2px]\" dir=\"ltr\">Ovakvi utisci jasno ukazuju na efikasnost proizvoda i zadovoljstvo korisnika.<\/p>\n<h2 class=\"font-bold text-h3 leading-[40px] pt-[21px] pb-[2px] [&amp;_a]:underline-offset-[6px] [&amp;_.underline]:underline-offset-[6px]\" dir=\"ltr\"><span class=\"ez-toc-section\" id=\"Max_K_Med_%E2%80%93_Sastav_i_sastojci\"><\/span>Max K Med &#8211; Sastav i sastojci<span class=\"ez-toc-section-end\"><\/span><\/h2>\n<p class=\"text-body font-regular leading-[24px] pt-[9px] pb-[2px]\" dir=\"ltr\">Jedna od najve\u0107ih prednosti Max K Med-a je njegov pa\u017eljivo odabran prirodni sastav. Evo \u0161ta se nalazi u ovim kapsulama i kako svaki sastojak doprinosi njihovoj efikasnosti:<\/p>\n<ul class=\"pt-[9px] pb-[2px] pl-[24px] list-disc [&amp;_ul]:pt-[5px] pt-[5px]\">\n<li class=\"text-body font-regular leading-[24px] my-[5px] [&amp;&gt;ol]:!pt-0 [&amp;&gt;ol]:!pb-0 [&amp;&gt;ul]:!pt-0 [&amp;&gt;ul]:!pb-0\" value=\"1\"><b><strong class=\"font-bold\">Ekstrakt korena ginsenga<\/strong><\/b> &#8211; Ginseng je poznat po svom revitaliziraju\u0107em dejstvu. Ovaj sastojak pove\u0107ava energiju, pobolj\u0161ava cirkulaciju i poma\u017ee u smanjenju stresa.<\/li>\n<li class=\"text-body font-regular leading-[24px] my-[5px] [&amp;&gt;ol]:!pt-0 [&amp;&gt;ol]:!pb-0 [&amp;&gt;ul]:!pt-0 [&amp;&gt;ul]:!pb-0\" value=\"2\"><b><strong class=\"font-bold\">L-arginin<\/strong><\/b> &#8211; Aminokiselina koja podr\u017eava proizvodnju azotnog oksida, doprinosi boljem protoku krvi i na taj na\u010din pozitivno uti\u010de na potenciju.<\/li>\n<li class=\"text-body font-regular leading-[24px] my-[5px] [&amp;&gt;ol]:!pt-0 [&amp;&gt;ol]:!pb-0 [&amp;&gt;ul]:!pt-0 [&amp;&gt;ul]:!pb-0\" value=\"3\"><b><strong class=\"font-bold\">Ekstrakt semenki bundeve<\/strong><\/b> &#8211; Prirodni izvor cinka koji igra klju\u010dnu ulogu u odr\u017eavanju zdravog nivoa testosterona.<\/li>\n<li class=\"text-body font-regular leading-[24px] my-[5px] [&amp;&gt;ol]:!pt-0 [&amp;&gt;ol]:!pb-0 [&amp;&gt;ul]:!pt-0 [&amp;&gt;ul]:!pb-0\" value=\"4\"><b><strong class=\"font-bold\">Korena maka<\/strong><\/b> &#8211; Biljka za koju se veruje da pru\u017ea pove\u0107anu energiju i libido. Tako\u0111e doprinosi hormonalnoj ravnote\u017ei.<\/li>\n<li class=\"text-body font-regular leading-[24px] my-[5px] [&amp;&gt;ol]:!pt-0 [&amp;&gt;ol]:!pb-0 [&amp;&gt;ul]:!pt-0 [&amp;&gt;ul]:!pb-0\" value=\"5\"><b><strong class=\"font-bold\">Tribulus terrestris<\/strong><\/b> &#8211; Ova biljka podr\u017eava lu\u010denje testosterona, \u0161to mo\u017ee doprineti pove\u0107anju seksualne \u017eelje i performansi.<\/li>\n<\/ul>\n<p class=\"text-body font-regular leading-[24px] pt-[9px] pb-[2px]\" dir=\"ltr\">Zajedno, ovi sastojci \u010dine Max K Med izuzetno efikasnim suplementom za mu\u0161ku seksualnu snagu i vitalnost.<\/p>\n<h2 class=\"font-bold text-h3 leading-[40px] pt-[21px] pb-[2px] [&amp;_a]:underline-offset-[6px] [&amp;_.underline]:underline-offset-[6px]\" dir=\"ltr\"><span class=\"ez-toc-section\" id=\"Max_K_Med_%E2%80%93_Prednosti_i_rezultati\"><\/span>Max K Med &#8211; Prednosti i rezultati<span class=\"ez-toc-section-end\"><\/span><\/h2>\n<p class=\"text-body font-regular leading-[24px] pt-[9px] pb-[2px]\" dir=\"ltr\">Max K Med nudi brojne prednosti, uklju\u010duju\u0107i:<\/p>\n<ul class=\"pt-[9px] pb-[2px] pl-[24px] list-disc [&amp;_ul]:pt-[5px] pt-[5px]\">\n<li class=\"text-body font-regular leading-[24px] my-[5px] [&amp;&gt;ol]:!pt-0 [&amp;&gt;ol]:!pb-0 [&amp;&gt;ul]:!pt-0 [&amp;&gt;ul]:!pb-0\" value=\"1\"><b><strong class=\"font-bold\">Pove\u0107ana potencija:<\/strong><\/b> Pobolj\u0161ava erekciju i ukupne performanse.<\/li>\n<li class=\"text-body font-regular leading-[24px] my-[5px] [&amp;&gt;ol]:!pt-0 [&amp;&gt;ol]:!pb-0 [&amp;&gt;ul]:!pt-0 [&amp;&gt;ul]:!pb-0\" value=\"2\"><b><strong class=\"font-bold\">Pove\u0107ana energija i izdr\u017eljivost:<\/strong><\/b> Daje mu\u0161ku energiju potrebnu za aktivan i zadovoljavaju\u0107 \u017eivot.<\/li>\n<li class=\"text-body font-regular leading-[24px] my-[5px] [&amp;&gt;ol]:!pt-0 [&amp;&gt;ol]:!pb-0 [&amp;&gt;ul]:!pt-0 [&amp;&gt;ul]:!pb-0\" value=\"3\"><b><strong class=\"font-bold\">Hormonska ravnote\u017ea:<\/strong><\/b> Podr\u017eava proizvodnju testosterona, klju\u010dnog hormona za mu\u0161ko zdravlje.<\/li>\n<li class=\"text-body font-regular leading-[24px] my-[5px] [&amp;&gt;ol]:!pt-0 [&amp;&gt;ol]:!pb-0 [&amp;&gt;ul]:!pt-0 [&amp;&gt;ul]:!pb-0\" value=\"4\"><b><strong class=\"font-bold\">Prirodan pristup:<\/strong><\/b> Bez ve\u0161ta\u010dkih aditiva i hemikalija, \u0161to ga \u010dini sigurnim za dugotrajnu upotrebu.<\/li>\n<\/ul>\n<p class=\"text-body font-regular leading-[24px] pt-[9px] pb-[2px]\" dir=\"ltr\">Rezultati se obi\u010dno prime\u0107uju ve\u0107 nakon nekoliko dana kori\u0161\u0107enja, dok se maksimalni efekti postignu redovnim uzimanjem kroz du\u017ei vremenski period.<\/p>\n<h2 class=\"font-bold text-h3 leading-[40px] pt-[21px] pb-[2px] [&amp;_a]:underline-offset-[6px] [&amp;_.underline]:underline-offset-[6px]\" dir=\"ltr\"><span class=\"ez-toc-section\" id=\"Gde_kupiti_Max_K_Med_u_Srbiji_Apoteka_DM_Lilly\"><\/span>Gde kupiti Max K Med u Srbiji? Apoteka, DM, Lilly<span class=\"ez-toc-section-end\"><\/span><\/h2>\n<p class=\"text-body font-regular leading-[24px] pt-[9px] pb-[2px]\" dir=\"ltr\">Max K Med se ne mo\u017ee na\u0107i u apotekama, DM-u ili Lilly-ju. Mo\u017ee se kupiti isklju\u010divo na zvani\u010dnoj veb stranici proizvo\u0111a\u010da. Razlog za ovakav model prodaje je garancija autenti\u010dnosti i kvaliteta proizvoda, kao i izbegavanje posrednika koji bi podigli cenu.<\/p>\n<p class=\"text-body font-regular leading-[24px] pt-[9px] pb-[2px]\" dir=\"ltr\">Narud\u017eba je jednostavna, pouzdana i diskretna, \u0161to je od posebnog zna\u010daja za mnoge korisnike.<\/p>\n<h2 class=\"font-bold text-h3 leading-[40px] pt-[21px] pb-[2px] [&amp;_a]:underline-offset-[6px] [&amp;_.underline]:underline-offset-[6px]\" dir=\"ltr\"><span class=\"ez-toc-section\" id=\"Koliko_kosta_Max_K_Med_Cena\"><\/span>Koliko ko\u0161ta Max K Med? Cena<span class=\"ez-toc-section-end\"><\/span><\/h2>\n<p class=\"text-body font-regular leading-[24px] pt-[9px] pb-[2px]\" dir=\"ltr\">Cena Max K Med kapsula iznosi <b><strong class=\"font-bold\">3700 dinara<\/strong><\/b>. Iako mo\u017ee izgledati skuplje u pore\u0111enju sa nekim suplementima, kvalitetan sastav i dugoro\u010dni rezultati svakako opravdavaju ovu cenu.<\/p>\n<p class=\"text-body font-regular leading-[24px] pt-[9px] pb-[2px]\" dir=\"ltr\">Povremeno se nude i posebni popusti i promocije isklju\u010divo na zvani\u010dnoj stranici, pa vredi pratiti dostupne ponude.<\/p>\n<h2 class=\"font-bold text-h3 leading-[40px] pt-[21px] pb-[2px] [&amp;_a]:underline-offset-[6px] [&amp;_.underline]:underline-offset-[6px]\" dir=\"ltr\"><span class=\"ez-toc-section\" id=\"Kako_se_koristi_Max_K_Med_Uputstvo_za_upotrebu\"><\/span>Kako se koristi Max K Med? Uputstvo za upotrebu<span class=\"ez-toc-section-end\"><\/span><\/h2>\n<p class=\"text-body font-regular leading-[24px] pt-[9px] pb-[2px]\" dir=\"ltr\">Max K Med se koristi jednostavno i efikasno. Preporu\u010duje se uzimanje <b><strong class=\"font-bold\">jedne kapsule dnevno<\/strong><\/b>, uz obrok. U zavisnosti od individualnih potreba i ciljeva, doza se mo\u017ee prilagoditi, ali je najva\u017enije da se ne prekora\u010di preporu\u010dena dnevna koli\u010dina.<\/p>\n<h2 class=\"font-bold text-h3 leading-[40px] pt-[21px] pb-[2px] [&amp;_a]:underline-offset-[6px] [&amp;_.underline]:underline-offset-[6px]\" dir=\"ltr\"><span class=\"ez-toc-section\" id=\"Max_K_Med_%E2%80%93_Kontraindikacije_i_nezeljeni_efekti\"><\/span>Max K Med &#8211; Kontraindikacije i ne\u017eeljeni efekti<span class=\"ez-toc-section-end\"><\/span><\/h2>\n<p class=\"text-body font-regular leading-[24px] pt-[9px] pb-[2px]\" dir=\"ltr\">Iako je Max K Med napravljen od prirodnih sastojaka, nije pogodan za decu, kao ni za osobe koje su alergi\u010dne na bilo koji od sastojaka.<\/p>\n<p class=\"text-body font-regular leading-[24px] pt-[9px] pb-[2px]\" dir=\"ltr\">Preporu\u010duje se konsultacija sa lekarom ukoliko imate specifi\u010dne zdravstvene probleme ili uzimate druge lekove.<\/p>\n","protected":false},"excerpt":{"rendered":"<p>Max K Med su kapsule za potenciju koje spadaju u kategoriju dijetetskih suplemenata. Dizajniran je da pobolj\u0161a seksualnu snagu, vitalnost [&hellip;]<\/p>\n","protected":false},"featured_media":416,"template":"","meta":{"site-sidebar-layout":"default","site-content-layout":"","ast-site-content-layout":"default","site-content-style":"default","site-sidebar-style":"default","ast-global-header-display":"","ast-banner-title-visibility":"","ast-main-header-display":"","ast-hfb-above-header-display":"","ast-hfb-below-header-display":"","ast-hfb-mobile-header-display":"","site-post-title":"","ast-breadcrumbs-content":"","ast-featured-img":"","footer-sml-layout":"","ast-disable-related-posts":"","theme-transparent-header-meta":"default","adv-header-id-meta":"","stick-header-meta":"","header-above-stick-meta":"","header-main-stick-meta":"","header-below-stick-meta":"","astra-migrate-meta-layouts":"set","ast-page-background-enabled":"default","ast-page-background-meta":{"desktop":{"background-color":"var(--ast-global-color-4)","background-image":"","background-repeat":"repeat","background-position":"center center","background-size":"auto","background-attachment":"scroll","background-type":"","background-media":"","overlay-type":"","overlay-color":"","overlay-opacity":"","overlay-gradient":""},"tablet":{"background-color":"","background-image":"","background-repeat":"repeat","background-position":"center center","background-size":"auto","background-attachment":"scroll","background-type":"","background-media":"","overlay-type":"","overlay-color":"","overlay-opacity":"","overlay-gradient":""},"mobile":{"background-color":"","background-image":"","background-repeat":"repeat","background-position":"center center","background-size":"auto","background-attachment":"scroll","background-type":"","background-media":"","overlay-type":"","overlay-color":"","overlay-opacity":"","overlay-gradient":""}},"ast-content-background-meta":{"desktop":{"background-color":"var(--ast-global-color-5)","background-image":"","background-repeat":"repeat","background-position":"center center","background-size":"auto","background-attachment":"scroll","background-type":"","background-media":"","overlay-type":"","overlay-color":"","overlay-opacity":"","overlay-gradient":""},"tablet":{"background-color":"var(--ast-global-color-5)","background-image":"","background-repeat":"repeat","background-position":"center center","background-size":"auto","background-attachment":"scroll","background-type":"","background-media":"","overlay-type":"","overlay-color":"","overlay-opacity":"","overlay-gradient":""},"mobile":{"background-color":"var(--ast-global-color-5)","background-image":"","background-repeat":"repeat","background-position":"center center","background-size":"auto","background-attachment":"scroll","background-type":"","background-media":"","overlay-type":"","overlay-color":"","overlay-opacity":"","overlay-gradient":""}},"iawp_total_views":320},"product_brand":[],"product_cat":[20],"product_tag":[],"class_list":{"0":"post-415","1":"product","2":"type-product","3":"status-publish","4":"has-post-thumbnail","6":"product_cat-potencija","7":"desktop-align-left","8":"tablet-align-left","9":"mobile-align-left","11":"first","12":"instock","13":"sale","14":"shipping-taxable","15":"purchasable","16":"product-type-simple"},"yoast_head":"<!-- This site is optimized with the Yoast SEO plugin v27.5 - https:\/\/yoast.com\/product\/yoast-seo-wordpress\/ -->\n<title>Max K Med - Svet Dodataka Prehrani<\/title>\n<meta name=\"robots\" content=\"index, follow, max-snippet:-1, max-image-preview:large, max-video-preview:-1\" \/>\n<link rel=\"canonical\" href=\"http:\/\/www.bioslab.rs\/apoteka\/product\/max-k-med\/\" \/>\n<meta property=\"og:locale\" content=\"sr_RS\" \/>\n<meta property=\"og:type\" content=\"article\" \/>\n<meta property=\"og:title\" content=\"Max K Med - Svet Dodataka Prehrani\" \/>\n<meta property=\"og:description\" content=\"Max K Med su kapsule za potenciju koje spadaju u kategoriju dijetetskih suplemenata. Dizajniran je da pobolj\u0161a seksualnu snagu, vitalnost [&hellip;]\" \/>\n<meta property=\"og:url\" content=\"http:\/\/www.bioslab.rs\/apoteka\/product\/max-k-med\/\" \/>\n<meta property=\"og:site_name\" content=\"Svet Dodataka Prehrani\" \/>\n<meta property=\"article:publisher\" content=\"https:\/\/www.facebook.com\/www.bioslab.rs\/\" \/>\n<meta property=\"og:image\" content=\"http:\/\/www.bioslab.rs\/apoteka\/wp-content\/uploads\/2025\/03\/max-k-med.jpg\" \/>\n\t<meta property=\"og:image:width\" content=\"250\" \/>\n\t<meta property=\"og:image:height\" content=\"300\" \/>\n\t<meta property=\"og:image:type\" content=\"image\/jpeg\" \/>\n<meta name=\"twitter:card\" content=\"summary_large_image\" \/>\n<meta name=\"twitter:label1\" content=\"\u041f\u0440\u043e\u0446\u0435\u045a\u0435\u043d\u043e \u0432\u0440\u0435\u043c\u0435 \u0447\u0438\u0442\u0430\u045a\u0430\" \/>\n\t<meta name=\"twitter:data1\" content=\"4 \u043c\u0438\u043d\u0443\u0442\u0430\" \/>\n<script type=\"application\/ld+json\" class=\"yoast-schema-graph\">{\"@context\":\"https:\\\/\\\/schema.org\",\"@graph\":[{\"@type\":\"WebPage\",\"@id\":\"http:\\\/\\\/www.bioslab.rs\\\/apoteka\\\/product\\\/max-k-med\\\/\",\"url\":\"http:\\\/\\\/www.bioslab.rs\\\/apoteka\\\/product\\\/max-k-med\\\/\",\"name\":\"Max K Med - Svet Dodataka Prehrani\",\"isPartOf\":{\"@id\":\"https:\\\/\\\/www.bioslab.rs\\\/apoteka\\\/#website\"},\"primaryImageOfPage\":{\"@id\":\"http:\\\/\\\/www.bioslab.rs\\\/apoteka\\\/product\\\/max-k-med\\\/#primaryimage\"},\"image\":{\"@id\":\"http:\\\/\\\/www.bioslab.rs\\\/apoteka\\\/product\\\/max-k-med\\\/#primaryimage\"},\"thumbnailUrl\":\"http:\\\/\\\/www.bioslab.rs\\\/apoteka\\\/wp-content\\\/uploads\\\/2025\\\/03\\\/max-k-med.jpg\",\"datePublished\":\"2025-03-12T09:42:52+00:00\",\"breadcrumb\":{\"@id\":\"http:\\\/\\\/www.bioslab.rs\\\/apoteka\\\/product\\\/max-k-med\\\/#breadcrumb\"},\"inLanguage\":\"sr-RS\",\"potentialAction\":[{\"@type\":\"ReadAction\",\"target\":[\"http:\\\/\\\/www.bioslab.rs\\\/apoteka\\\/product\\\/max-k-med\\\/\"]}]},{\"@type\":\"ImageObject\",\"inLanguage\":\"sr-RS\",\"@id\":\"http:\\\/\\\/www.bioslab.rs\\\/apoteka\\\/product\\\/max-k-med\\\/#primaryimage\",\"url\":\"http:\\\/\\\/www.bioslab.rs\\\/apoteka\\\/wp-content\\\/uploads\\\/2025\\\/03\\\/max-k-med.jpg\",\"contentUrl\":\"http:\\\/\\\/www.bioslab.rs\\\/apoteka\\\/wp-content\\\/uploads\\\/2025\\\/03\\\/max-k-med.jpg\",\"width\":250,\"height\":300,\"caption\":\"max k med\"},{\"@type\":\"BreadcrumbList\",\"@id\":\"http:\\\/\\\/www.bioslab.rs\\\/apoteka\\\/product\\\/max-k-med\\\/#breadcrumb\",\"itemListElement\":[{\"@type\":\"ListItem\",\"position\":1,\"name\":\"Home\",\"item\":\"https:\\\/\\\/www.bioslab.rs\\\/apoteka\\\/\"},{\"@type\":\"ListItem\",\"position\":2,\"name\":\"Dodaci Prehrani\",\"item\":\"https:\\\/\\\/www.bioslab.rs\\\/apoteka\\\/\"},{\"@type\":\"ListItem\",\"position\":3,\"name\":\"Max K Med\"}]},{\"@type\":\"WebSite\",\"@id\":\"https:\\\/\\\/www.bioslab.rs\\\/apoteka\\\/#website\",\"url\":\"https:\\\/\\\/www.bioslab.rs\\\/apoteka\\\/\",\"name\":\"Srbija Apoteka\",\"description\":\"\",\"potentialAction\":[{\"@type\":\"SearchAction\",\"target\":{\"@type\":\"EntryPoint\",\"urlTemplate\":\"https:\\\/\\\/www.bioslab.rs\\\/apoteka\\\/?s={search_term_string}\"},\"query-input\":{\"@type\":\"PropertyValueSpecification\",\"valueRequired\":true,\"valueName\":\"search_term_string\"}}],\"inLanguage\":\"sr-RS\"}]}<\/script>\n<!-- \/ Yoast SEO plugin. -->","yoast_head_json":{"title":"Max K Med - Svet Dodataka Prehrani","robots":{"index":"index","follow":"follow","max-snippet":"max-snippet:-1","max-image-preview":"max-image-preview:large","max-video-preview":"max-video-preview:-1"},"canonical":"http:\/\/www.bioslab.rs\/apoteka\/product\/max-k-med\/","og_locale":"sr_RS","og_type":"article","og_title":"Max K Med - Svet Dodataka Prehrani","og_description":"Max K Med su kapsule za potenciju koje spadaju u kategoriju dijetetskih suplemenata. Dizajniran je da pobolj\u0161a seksualnu snagu, vitalnost [&hellip;]","og_url":"http:\/\/www.bioslab.rs\/apoteka\/product\/max-k-med\/","og_site_name":"Svet Dodataka Prehrani","article_publisher":"https:\/\/www.facebook.com\/www.bioslab.rs\/","og_image":[{"width":250,"height":300,"url":"http:\/\/www.bioslab.rs\/apoteka\/wp-content\/uploads\/2025\/03\/max-k-med.jpg","type":"image\/jpeg"}],"twitter_card":"summary_large_image","twitter_misc":{"\u041f\u0440\u043e\u0446\u0435\u045a\u0435\u043d\u043e \u0432\u0440\u0435\u043c\u0435 \u0447\u0438\u0442\u0430\u045a\u0430":"4 \u043c\u0438\u043d\u0443\u0442\u0430"},"schema":{"@context":"https:\/\/schema.org","@graph":[{"@type":"WebPage","@id":"http:\/\/www.bioslab.rs\/apoteka\/product\/max-k-med\/","url":"http:\/\/www.bioslab.rs\/apoteka\/product\/max-k-med\/","name":"Max K Med - Svet Dodataka Prehrani","isPartOf":{"@id":"https:\/\/www.bioslab.rs\/apoteka\/#website"},"primaryImageOfPage":{"@id":"http:\/\/www.bioslab.rs\/apoteka\/product\/max-k-med\/#primaryimage"},"image":{"@id":"http:\/\/www.bioslab.rs\/apoteka\/product\/max-k-med\/#primaryimage"},"thumbnailUrl":"http:\/\/www.bioslab.rs\/apoteka\/wp-content\/uploads\/2025\/03\/max-k-med.jpg","datePublished":"2025-03-12T09:42:52+00:00","breadcrumb":{"@id":"http:\/\/www.bioslab.rs\/apoteka\/product\/max-k-med\/#breadcrumb"},"inLanguage":"sr-RS","potentialAction":[{"@type":"ReadAction","target":["http:\/\/www.bioslab.rs\/apoteka\/product\/max-k-med\/"]}]},{"@type":"ImageObject","inLanguage":"sr-RS","@id":"http:\/\/www.bioslab.rs\/apoteka\/product\/max-k-med\/#primaryimage","url":"http:\/\/www.bioslab.rs\/apoteka\/wp-content\/uploads\/2025\/03\/max-k-med.jpg","contentUrl":"http:\/\/www.bioslab.rs\/apoteka\/wp-content\/uploads\/2025\/03\/max-k-med.jpg","width":250,"height":300,"caption":"max k med"},{"@type":"BreadcrumbList","@id":"http:\/\/www.bioslab.rs\/apoteka\/product\/max-k-med\/#breadcrumb","itemListElement":[{"@type":"ListItem","position":1,"name":"Home","item":"https:\/\/www.bioslab.rs\/apoteka\/"},{"@type":"ListItem","position":2,"name":"Dodaci Prehrani","item":"https:\/\/www.bioslab.rs\/apoteka\/"},{"@type":"ListItem","position":3,"name":"Max K Med"}]},{"@type":"WebSite","@id":"https:\/\/www.bioslab.rs\/apoteka\/#website","url":"https:\/\/www.bioslab.rs\/apoteka\/","name":"Srbija Apoteka","description":"","potentialAction":[{"@type":"SearchAction","target":{"@type":"EntryPoint","urlTemplate":"https:\/\/www.bioslab.rs\/apoteka\/?s={search_term_string}"},"query-input":{"@type":"PropertyValueSpecification","valueRequired":true,"valueName":"search_term_string"}}],"inLanguage":"sr-RS"}]}},"_links":{"self":[{"href":"http:\/\/www.bioslab.rs\/apoteka\/wp-json\/wp\/v2\/product\/415","targetHints":{"allow":["GET"]}}],"collection":[{"href":"http:\/\/www.bioslab.rs\/apoteka\/wp-json\/wp\/v2\/product"}],"about":[{"href":"http:\/\/www.bioslab.rs\/apoteka\/wp-json\/wp\/v2\/types\/product"}],"wp:featuredmedia":[{"embeddable":true,"href":"http:\/\/www.bioslab.rs\/apoteka\/wp-json\/wp\/v2\/media\/416"}],"wp:attachment":[{"href":"http:\/\/www.bioslab.rs\/apoteka\/wp-json\/wp\/v2\/media?parent=415"}],"wp:term":[{"taxonomy":"product_brand","embeddable":true,"href":"http:\/\/www.bioslab.rs\/apoteka\/wp-json\/wp\/v2\/product_brand?post=415"},{"taxonomy":"product_cat","embeddable":true,"href":"http:\/\/www.bioslab.rs\/apoteka\/wp-json\/wp\/v2\/product_cat?post=415"},{"taxonomy":"product_tag","embeddable":true,"href":"http:\/\/www.bioslab.rs\/apoteka\/wp-json\/wp\/v2\/product_tag?post=415"}],"curies":[{"name":"wp","href":"https:\/\/api.w.org\/{rel}","templated":true}]}}