{"id":177,"date":"2024-08-10T16:08:28","date_gmt":"2024-08-10T16:08:28","guid":{"rendered":"https:\/\/www.bioslab.rs\/apoteka\/?post_type=product&#038;p=177"},"modified":"2024-10-16T15:33:40","modified_gmt":"2024-10-16T15:33:40","slug":"prenutra","status":"publish","type":"product","link":"http:\/\/www.bioslab.rs\/apoteka\/product\/prenutra\/","title":{"rendered":"PreNutra"},"content":{"rendered":"<div id=\"ez-toc-container\" class=\"ez-toc-v2_0_82_2 counter-hierarchy ez-toc-counter ez-toc-grey ez-toc-container-direction\">\n<div class=\"ez-toc-title-container\">\n<p class=\"ez-toc-title\" style=\"cursor:inherit\">Pregled sadr\u017eaja<\/p>\n<span class=\"ez-toc-title-toggle\"><a href=\"#\" class=\"ez-toc-pull-right ez-toc-btn ez-toc-btn-xs ez-toc-btn-default ez-toc-toggle\" aria-label=\"Toggle Table of Content\"><span class=\"ez-toc-js-icon-con\"><span class=\"\"><span class=\"eztoc-hide\" style=\"display:none;\">Toggle<\/span><span class=\"ez-toc-icon-toggle-span\"><svg style=\"fill: #999;color:#999\" xmlns=\"http:\/\/www.w3.org\/2000\/svg\" class=\"list-377408\" width=\"20px\" height=\"20px\" viewBox=\"0 0 24 24\" fill=\"none\"><path d=\"M6 6H4v2h2V6zm14 0H8v2h12V6zM4 11h2v2H4v-2zm16 0H8v2h12v-2zM4 16h2v2H4v-2zm16 0H8v2h12v-2z\" fill=\"currentColor\"><\/path><\/svg><svg style=\"fill: #999;color:#999\" class=\"arrow-unsorted-368013\" xmlns=\"http:\/\/www.w3.org\/2000\/svg\" width=\"10px\" height=\"10px\" viewBox=\"0 0 24 24\" version=\"1.2\" baseProfile=\"tiny\"><path d=\"M18.2 9.3l-6.2-6.3-6.2 6.3c-.2.2-.3.4-.3.7s.1.5.3.7c.2.2.4.3.7.3h11c.3 0 .5-.1.7-.3.2-.2.3-.5.3-.7s-.1-.5-.3-.7zM5.8 14.7l6.2 6.3 6.2-6.3c.2-.2.3-.5.3-.7s-.1-.5-.3-.7c-.2-.2-.4-.3-.7-.3h-11c-.3 0-.5.1-.7.3-.2.2-.3.5-.3.7s.1.5.3.7z\"\/><\/svg><\/span><\/span><\/span><\/a><\/span><\/div>\n<nav><ul class='ez-toc-list ez-toc-list-level-1 eztoc-toggle-hide-by-default' ><li class='ez-toc-page-1 ez-toc-heading-level-2'><a class=\"ez-toc-link ez-toc-heading-1\" href=\"http:\/\/www.bioslab.rs\/apoteka\/product\/prenutra\/#Kako_funkcionise_PreNutra\" >Kako funkcioni\u0161e PreNutra?<\/a><\/li><li class='ez-toc-page-1 ez-toc-heading-level-2'><a class=\"ez-toc-link ez-toc-heading-2\" href=\"http:\/\/www.bioslab.rs\/apoteka\/product\/prenutra\/#PreNutra_%E2%80%93_Iskustva_i_misljenja\" >PreNutra &#8211; Iskustva i mi\u0161ljenja<\/a><\/li><li class='ez-toc-page-1 ez-toc-heading-level-2'><a class=\"ez-toc-link ez-toc-heading-3\" href=\"http:\/\/www.bioslab.rs\/apoteka\/product\/prenutra\/#PreNutra_%E2%80%93_Sastav_i_sastojci\" >PreNutra &#8211; Sastav i sastojci<\/a><\/li><li class='ez-toc-page-1 ez-toc-heading-level-2'><a class=\"ez-toc-link ez-toc-heading-4\" href=\"http:\/\/www.bioslab.rs\/apoteka\/product\/prenutra\/#PreNutra_%E2%80%93_Prednosti_i_rezultati\" >PreNutra &#8211; Prednosti i rezultati<\/a><\/li><li class='ez-toc-page-1 ez-toc-heading-level-2'><a class=\"ez-toc-link ez-toc-heading-5\" href=\"http:\/\/www.bioslab.rs\/apoteka\/product\/prenutra\/#Gde_kupiti_PreNutra_u_Srbiji_Apoteka_DM_Lilly\" >Gde kupiti PreNutra u Srbiji? Apoteka, DM, Lilly<\/a><\/li><li class='ez-toc-page-1 ez-toc-heading-level-2'><a class=\"ez-toc-link ez-toc-heading-6\" href=\"http:\/\/www.bioslab.rs\/apoteka\/product\/prenutra\/#Koliko_kosta_PreNutra_Cena\" >Koliko ko\u0161ta PreNutra? Cena<\/a><\/li><li class='ez-toc-page-1 ez-toc-heading-level-2'><a class=\"ez-toc-link ez-toc-heading-7\" href=\"http:\/\/www.bioslab.rs\/apoteka\/product\/prenutra\/#Kako_se_koristi_PreNutra_Uputstvo_za_upotrebu\" >Kako se koristi PreNutra? Uputstvo za upotrebu<\/a><\/li><li class='ez-toc-page-1 ez-toc-heading-level-2'><a class=\"ez-toc-link ez-toc-heading-8\" href=\"http:\/\/www.bioslab.rs\/apoteka\/product\/prenutra\/#PreNutra_%E2%80%93_Kontraindikacije_i_nezeljeni_efekti\" >PreNutra &#8211; Kontraindikacije i ne\u017eeljeni efekti<\/a><\/li><\/ul><\/nav><\/div>\n<p class=\"text-body font-regular leading-[24px] pt-[9px] pb-[2px]\" dir=\"ltr\">PreNutra je prirodni dijetetski proizvod u obliku \u010daja, pa\u017eljivo formulisan da podr\u017ei zdravlje trudnica. Ovaj biljni napitak je bez glutena, \u0161to ga \u010dini pogodnim za sve one koji se odlu\u010duju za ishranu oslobo\u0111enu glutena. Kao dodatni bonus, PreNutra nije namenjen samo trudnicama, ve\u0107 ga bez brige mogu koristiti i dojilje, pru\u017eaju\u0107i im dodatnu podr\u0161ku u periodu dojenja.<\/p>\n<p class=\"text-body font-regular leading-[24px] pt-[9px] pb-[2px]\" dir=\"ltr\">Ovaj \u010daj je osmi\u0161ljen da bude jednostavan za kori\u0161\u0107enje, a njegova formula kombinuje tradicionalne biljne sastojke koji su poznati po svojim blagotvornim efektima. PreNutra je mnogo vi\u0161e od obi\u010dnog \u010daja; to je podr\u0161ka va\u0161em zdravlju tokom jednog od najva\u017enijih perioda u va\u0161em \u017eivotu.<\/p>\n<h2 class=\"font-bold text-h3 leading-[36px] pt-[21px] pb-[2px] [&amp;_a]:underline-offset-[6px] [&amp;_.underline]:underline-offset-[6px]\" dir=\"ltr\"><span class=\"ez-toc-section\" id=\"Kako_funkcionise_PreNutra\"><\/span>Kako funkcioni\u0161e PreNutra?<span class=\"ez-toc-section-end\"><\/span><\/h2>\n<p class=\"text-body font-regular leading-[24px] pt-[9px] pb-[2px]\" dir=\"ltr\">PreNutra \u010daj funkcioni\u0161e kao prirodni saveznik trudnica, podr\u017eavaju\u0107i ih kroz razli\u010dite faze trudno\u0107e. Zahvaljuju\u0107i pa\u017eljivo odabranim biljnim sastojcima, ovaj \u010daj poma\u017ee u odr\u017eavanju optimalnog zdravlja i dobrobiti. Jedan od glavnih na\u010dina na koji PreNutra funkcioni\u0161e jeste pobolj\u0161anje probave, koja \u010desto mo\u017ee biti izazov tokom trudno\u0107e.<\/p>\n<p class=\"text-body font-regular leading-[24px] pt-[9px] pb-[2px]\" dir=\"ltr\">Kombinovanjem sastojaka koji smiruju i ja\u010daju telo, PreNutra doprinosi opu\u0161tanju i smanjenju stresa, \u0161to je klju\u010dno za zdravu trudno\u0107u. Tako\u0111e, ovaj \u010daj mo\u017ee pomo\u0107i u ubla\u017eavanju uobi\u010dajenih tegoba kao \u0161to su mu\u010dnina i nadutost, \u010dime doprinosi ugodnijem iskustvu tokom trudno\u0107e.<\/p>\n<p style=\"text-align: center;\"><a href=\"https:\/\/kshop2.biz\/rN17UH\/\"><button type=\"button\">NARU\u010cI PRENUTRA<\/button><\/a><\/p>\n<h2 class=\"font-bold text-h3 leading-[36px] pt-[21px] pb-[2px] [&amp;_a]:underline-offset-[6px] [&amp;_.underline]:underline-offset-[6px]\" dir=\"ltr\"><span class=\"ez-toc-section\" id=\"PreNutra_%E2%80%93_Iskustva_i_misljenja\"><\/span>PreNutra &#8211; Iskustva i mi\u0161ljenja<span class=\"ez-toc-section-end\"><\/span><\/h2>\n<p class=\"text-body font-regular leading-[24px] pt-[9px] pb-[2px]\" dir=\"ltr\">Korisni\u010dke recenzije za PreNutra \u010daj su prete\u017eno pozitivne, a mnoge \u017eene isti\u010du blagodeti koje su osetile tokom kori\u0161\u0107enja. Evo \u0161ta neki od korisnika ka\u017eu:<\/p>\n<p class=\"text-body font-regular leading-[24px] pt-[9px] pb-[2px]\" dir=\"ltr\">&#8222;PreNutra mi je pomogla da se ose\u0107am opu\u0161tenije, a mu\u010dnina koju sam stalno imala je zna\u010dajno smanjena.&#8220; \u2013 Marija, 30 godina<\/p>\n<p class=\"text-body font-regular leading-[24px] pt-[9px] pb-[2px]\" dir=\"ltr\">&#8222;Nakon nekoliko dana kori\u0161\u0107enja, primetila sam kako mi se nivo energije pove\u0107ava, a ose\u0107aj te\u017eine u stomaku se smanjio.&#8220; \u2013 Ana, 28 godina<\/p>\n<p class=\"text-body font-regular leading-[24px] pt-[9px] pb-[2px]\" dir=\"ltr\">&#8222;Preporu\u010dujem ovaj \u010daj svakoj trudnici. To je prirodan na\u010din da podr\u017eite svoje telo bez brige o \u0161tetnim sastojcima.&#8220; \u2013 Jelena, 32 godine<\/p>\n<h2 class=\"font-bold text-h3 leading-[36px] pt-[21px] pb-[2px] [&amp;_a]:underline-offset-[6px] [&amp;_.underline]:underline-offset-[6px]\" dir=\"ltr\"><span class=\"ez-toc-section\" id=\"PreNutra_%E2%80%93_Sastav_i_sastojci\"><\/span>PreNutra &#8211; Sastav i sastojci<span class=\"ez-toc-section-end\"><\/span><\/h2>\n<p class=\"text-body font-regular leading-[24px] pt-[9px] pb-[2px]\" dir=\"ltr\">PreNutra \u010daj je formulisan sa pa\u017eljivo odabranim biljnim sastojcima koji su poznati po svojoj efikasnosti i bezbednosti tokom trudno\u0107e:<\/p>\n<ul class=\"pt-[9px] pb-[2px] pl-[24px] list-disc [&amp;_ul]:pt-[5px] pt-[5px]\">\n<li class=\"text-body font-regular leading-[24px] my-[5px] [&amp;&gt;ol]:!pt-0 [&amp;&gt;ol]:!pb-0 [&amp;&gt;ul]:!pt-0 [&amp;&gt;ul]:!pb-0\" value=\"1\"><b><strong class=\"font-bold\">Plod \u0161ipka (Rosa canina)<\/strong><\/b> \u2013 Bogat vitaminom C, \u0161ipak podr\u017eava imuni sistem i poma\u017ee u borbi protiv infekcija.<\/li>\n<li class=\"text-body font-regular leading-[24px] my-[5px] [&amp;&gt;ol]:!pt-0 [&amp;&gt;ol]:!pb-0 [&amp;&gt;ul]:!pt-0 [&amp;&gt;ul]:!pb-0\" value=\"2\"><b><strong class=\"font-bold\">List mati\u010dnjaka (Melissa officinalis)<\/strong><\/b> \u2013 Poznat po svojim umiruju\u0107im svojstvima, mati\u010dnjak poma\u017ee u smanjenju stresa i anksioznosti.<\/li>\n<li class=\"text-body font-regular leading-[24px] my-[5px] [&amp;&gt;ol]:!pt-0 [&amp;&gt;ol]:!pb-0 [&amp;&gt;ul]:!pt-0 [&amp;&gt;ul]:!pb-0\" value=\"3\"><b><strong class=\"font-bold\">List masla\u010dka (Tarakacum officinalis)<\/strong><\/b> \u2013 Bogat vitaminima i mineralima, masla\u010dak poma\u017ee u eliminaciji toksina i podr\u017eava rad jetre.<\/li>\n<li class=\"text-body font-regular leading-[24px] my-[5px] [&amp;&gt;ol]:!pt-0 [&amp;&gt;ol]:!pb-0 [&amp;&gt;ul]:!pt-0 [&amp;&gt;ul]:!pb-0\" value=\"4\"><b><strong class=\"font-bold\">Cvet kamilice (Chamomilla flos)<\/strong><\/b> \u2013 Tradicionalno kori\u0161\u0107en za smirenje i pobolj\u0161anje sna, kamilica poma\u017ee u opu\u0161tanju tela.<\/li>\n<li class=\"text-body font-regular leading-[24px] my-[5px] [&amp;&gt;ol]:!pt-0 [&amp;&gt;ol]:!pb-0 [&amp;&gt;ul]:!pt-0 [&amp;&gt;ul]:!pb-0\" value=\"5\"><b><strong class=\"font-bold\">List nane (Mentha piperita)<\/strong><\/b> \u2013 Poma\u017ee u smanjenju mu\u010dnine i pobolj\u0161anju probave, \u010dine\u0107i trudnicu boljim i ugodnijim.<\/li>\n<li class=\"text-body font-regular leading-[24px] my-[5px] [&amp;&gt;ol]:!pt-0 [&amp;&gt;ol]:!pb-0 [&amp;&gt;ul]:!pt-0 [&amp;&gt;ul]:!pb-0\" value=\"6\"><b><strong class=\"font-bold\">Koren \u0111umbira (Zingiber officinalis)<\/strong><\/b> \u2013 Poznat po svojim antiinflamatornim svojstvima, \u0111umbir poma\u017ee u smanjenju mu\u010dnine i povra\u0107anja.<\/li>\n<\/ul>\n<h2 class=\"font-bold text-h3 leading-[36px] pt-[21px] pb-[2px] [&amp;_a]:underline-offset-[6px] [&amp;_.underline]:underline-offset-[6px]\" dir=\"ltr\"><span class=\"ez-toc-section\" id=\"PreNutra_%E2%80%93_Prednosti_i_rezultati\"><\/span>PreNutra &#8211; Prednosti i rezultati<span class=\"ez-toc-section-end\"><\/span><\/h2>\n<p class=\"text-body font-regular leading-[24px] pt-[9px] pb-[2px]\" dir=\"ltr\">Jedna od najve\u0107ih prednosti PreNutra \u010daja je njegova sposobnost da pru\u017ei prirodnu podr\u0161ku trudnicama na vi\u0161e nivoa. Poma\u017ee u pobolj\u0161anju probave, smanjenju stresa i opu\u0161tanju tela, \u0161to je izuzetno va\u017eno za zdravu trudno\u0107u.<\/p>\n<p class=\"text-body font-regular leading-[24px] pt-[9px] pb-[2px]\" dir=\"ltr\">Rezultati kori\u0161\u0107enja PreNutra \u010daja su brzo vidljivi, a mnoge trudnice prime\u0107uju pobolj\u0161anja u svom op\u0161tem stanju ve\u0107 nakon nekoliko dana kori\u0161\u0107enja. Ovaj \u010daj ne samo da poma\u017ee u fizi\u010dkom smislu, ve\u0107 doprinosi i emocionalnom blagostanju, \u010dine\u0107i trudnicama \u017eivot prijatnijim.<\/p>\n<h2 class=\"font-bold text-h3 leading-[36px] pt-[21px] pb-[2px] [&amp;_a]:underline-offset-[6px] [&amp;_.underline]:underline-offset-[6px]\" dir=\"ltr\"><span class=\"ez-toc-section\" id=\"Gde_kupiti_PreNutra_u_Srbiji_Apoteka_DM_Lilly\"><\/span>Gde kupiti PreNutra u Srbiji? Apoteka, DM, Lilly<span class=\"ez-toc-section-end\"><\/span><\/h2>\n<p class=\"text-body font-regular leading-[24px] pt-[9px] pb-[2px]\" dir=\"ltr\">PreNutra \u010daj se mo\u017ee kupiti isklju\u010divo na veb stranici proizvo\u0111a\u010da. Ova odluka je doneta kako bi se obezbedilo da korisnici dobiju originalan proizvod najvi\u0161eg kvaliteta. Kupovina direktno od proizvo\u0111a\u010da garantuje autenti\u010dnost i omogu\u0107ava korisnicima da u\u017eivaju u svim benefitima koje PreNutra nudi.<\/p>\n<p class=\"text-body font-regular leading-[24px] pt-[9px] pb-[2px]\" dir=\"ltr\">Za sve zainteresovane, poseta zvani\u010dnoj veb stranici omogu\u0107ava jednostavnu i sigurnu kupovinu, uz mogu\u0107nost dostave direktno na ku\u0107nu adresu.<\/p>\n<h2 class=\"font-bold text-h3 leading-[36px] pt-[21px] pb-[2px] [&amp;_a]:underline-offset-[6px] [&amp;_.underline]:underline-offset-[6px]\" dir=\"ltr\"><span class=\"ez-toc-section\" id=\"Koliko_kosta_PreNutra_Cena\"><\/span>Koliko ko\u0161ta PreNutra? Cena<span class=\"ez-toc-section-end\"><\/span><\/h2>\n<p class=\"text-body font-regular leading-[24px] pt-[9px] pb-[2px]\" dir=\"ltr\">Cena jednog pakovanja PreNutra \u010daja iznosi 3700 dinara. Ova cena odra\u017eava visok kvalitet sastojaka i pa\u017eljivu formulaciju koja je usmerena na pru\u017eanje maksimalne podr\u0161ke trudnicama. Jedno pakovanje je dovoljno za mese\u010dnu upotrebu, \u0161to ga \u010dini pristupa\u010dnom i dugoro\u010dnom investicijom u zdravlje.<\/p>\n<h2 class=\"font-bold text-h3 leading-[36px] pt-[21px] pb-[2px] [&amp;_a]:underline-offset-[6px] [&amp;_.underline]:underline-offset-[6px]\" dir=\"ltr\"><span class=\"ez-toc-section\" id=\"Kako_se_koristi_PreNutra_Uputstvo_za_upotrebu\"><\/span>Kako se koristi PreNutra? Uputstvo za upotrebu<span class=\"ez-toc-section-end\"><\/span><\/h2>\n<p class=\"text-body font-regular leading-[24px] pt-[9px] pb-[2px]\" dir=\"ltr\">Priprema PreNutra \u010daja je jednostavna i prikladna za svakodnevnu upotrebu. Za pripremu jedne \u0161olje, potopite jednu ka\u0161i\u010dicu \u010daja u 2 dl vode, prokuvajte do klju\u010danja, i ostavite da se ohladi 10-15 minuta u poklopljenoj posudi uz povremeno me\u0161anje. Nakon toga, \u010daj procedite i u\u017eivajte u njemu toplom ili hladnom, prema va\u0161oj \u017eelji.<\/p>\n<p class=\"text-body font-regular leading-[24px] pt-[9px] pb-[2px]\" dir=\"ltr\">Ako \u017eelite, mo\u017eete dodati \u0161e\u0107er, zasla\u0111iva\u010d ili mleko. Za optimalne rezultate, preporu\u010duje se konzumacija 2-3 \u0161olje dnevno. Ovo pakovanje je dovoljno za mesec dana upotrebe, pru\u017eaju\u0107i vam kontinuiranu podr\u0161ku.<\/p>\n<h2 class=\"font-bold text-h3 leading-[36px] pt-[21px] pb-[2px] [&amp;_a]:underline-offset-[6px] [&amp;_.underline]:underline-offset-[6px]\" dir=\"ltr\"><span class=\"ez-toc-section\" id=\"PreNutra_%E2%80%93_Kontraindikacije_i_nezeljeni_efekti\"><\/span>PreNutra &#8211; Kontraindikacije i ne\u017eeljeni efekti<span class=\"ez-toc-section-end\"><\/span><\/h2>\n<p class=\"text-body font-regular leading-[24px] pt-[9px] pb-[2px]\" dir=\"ltr\">Iako je PreNutra bezbedan za ve\u0107inu trudnica, postoje odre\u0111ene situacije u kojima je potrebno konsultovati se sa svojim lekarom pre kori\u0161\u0107enja ovog proizvoda. Ako nosite trudno\u0107u visokog rizika ili koristite razre\u0111iva\u010de krvi, savetuje se dodatna pa\u017enja.<\/p>\n<p class=\"text-body font-regular leading-[24px] pt-[9px] pb-[2px]\" dir=\"ltr\">Uvek je najbolje da se posavetujete sa stru\u010dnjakom pre nego \u0161to u svoju rutinu uvedete bilo koji novi proizvod, posebno tokom trudno\u0107e.<\/p>\n<p style=\"text-align: center;\"><a href=\"https:\/\/kshop2.biz\/rN17UH\/\"><button type=\"button\">NARU\u010cI PRENUTRA<\/button><\/a><\/p>\n","protected":false},"excerpt":{"rendered":"<p>PreNutra je prirodni dijetetski proizvod u obliku \u010daja, pa\u017eljivo formulisan da podr\u017ei zdravlje trudnica. Ovaj biljni napitak je bez glutena, [&hellip;]<\/p>\n","protected":false},"featured_media":178,"template":"","meta":{"site-sidebar-layout":"default","site-content-layout":"","ast-site-content-layout":"default","site-content-style":"default","site-sidebar-style":"default","ast-global-header-display":"","ast-banner-title-visibility":"","ast-main-header-display":"","ast-hfb-above-header-display":"","ast-hfb-below-header-display":"","ast-hfb-mobile-header-display":"","site-post-title":"","ast-breadcrumbs-content":"","ast-featured-img":"","footer-sml-layout":"","ast-disable-related-posts":"","theme-transparent-header-meta":"default","adv-header-id-meta":"","stick-header-meta":"","header-above-stick-meta":"","header-main-stick-meta":"","header-below-stick-meta":"","astra-migrate-meta-layouts":"set","ast-page-background-enabled":"default","ast-page-background-meta":{"desktop":{"background-color":"var(--ast-global-color-4)","background-image":"","background-repeat":"repeat","background-position":"center center","background-size":"auto","background-attachment":"scroll","background-type":"","background-media":"","overlay-type":"","overlay-color":"","overlay-opacity":"","overlay-gradient":""},"tablet":{"background-color":"","background-image":"","background-repeat":"repeat","background-position":"center center","background-size":"auto","background-attachment":"scroll","background-type":"","background-media":"","overlay-type":"","overlay-color":"","overlay-opacity":"","overlay-gradient":""},"mobile":{"background-color":"","background-image":"","background-repeat":"repeat","background-position":"center center","background-size":"auto","background-attachment":"scroll","background-type":"","background-media":"","overlay-type":"","overlay-color":"","overlay-opacity":"","overlay-gradient":""}},"ast-content-background-meta":{"desktop":{"background-color":"var(--ast-global-color-5)","background-image":"","background-repeat":"repeat","background-position":"center center","background-size":"auto","background-attachment":"scroll","background-type":"","background-media":"","overlay-type":"","overlay-color":"","overlay-opacity":"","overlay-gradient":""},"tablet":{"background-color":"var(--ast-global-color-5)","background-image":"","background-repeat":"repeat","background-position":"center center","background-size":"auto","background-attachment":"scroll","background-type":"","background-media":"","overlay-type":"","overlay-color":"","overlay-opacity":"","overlay-gradient":""},"mobile":{"background-color":"var(--ast-global-color-5)","background-image":"","background-repeat":"repeat","background-position":"center center","background-size":"auto","background-attachment":"scroll","background-type":"","background-media":"","overlay-type":"","overlay-color":"","overlay-opacity":"","overlay-gradient":""}},"iawp_total_views":1443},"product_brand":[],"product_cat":[15],"product_tag":[],"class_list":{"0":"post-177","1":"product","2":"type-product","3":"status-publish","4":"has-post-thumbnail","6":"product_cat-zdravlje","7":"desktop-align-left","8":"tablet-align-left","9":"mobile-align-left","11":"first","12":"instock","13":"sale","14":"shipping-taxable","15":"purchasable","16":"product-type-simple"},"yoast_head":"<!-- This site is optimized with the Yoast SEO plugin v27.5 - https:\/\/yoast.com\/product\/yoast-seo-wordpress\/ -->\n<title>PreNutra - Svet Dodataka Prehrani<\/title>\n<meta name=\"robots\" content=\"index, follow, max-snippet:-1, max-image-preview:large, max-video-preview:-1\" \/>\n<link rel=\"canonical\" href=\"https:\/\/www.bioslab.rs\/apoteka\/product\/prenutra\/\" \/>\n<meta property=\"og:locale\" content=\"sr_RS\" \/>\n<meta property=\"og:type\" content=\"article\" \/>\n<meta property=\"og:title\" content=\"PreNutra - Svet Dodataka Prehrani\" \/>\n<meta property=\"og:description\" content=\"PreNutra je prirodni dijetetski proizvod u obliku \u010daja, pa\u017eljivo formulisan da podr\u017ei zdravlje trudnica. Ovaj biljni napitak je bez glutena, [&hellip;]\" \/>\n<meta property=\"og:url\" content=\"https:\/\/www.bioslab.rs\/apoteka\/product\/prenutra\/\" \/>\n<meta property=\"og:site_name\" content=\"Svet Dodataka Prehrani\" \/>\n<meta property=\"article:publisher\" content=\"https:\/\/www.facebook.com\/www.bioslab.rs\/\" \/>\n<meta property=\"article:modified_time\" content=\"2024-10-16T15:33:40+00:00\" \/>\n<meta property=\"og:image\" content=\"https:\/\/www.bioslab.rs\/apoteka\/wp-content\/uploads\/2024\/08\/prenutra.jpg\" \/>\n\t<meta property=\"og:image:width\" content=\"250\" \/>\n\t<meta property=\"og:image:height\" content=\"300\" \/>\n\t<meta property=\"og:image:type\" content=\"image\/jpeg\" \/>\n<meta name=\"twitter:card\" content=\"summary_large_image\" \/>\n<meta name=\"twitter:label1\" content=\"\u041f\u0440\u043e\u0446\u0435\u045a\u0435\u043d\u043e \u0432\u0440\u0435\u043c\u0435 \u0447\u0438\u0442\u0430\u045a\u0430\" \/>\n\t<meta name=\"twitter:data1\" content=\"5 \u043c\u0438\u043d\u0443\u0442\u0430\" \/>\n<script type=\"application\/ld+json\" class=\"yoast-schema-graph\">{\"@context\":\"https:\\\/\\\/schema.org\",\"@graph\":[{\"@type\":\"WebPage\",\"@id\":\"https:\\\/\\\/www.bioslab.rs\\\/apoteka\\\/product\\\/prenutra\\\/\",\"url\":\"https:\\\/\\\/www.bioslab.rs\\\/apoteka\\\/product\\\/prenutra\\\/\",\"name\":\"PreNutra - Svet Dodataka Prehrani\",\"isPartOf\":{\"@id\":\"https:\\\/\\\/www.bioslab.rs\\\/apoteka\\\/#website\"},\"primaryImageOfPage\":{\"@id\":\"https:\\\/\\\/www.bioslab.rs\\\/apoteka\\\/product\\\/prenutra\\\/#primaryimage\"},\"image\":{\"@id\":\"https:\\\/\\\/www.bioslab.rs\\\/apoteka\\\/product\\\/prenutra\\\/#primaryimage\"},\"thumbnailUrl\":\"http:\\\/\\\/www.bioslab.rs\\\/apoteka\\\/wp-content\\\/uploads\\\/2024\\\/08\\\/prenutra.jpg\",\"datePublished\":\"2024-08-10T16:08:28+00:00\",\"dateModified\":\"2024-10-16T15:33:40+00:00\",\"breadcrumb\":{\"@id\":\"https:\\\/\\\/www.bioslab.rs\\\/apoteka\\\/product\\\/prenutra\\\/#breadcrumb\"},\"inLanguage\":\"sr-RS\",\"potentialAction\":[{\"@type\":\"ReadAction\",\"target\":[\"https:\\\/\\\/www.bioslab.rs\\\/apoteka\\\/product\\\/prenutra\\\/\"]}]},{\"@type\":\"ImageObject\",\"inLanguage\":\"sr-RS\",\"@id\":\"https:\\\/\\\/www.bioslab.rs\\\/apoteka\\\/product\\\/prenutra\\\/#primaryimage\",\"url\":\"http:\\\/\\\/www.bioslab.rs\\\/apoteka\\\/wp-content\\\/uploads\\\/2024\\\/08\\\/prenutra.jpg\",\"contentUrl\":\"http:\\\/\\\/www.bioslab.rs\\\/apoteka\\\/wp-content\\\/uploads\\\/2024\\\/08\\\/prenutra.jpg\",\"width\":250,\"height\":300,\"caption\":\"prenutra\"},{\"@type\":\"BreadcrumbList\",\"@id\":\"https:\\\/\\\/www.bioslab.rs\\\/apoteka\\\/product\\\/prenutra\\\/#breadcrumb\",\"itemListElement\":[{\"@type\":\"ListItem\",\"position\":1,\"name\":\"Home\",\"item\":\"https:\\\/\\\/www.bioslab.rs\\\/apoteka\\\/\"},{\"@type\":\"ListItem\",\"position\":2,\"name\":\"Dodaci Prehrani\",\"item\":\"https:\\\/\\\/www.bioslab.rs\\\/apoteka\\\/\"},{\"@type\":\"ListItem\",\"position\":3,\"name\":\"PreNutra\"}]},{\"@type\":\"WebSite\",\"@id\":\"https:\\\/\\\/www.bioslab.rs\\\/apoteka\\\/#website\",\"url\":\"https:\\\/\\\/www.bioslab.rs\\\/apoteka\\\/\",\"name\":\"Srbija Apoteka\",\"description\":\"\",\"potentialAction\":[{\"@type\":\"SearchAction\",\"target\":{\"@type\":\"EntryPoint\",\"urlTemplate\":\"https:\\\/\\\/www.bioslab.rs\\\/apoteka\\\/?s={search_term_string}\"},\"query-input\":{\"@type\":\"PropertyValueSpecification\",\"valueRequired\":true,\"valueName\":\"search_term_string\"}}],\"inLanguage\":\"sr-RS\"}]}<\/script>\n<!-- \/ Yoast SEO plugin. -->","yoast_head_json":{"title":"PreNutra - Svet Dodataka Prehrani","robots":{"index":"index","follow":"follow","max-snippet":"max-snippet:-1","max-image-preview":"max-image-preview:large","max-video-preview":"max-video-preview:-1"},"canonical":"https:\/\/www.bioslab.rs\/apoteka\/product\/prenutra\/","og_locale":"sr_RS","og_type":"article","og_title":"PreNutra - Svet Dodataka Prehrani","og_description":"PreNutra je prirodni dijetetski proizvod u obliku \u010daja, pa\u017eljivo formulisan da podr\u017ei zdravlje trudnica. Ovaj biljni napitak je bez glutena, [&hellip;]","og_url":"https:\/\/www.bioslab.rs\/apoteka\/product\/prenutra\/","og_site_name":"Svet Dodataka Prehrani","article_publisher":"https:\/\/www.facebook.com\/www.bioslab.rs\/","article_modified_time":"2024-10-16T15:33:40+00:00","og_image":[{"width":250,"height":300,"url":"https:\/\/www.bioslab.rs\/apoteka\/wp-content\/uploads\/2024\/08\/prenutra.jpg","type":"image\/jpeg"}],"twitter_card":"summary_large_image","twitter_misc":{"\u041f\u0440\u043e\u0446\u0435\u045a\u0435\u043d\u043e \u0432\u0440\u0435\u043c\u0435 \u0447\u0438\u0442\u0430\u045a\u0430":"5 \u043c\u0438\u043d\u0443\u0442\u0430"},"schema":{"@context":"https:\/\/schema.org","@graph":[{"@type":"WebPage","@id":"https:\/\/www.bioslab.rs\/apoteka\/product\/prenutra\/","url":"https:\/\/www.bioslab.rs\/apoteka\/product\/prenutra\/","name":"PreNutra - Svet Dodataka Prehrani","isPartOf":{"@id":"https:\/\/www.bioslab.rs\/apoteka\/#website"},"primaryImageOfPage":{"@id":"https:\/\/www.bioslab.rs\/apoteka\/product\/prenutra\/#primaryimage"},"image":{"@id":"https:\/\/www.bioslab.rs\/apoteka\/product\/prenutra\/#primaryimage"},"thumbnailUrl":"http:\/\/www.bioslab.rs\/apoteka\/wp-content\/uploads\/2024\/08\/prenutra.jpg","datePublished":"2024-08-10T16:08:28+00:00","dateModified":"2024-10-16T15:33:40+00:00","breadcrumb":{"@id":"https:\/\/www.bioslab.rs\/apoteka\/product\/prenutra\/#breadcrumb"},"inLanguage":"sr-RS","potentialAction":[{"@type":"ReadAction","target":["https:\/\/www.bioslab.rs\/apoteka\/product\/prenutra\/"]}]},{"@type":"ImageObject","inLanguage":"sr-RS","@id":"https:\/\/www.bioslab.rs\/apoteka\/product\/prenutra\/#primaryimage","url":"http:\/\/www.bioslab.rs\/apoteka\/wp-content\/uploads\/2024\/08\/prenutra.jpg","contentUrl":"http:\/\/www.bioslab.rs\/apoteka\/wp-content\/uploads\/2024\/08\/prenutra.jpg","width":250,"height":300,"caption":"prenutra"},{"@type":"BreadcrumbList","@id":"https:\/\/www.bioslab.rs\/apoteka\/product\/prenutra\/#breadcrumb","itemListElement":[{"@type":"ListItem","position":1,"name":"Home","item":"https:\/\/www.bioslab.rs\/apoteka\/"},{"@type":"ListItem","position":2,"name":"Dodaci Prehrani","item":"https:\/\/www.bioslab.rs\/apoteka\/"},{"@type":"ListItem","position":3,"name":"PreNutra"}]},{"@type":"WebSite","@id":"https:\/\/www.bioslab.rs\/apoteka\/#website","url":"https:\/\/www.bioslab.rs\/apoteka\/","name":"Srbija Apoteka","description":"","potentialAction":[{"@type":"SearchAction","target":{"@type":"EntryPoint","urlTemplate":"https:\/\/www.bioslab.rs\/apoteka\/?s={search_term_string}"},"query-input":{"@type":"PropertyValueSpecification","valueRequired":true,"valueName":"search_term_string"}}],"inLanguage":"sr-RS"}]}},"_links":{"self":[{"href":"http:\/\/www.bioslab.rs\/apoteka\/wp-json\/wp\/v2\/product\/177","targetHints":{"allow":["GET"]}}],"collection":[{"href":"http:\/\/www.bioslab.rs\/apoteka\/wp-json\/wp\/v2\/product"}],"about":[{"href":"http:\/\/www.bioslab.rs\/apoteka\/wp-json\/wp\/v2\/types\/product"}],"wp:featuredmedia":[{"embeddable":true,"href":"http:\/\/www.bioslab.rs\/apoteka\/wp-json\/wp\/v2\/media\/178"}],"wp:attachment":[{"href":"http:\/\/www.bioslab.rs\/apoteka\/wp-json\/wp\/v2\/media?parent=177"}],"wp:term":[{"taxonomy":"product_brand","embeddable":true,"href":"http:\/\/www.bioslab.rs\/apoteka\/wp-json\/wp\/v2\/product_brand?post=177"},{"taxonomy":"product_cat","embeddable":true,"href":"http:\/\/www.bioslab.rs\/apoteka\/wp-json\/wp\/v2\/product_cat?post=177"},{"taxonomy":"product_tag","embeddable":true,"href":"http:\/\/www.bioslab.rs\/apoteka\/wp-json\/wp\/v2\/product_tag?post=177"}],"curies":[{"name":"wp","href":"https:\/\/api.w.org\/{rel}","templated":true}]}}